{"id":697579,"date":"2025-08-27T14:40:43","date_gmt":"2025-08-27T11:40:43","guid":{"rendered":"https:\/\/roveyayinevi.com.tr\/index.php\/urun\/hep-genc-kalacagim\/"},"modified":"2026-04-16T02:07:18","modified_gmt":"2026-04-15T23:07:18","slug":"hep-genc-kalacagim","status":"publish","type":"product","link":"https:\/\/roveyayinevi.com.tr\/index.php\/urun\/hep-genc-kalacagim\/","title":{"rendered":"Hep Gen\u00e7 Kalaca\u011f\u0131m"},"content":{"rendered":"<p>\u0130htiyarl\u0131\u011f\u0131mda \u00e7ekilmez bir adam olaca\u011f\u0131m hakk\u0131ndaki iltifat\u0131na te\u015fekk\u00fcr ederim. Ama bu tahminin do\u011fru \u00e7\u0131kmayacak san\u0131r\u0131m. \u00c7\u00fcnk\u00fc ihtiyarlayaca\u011f\u0131m\u0131 kim s\u00f6yledi. Hep gen\u00e7 kalaca\u011f\u0131m.Kitapta, Sabahattin Ali\u2019nin ailesine, arkada\u015flar\u0131na ve i\u015f ortaklar\u0131na yazd\u0131\u011f\u0131 mektuplarla , Sabahattin Ali\u2019ye ailesi, Naz\u0131m Hikmet, Esat Adil M\u00fcstecapl\u0131o\u011flu, Mehmet Ali Aybar, Mehmet Ali Cimcoz, Aziz Nesin, Melahat Togar, Ay\u015fe S\u0131tk\u0131 \u0130lhan, NihalAts\u0131z, Cemal Kutay, Samim Kocag\u00f6z ba\u015fta olmak \u00fczere arkada\u015flar\u0131 ve \u00f6\u011frencileri taraf\u0131ndan g\u00f6nderilen, Markopa\u015fa ve Yeni D\u00fcnya\u2019n\u0131n kurulu\u015funda yaz\u0131lan mektuplar ve resmi yaz\u0131\u015fmalar bulunmaktad\u0131r.Bu mektuplar\u0131n Sabahattin Ali\u2019nin edebi kimli\u011finin olu\u015fumuna \u0131\u015f\u0131k tutan metinler oldu\u011funu, okuduklar\u0131n\u0131, yazd\u0131klar\u0131n\u0131 ve yazacaklar\u0131n\u0131 anlatt\u0131\u011f\u0131 mektuplar\u0131n yazar\u0131n notlar\u0131 olarak da okunabilece\u011fini \u00f6zellikle belirtilmelidir.Hep Gen\u00e7 Kalaca\u011f\u0131m\u2019da bir araya getirilen mektuplar sadece Sabahattin Ali\u2019nin hayat\u0131na tan\u0131kl\u0131k etmekle kalm\u0131yor, Cumhuriyet\u2019in ilk on y\u0131l\u0131nda Ankara\u2019da ya\u015fam, II. D\u00fcnya Sava\u015f\u0131\u2019n\u0131n yaratt\u0131\u011f\u0131 ortam ve T\u00fcrkiye\u2019de giderek cad\u0131 av\u0131na d\u00f6n\u00fc\u015fen sol g\u00f6r\u00fc\u015fl\u00fc ki\u015filerin tutuklanmas\u0131 gibi pek \u00e7ok olayla ilgili tan\u0131kl\u0131klara da yer veriyor.<\/p>\n","protected":false},"excerpt":{"rendered":"<p>\u0130htiyarl\u0131\u011f\u0131mda \u00e7ekilmez bir adam olaca\u011f\u0131m hakk\u0131ndaki iltifat\u0131na te\u015fekk\u00fcr ederim. Ama bu tahminin do\u011fru \u00e7\u0131kmayacak san\u0131r\u0131m. \u00c7\u00fcnk\u00fc ihtiyarlayaca\u011f\u0131m\u0131 kim s\u00f6yledi. Hep gen\u00e7 kalaca\u011f\u0131m.Kitapta, Sabahattin Ali\u2019nin ailesine, arkada\u015flar\u0131na<span class=\"excerpt-hellip\"> [\u2026]<\/span><\/p>\n","protected":false},"featured_media":0,"template":"","meta":{"_monsterinsights_skip_tracking":false,"_monsterinsights_sitenote_active":false,"_monsterinsights_sitenote_note":"","_monsterinsights_sitenote_category":0},"product_brand":[],"product_cat":[12782,12291],"product_tag":[],"class_list":{"0":"post-697579","1":"product","2":"type-product","3":"status-publish","5":"product_cat-alman-edebiyati","6":"product_cat-edebiyat","7":"pa_cilt-ciltsiz","8":"pa_tur-kitap","9":"pa_yayinevi-yapi-kredi-yayinlari","10":"pa_yazar-sabahattin-ali","12":"first","13":"instock","14":"sale","15":"shipping-taxable","16":"purchasable","17":"product-type-simple"},"_links":{"self":[{"href":"https:\/\/roveyayinevi.com.tr\/index.php\/wp-json\/wp\/v2\/product\/697579","targetHints":{"allow":["GET"]}}],"collection":[{"href":"https:\/\/roveyayinevi.com.tr\/index.php\/wp-json\/wp\/v2\/product"}],"about":[{"href":"https:\/\/roveyayinevi.com.tr\/index.php\/wp-json\/wp\/v2\/types\/product"}],"wp:attachment":[{"href":"https:\/\/roveyayinevi.com.tr\/index.php\/wp-json\/wp\/v2\/media?parent=697579"}],"wp:term":[{"taxonomy":"product_brand","embeddable":true,"href":"https:\/\/roveyayinevi.com.tr\/index.php\/wp-json\/wp\/v2\/product_brand?post=697579"},{"taxonomy":"product_cat","embeddable":true,"href":"https:\/\/roveyayinevi.com.tr\/index.php\/wp-json\/wp\/v2\/product_cat?post=697579"},{"taxonomy":"product_tag","embeddable":true,"href":"https:\/\/roveyayinevi.com.tr\/index.php\/wp-json\/wp\/v2\/product_tag?post=697579"}],"curies":[{"name":"wp","href":"https:\/\/api.w.org\/{rel}","templated":true}]}}