{"id":697578,"date":"2025-08-27T14:40:43","date_gmt":"2025-08-27T11:40:43","guid":{"rendered":"https:\/\/roveyayinevi.com.tr\/index.php\/urun\/cahit-kulebi-butun-siirleri\/"},"modified":"2026-04-16T02:07:18","modified_gmt":"2026-04-15T23:07:18","slug":"cahit-kulebi-butun-siirleri","status":"publish","type":"product","link":"https:\/\/roveyayinevi.com.tr\/index.php\/urun\/cahit-kulebi-butun-siirleri\/","title":{"rendered":"Cahit K\u00fclebi &#8211; B\u00fct\u00fcn \u015eiirleri"},"content":{"rendered":"<p>B\u00fct\u00fcn \u015eiirleri Adam\u0131n Biri R\u00fczg\u00e2r Ye\u015feren Otlar Atat\u00fcrk Kurtulu\u015f Sava\u015f\u0131nda S\u00fct T\u00fcrk Mavisi Yang\u0131n G\u00fcz T\u00fcrk\u00fcleri &#8220;Cahit K\u00fclebi, ayd\u0131n bir saz \u015fairi i\u00e7tenli\u011fi, bir Karacao\u011flan rahatl\u0131\u011f\u0131 ve temiz bir dil ile, zaman zaman k\u00f6t\u00fcmser, g\u00fcvensiz, kendi t\u00fcrk\u00fcs\u00fcn\u00fc s\u00f6yledi. Yar\u0131m kafiyeler, i\u00e7 sesler, duygu ve d\u00fc\u015f\u00fcncelerine ekledi\u011fi zarif benzetmeler ve s\u00f6yleyi\u015findeki titizlikle en sevilen \u015fairler aras\u0131na girdi.&#8221; Beh\u00e7et Necatigil &#8220;Ben te\u015fbihten haz etmem&#8230; Ni\u00e7in \u015fiirlerini seviyorum? K\u00fclebi bu i\u015fi ustal\u0131kla idare etmesini biliyor da ondan. Onun ba\u015fka \u015fiirlerinde baz\u0131 te\u015fbihler g\u00f6rd\u00fcm, onlar\u0131 da sevdim&#8230; Bu te\u015fbihleri te\u015fbihten saymamak laz\u0131m. Burada te\u015fbih hudutlar\u0131n\u0131n d\u0131\u015f\u0131na \u00e7\u0131kan bir ifade kuvveti var&#8230; K\u00fclebi eskilerin mecaz-\u0131 urfi dedikleri halk mecazlar\u0131n\u0131 kullan\u0131yor. Bal gibi, mis gibi, g\u00fcl gibi v.b. Bu \u015fiir gelecek y\u0131llara Cahit K\u00fclebi devrinin bir tarihi olarak kalacak&#8230; K\u00fclebi\u2019nin \u015fiirlerini okumakla doyam\u0131yorum.&#8221; Orhan Veli Kan\u0131k &#8220;Humor &#8211; ses &#8211; ses&#8230; K\u00fclebi\u2019de temel \u00f6\u011fe m\u00fcziktir. K\u0131r\u0131n \u015fairi&#8230; Cahit K\u00fclebi T\u00fcrkiye co\u011frafyas\u0131n\u0131n \u015fiirini yaz\u0131yor. Hi\u00e7bir \u015fair \u015fiiri bitirmeyi Cahit K\u00fclebi gibi bilemez.&#8221; Cemal S\u00fcreya Benim do\u011fdu\u011fum k\u00f6ylerde \u015eimal r\u00fczg\u00e2rlar\u0131 eserdi, Hep bu y\u00fczden dudaklar\u0131m \u00e7atlakt\u0131r \u00d6p biraz! Sen T\u00fcrkiye gibi ayd\u0131nl\u0131k ve g\u00fczelsin! Benim do\u011fdu\u011fum k\u00f6yler de g\u00fczeldi Sen de anlat do\u011fdu\u011fun yerleri, Anlat biraz!  <\/p>\n","protected":false},"excerpt":{"rendered":"<p>B\u00fct\u00fcn \u015eiirleri Adam\u0131n Biri R\u00fczg\u00e2r Ye\u015feren Otlar Atat\u00fcrk Kurtulu\u015f Sava\u015f\u0131nda S\u00fct T\u00fcrk Mavisi Yang\u0131n G\u00fcz T\u00fcrk\u00fcleri &#8220;Cahit K\u00fclebi, ayd\u0131n bir saz \u015fairi i\u00e7tenli\u011fi, bir Karacao\u011flan rahatl\u0131\u011f\u0131<span class=\"excerpt-hellip\"> [\u2026]<\/span><\/p>\n","protected":false},"featured_media":0,"template":"","meta":{"_monsterinsights_skip_tracking":false,"_monsterinsights_sitenote_active":false,"_monsterinsights_sitenote_note":"","_monsterinsights_sitenote_category":0},"product_brand":[],"product_cat":[12291,12292],"product_tag":[],"class_list":{"0":"post-697578","1":"product","2":"type-product","3":"status-publish","5":"product_cat-edebiyat","6":"product_cat-turk-edebiyati","7":"pa_cilt-ciltsiz","8":"pa_tur-kitap","9":"pa_yayinevi-bilgi-yayinevi","10":"pa_yazar-cahit-kulebi","12":"first","13":"instock","14":"sale","15":"shipping-taxable","16":"purchasable","17":"product-type-simple"},"_links":{"self":[{"href":"https:\/\/roveyayinevi.com.tr\/index.php\/wp-json\/wp\/v2\/product\/697578","targetHints":{"allow":["GET"]}}],"collection":[{"href":"https:\/\/roveyayinevi.com.tr\/index.php\/wp-json\/wp\/v2\/product"}],"about":[{"href":"https:\/\/roveyayinevi.com.tr\/index.php\/wp-json\/wp\/v2\/types\/product"}],"wp:attachment":[{"href":"https:\/\/roveyayinevi.com.tr\/index.php\/wp-json\/wp\/v2\/media?parent=697578"}],"wp:term":[{"taxonomy":"product_brand","embeddable":true,"href":"https:\/\/roveyayinevi.com.tr\/index.php\/wp-json\/wp\/v2\/product_brand?post=697578"},{"taxonomy":"product_cat","embeddable":true,"href":"https:\/\/roveyayinevi.com.tr\/index.php\/wp-json\/wp\/v2\/product_cat?post=697578"},{"taxonomy":"product_tag","embeddable":true,"href":"https:\/\/roveyayinevi.com.tr\/index.php\/wp-json\/wp\/v2\/product_tag?post=697578"}],"curies":[{"name":"wp","href":"https:\/\/api.w.org\/{rel}","templated":true}]}}