{"id":697574,"date":"2025-08-27T14:40:42","date_gmt":"2025-08-27T11:40:42","guid":{"rendered":"https:\/\/roveyayinevi.com.tr\/index.php\/urun\/turgut-ozakman-butun-oyunlari-3-ah-su-gencler-hastane\/"},"modified":"2026-04-16T02:07:18","modified_gmt":"2026-04-15T23:07:18","slug":"turgut-ozakman-butun-oyunlari-3-ah-su-gencler-hastane","status":"publish","type":"product","link":"https:\/\/roveyayinevi.com.tr\/index.php\/urun\/turgut-ozakman-butun-oyunlari-3-ah-su-gencler-hastane\/","title":{"rendered":"Turgut \u00d6zakman B\u00fct\u00fcn Oyunlar\u0131 3 (Ah \u015eu Gen\u00e7ler, Hastane, &#8230;)"},"content":{"rendered":"<p>Turgut \u00d6zakman, &#8220;B\u00fct\u00fcn Oyunlar\u0131&#8221; dizisinin \u00fc\u00e7\u00fcnc\u00fc kitab\u0131nda gen\u00e7lerin birbirleriyle ve yeti\u015fkinlerle olan ili\u015fkilerindeki temel \u00e7at\u0131\u015fmalar bir kabare tiyatrosu \u00fcslubu i\u00e7inde bi\u00e7imlendirilmi\u015ftir. Kitapta yer alan sekiz oyundan biri olan Ah \u015eu Gen\u00e7ler oyununun ilk b\u00f6l\u00fcm\u00fcnde gen\u00e7lerin yeti\u015fkinlere, ikinci b\u00f6l\u00fcm\u00fcnde de yeti\u015fkinlerin gen\u00e7lere bak\u0131\u015f\u0131 dile getirilmektedir. Di\u011fer oyunlarda da toplumsal hayat\u0131m\u0131zda kar\u015f\u0131m\u0131za \u00e7\u0131kan baz\u0131 olgular ele\u015ftirel bir g\u00fcld\u00fcr\u00fc bi\u00e7iminde aktar\u0131lm\u0131\u015ft\u0131r. <\/p>\n","protected":false},"excerpt":{"rendered":"<p>Turgut \u00d6zakman, &#8220;B\u00fct\u00fcn Oyunlar\u0131&#8221; dizisinin \u00fc\u00e7\u00fcnc\u00fc kitab\u0131nda gen\u00e7lerin birbirleriyle ve yeti\u015fkinlerle olan ili\u015fkilerindeki temel \u00e7at\u0131\u015fmalar bir kabare tiyatrosu \u00fcslubu i\u00e7inde bi\u00e7imlendirilmi\u015ftir. Kitapta yer alan sekiz oyundan<span class=\"excerpt-hellip\"> [\u2026]<\/span><\/p>\n","protected":false},"featured_media":0,"template":"","meta":{"_monsterinsights_skip_tracking":false,"_monsterinsights_sitenote_active":false,"_monsterinsights_sitenote_note":"","_monsterinsights_sitenote_category":0},"product_brand":[],"product_cat":[12291,12332],"product_tag":[],"class_list":{"0":"post-697574","1":"product","2":"type-product","3":"status-publish","5":"product_cat-edebiyat","6":"product_cat-senaryo","7":"pa_cilt-ciltsiz","8":"pa_tur-kitap","9":"pa_yayinevi-bilgi-yayinevi","10":"pa_yazar-turgut-ozakman","12":"first","13":"instock","14":"sale","15":"shipping-taxable","16":"purchasable","17":"product-type-simple"},"_links":{"self":[{"href":"https:\/\/roveyayinevi.com.tr\/index.php\/wp-json\/wp\/v2\/product\/697574","targetHints":{"allow":["GET"]}}],"collection":[{"href":"https:\/\/roveyayinevi.com.tr\/index.php\/wp-json\/wp\/v2\/product"}],"about":[{"href":"https:\/\/roveyayinevi.com.tr\/index.php\/wp-json\/wp\/v2\/types\/product"}],"wp:attachment":[{"href":"https:\/\/roveyayinevi.com.tr\/index.php\/wp-json\/wp\/v2\/media?parent=697574"}],"wp:term":[{"taxonomy":"product_brand","embeddable":true,"href":"https:\/\/roveyayinevi.com.tr\/index.php\/wp-json\/wp\/v2\/product_brand?post=697574"},{"taxonomy":"product_cat","embeddable":true,"href":"https:\/\/roveyayinevi.com.tr\/index.php\/wp-json\/wp\/v2\/product_cat?post=697574"},{"taxonomy":"product_tag","embeddable":true,"href":"https:\/\/roveyayinevi.com.tr\/index.php\/wp-json\/wp\/v2\/product_tag?post=697574"}],"curies":[{"name":"wp","href":"https:\/\/api.w.org\/{rel}","templated":true}]}}