{"id":697571,"date":"2025-08-27T14:40:41","date_gmt":"2025-08-27T11:40:41","guid":{"rendered":"https:\/\/roveyayinevi.com.tr\/index.php\/urun\/bulbul-duduk\/"},"modified":"2026-04-08T02:09:58","modified_gmt":"2026-04-07T23:09:58","slug":"bulbul-duduk","status":"publish","type":"product","link":"https:\/\/roveyayinevi.com.tr\/index.php\/urun\/bulbul-duduk\/","title":{"rendered":"B\u00fclb\u00fcl D\u00fcd\u00fck"},"content":{"rendered":"<p>Sevgili \u00e7ocuklar, okuduktan sonra anne-baban\u0131za, \u201cBunu mutlaka siz de okuyun\u201d dedi\u011finiz bir kitap oldu mu? B\u00fclb\u00fcl D\u00fcd\u00fck o kitaplardan biri.10 milyonu bulan okuruyla, t\u00fckenmek bilmeyen enerjisiyle, g\u00fclmecenin sivri kalemi, \u00e7ocuklar\u0131n \u201cyazar dedesi\u201d Muzaffer \u0130zg\u00fc\u2019den \u00e7ok sevdi\u011fi \u00e7ocuklara arma\u011fan.<\/p>\n","protected":false},"excerpt":{"rendered":"<p>Sevgili \u00e7ocuklar, okuduktan sonra anne-baban\u0131za, \u201cBunu mutlaka siz de okuyun\u201d dedi\u011finiz bir kitap oldu mu? B\u00fclb\u00fcl D\u00fcd\u00fck o kitaplardan biri.10 milyonu bulan okuruyla, t\u00fckenmek bilmeyen enerjisiyle,<span class=\"excerpt-hellip\"> [\u2026]<\/span><\/p>\n","protected":false},"featured_media":0,"template":"","meta":{"_monsterinsights_skip_tracking":false,"_monsterinsights_sitenote_active":false,"_monsterinsights_sitenote_note":"","_monsterinsights_sitenote_category":0},"product_brand":[],"product_cat":[12275,12274],"product_tag":[],"class_list":{"0":"post-697571","1":"product","2":"type-product","3":"status-publish","5":"product_cat-6-12-yas-kitaplari","6":"product_cat-cocuk-ve-genclik-kitaplari","7":"pa_cilt-ciltsiz","8":"pa_tur-kitap","9":"pa_yayinevi-bilgi-yayinevi-cocuk","10":"pa_yazar-muzaffer-izgu","12":"first","13":"instock","14":"sale","15":"shipping-taxable","16":"purchasable","17":"product-type-simple"},"_links":{"self":[{"href":"https:\/\/roveyayinevi.com.tr\/index.php\/wp-json\/wp\/v2\/product\/697571","targetHints":{"allow":["GET"]}}],"collection":[{"href":"https:\/\/roveyayinevi.com.tr\/index.php\/wp-json\/wp\/v2\/product"}],"about":[{"href":"https:\/\/roveyayinevi.com.tr\/index.php\/wp-json\/wp\/v2\/types\/product"}],"wp:attachment":[{"href":"https:\/\/roveyayinevi.com.tr\/index.php\/wp-json\/wp\/v2\/media?parent=697571"}],"wp:term":[{"taxonomy":"product_brand","embeddable":true,"href":"https:\/\/roveyayinevi.com.tr\/index.php\/wp-json\/wp\/v2\/product_brand?post=697571"},{"taxonomy":"product_cat","embeddable":true,"href":"https:\/\/roveyayinevi.com.tr\/index.php\/wp-json\/wp\/v2\/product_cat?post=697571"},{"taxonomy":"product_tag","embeddable":true,"href":"https:\/\/roveyayinevi.com.tr\/index.php\/wp-json\/wp\/v2\/product_tag?post=697571"}],"curies":[{"name":"wp","href":"https:\/\/api.w.org\/{rel}","templated":true}]}}