{"id":697564,"date":"2025-08-27T14:40:39","date_gmt":"2025-08-27T11:40:39","guid":{"rendered":"https:\/\/roveyayinevi.com.tr\/index.php\/urun\/butun-oyunlari-1-su-cilgin-turkler\/"},"modified":"2026-04-16T02:07:17","modified_gmt":"2026-04-15T23:07:17","slug":"butun-oyunlari-1-su-cilgin-turkler","status":"publish","type":"product","link":"https:\/\/roveyayinevi.com.tr\/index.php\/urun\/butun-oyunlari-1-su-cilgin-turkler\/","title":{"rendered":"B\u00fct\u00fcn Oyunlar\u0131 1 \u015eu \u00c7\u0131lg\u0131n T\u00fcrkler"},"content":{"rendered":"<p>Turgut \u00d6zakman b\u00fcy\u00fck yank\u0131 uyand\u0131ran roman\u0131n\u0131, ilk\u00f6\u011fretim okullar\u0131 ile lise, kolej ve meslek okullar\u0131, e\u011fitim kurumlar\u0131, \u00fcniversiteler, dernekler ve amat\u00f6r tiyatrolar i\u00e7in oyunla\u015ft\u0131rd\u0131.  Bu \u00f6rne\u011fi olmayan ilginin nedeni, sivil asker, kad\u0131n erkek, gen\u00e7 ya\u015fl\u0131, ilerici tutucu, sa\u011fc\u0131 solcu, milliyet\u00e7i ulusalc\u0131, her meslekten t\u00fcm yurtsever, bilin\u00e7li insanlar\u0131m\u0131z\u0131n yak\u0131n tarihimize gururla sahip \u00e7\u0131kmalar\u0131, devletimizin kurulu\u015f destan\u0131n\u0131 ger\u00e7ek ve do\u011fru olarak \u00f6\u011frenmek istemeleri, bug\u00fcn\u00fc anlamak, yar\u0131n\u0131 kestirmek i\u00e7in Kurtulu\u015f Sava\u015f\u0131m\u0131z\u0131 bilmek gerekti\u011fini anlam\u0131\u015f olmalar\u0131d\u0131r san\u0131yoruz.  Oyun teknik olanaklar bak\u0131m\u0131ndan yetersiz sahnelerde de sergilenebilecek bi\u00e7imde kurgulanm\u0131\u015f, metne, sahneleyeceklere yard\u0131mc\u0131 olacak bir\u00e7ok a\u00e7\u0131klama, tavsiye ve uyar\u0131 eklenmi\u015ftir.  S\u0131n\u0131f i\u00e7inde okuma tiyatrosu metni olarak da de\u011ferlendirilebilir.  \u015eu \u00c7\u0131lg\u0131n T\u00fcrkler Oyunu&#8217;nun da roman\u0131 gibi gen\u00e7lerimiz i\u00e7in b\u00fcy\u00fck bir kazan\u00e7 ve yurtseverlik bilincine yeni bir katk\u0131 olaca\u011f\u0131na inan\u0131yoruz.<\/p>\n","protected":false},"excerpt":{"rendered":"<p>Turgut \u00d6zakman b\u00fcy\u00fck yank\u0131 uyand\u0131ran roman\u0131n\u0131, ilk\u00f6\u011fretim okullar\u0131 ile lise, kolej ve meslek okullar\u0131, e\u011fitim kurumlar\u0131, \u00fcniversiteler, dernekler ve amat\u00f6r tiyatrolar i\u00e7in oyunla\u015ft\u0131rd\u0131. Bu \u00f6rne\u011fi olmayan<span class=\"excerpt-hellip\"> [\u2026]<\/span><\/p>\n","protected":false},"featured_media":0,"template":"","meta":{"_monsterinsights_skip_tracking":false,"_monsterinsights_sitenote_active":false,"_monsterinsights_sitenote_note":"","_monsterinsights_sitenote_category":0},"product_brand":[],"product_cat":[12291,12332],"product_tag":[],"class_list":{"0":"post-697564","1":"product","2":"type-product","3":"status-publish","5":"product_cat-edebiyat","6":"product_cat-senaryo","7":"pa_cilt-ciltsiz","8":"pa_tur-kitap","9":"pa_yayinevi-bilgi-yayinevi","10":"pa_yazar-turgut-ozakman","12":"first","13":"instock","14":"sale","15":"shipping-taxable","16":"purchasable","17":"product-type-simple"},"_links":{"self":[{"href":"https:\/\/roveyayinevi.com.tr\/index.php\/wp-json\/wp\/v2\/product\/697564","targetHints":{"allow":["GET"]}}],"collection":[{"href":"https:\/\/roveyayinevi.com.tr\/index.php\/wp-json\/wp\/v2\/product"}],"about":[{"href":"https:\/\/roveyayinevi.com.tr\/index.php\/wp-json\/wp\/v2\/types\/product"}],"wp:attachment":[{"href":"https:\/\/roveyayinevi.com.tr\/index.php\/wp-json\/wp\/v2\/media?parent=697564"}],"wp:term":[{"taxonomy":"product_brand","embeddable":true,"href":"https:\/\/roveyayinevi.com.tr\/index.php\/wp-json\/wp\/v2\/product_brand?post=697564"},{"taxonomy":"product_cat","embeddable":true,"href":"https:\/\/roveyayinevi.com.tr\/index.php\/wp-json\/wp\/v2\/product_cat?post=697564"},{"taxonomy":"product_tag","embeddable":true,"href":"https:\/\/roveyayinevi.com.tr\/index.php\/wp-json\/wp\/v2\/product_tag?post=697564"}],"curies":[{"name":"wp","href":"https:\/\/api.w.org\/{rel}","templated":true}]}}