{"id":697561,"date":"2025-08-27T14:40:38","date_gmt":"2025-08-27T11:40:38","guid":{"rendered":"https:\/\/roveyayinevi.com.tr\/index.php\/urun\/jj-kim\/"},"modified":"2026-04-16T02:07:17","modified_gmt":"2026-04-15T23:07:17","slug":"jj-kim","status":"publish","type":"product","link":"https:\/\/roveyayinevi.com.tr\/index.php\/urun\/jj-kim\/","title":{"rendered":"JJ Kim?"},"content":{"rendered":"<p>\u0130nsan sil ba\u015ftan ba\u015flayabilir mi?Yazd\u0131\u011f\u0131 polisiye ve gerilim kitaplar\u0131yla \u00fcnlenen Anne Cassidy, ON8\u2019le ilk kez T\u00fcrk\u00e7e\u2019de. Cassidy, 2004\u2019te yazd\u0131\u011f\u0131 ve 2007\u2019de tiyatroya uyarlanan kitab\u0131nda \u0130ngiltere\u2019de ya\u015fanm\u0131\u015f ger\u00e7ek bir olaydan esinleniyor. Su\u00e7, masumiyet ve adalet kavramlar\u0131n\u0131 \u00e7ocukluk ba\u011flam\u0131nda d\u00fc\u015f\u00fcnd\u00fcren roman, gizem dolu kurgusuyla derin bir iz b\u0131rak\u0131yor. 2004 Carnegie Medal \u00d6d\u00fcl\u00fc, 2004 Whitbread Book \u00d6d\u00fcl\u00fc ve 2004 Booktrust Gen\u00e7lik Edebiyat\u0131 \u00d6d\u00fcl\u00fc\u2019ne de\u011fer g\u00f6r\u00fclen roman, ayn\u0131 y\u0131l Carnegie Medal \u00d6d\u00fcl\u00fc\u2019ne de aday olmu\u015ftu.Gen\u00e7 Alice\u2019in ya\u015fam\u0131, bir t\u00fcrl\u00fc ka\u00e7amad\u0131\u011f\u0131 b\u00fcy\u00fck bir s\u0131rla s\u00fcrekli \u00f6rselenmekte, onu sonu gelmez bir vicdan hesapla\u015fmas\u0131na itmektedir. Ge\u00e7mi\u015fine ait bu s\u0131rra, ihmal ve yaln\u0131zl\u0131kla kararan bir \u00e7ocuklu\u011fun an\u0131lar\u0131 eklenmi\u015ftir. Ge\u00e7mi\u015finin \u00fcrperten g\u00f6lgesinde ya\u015fam\u0131n\u0131 yeniden kurmaya \u00e7al\u0131\u015fan JJ, sil ba\u015ftan ba\u015flayabilecek ve hayal etti\u011fi \u00fcniversite e\u011fitimini elde edebilecek midir?..<\/p>\n","protected":false},"excerpt":{"rendered":"<p>\u0130nsan sil ba\u015ftan ba\u015flayabilir mi?Yazd\u0131\u011f\u0131 polisiye ve gerilim kitaplar\u0131yla \u00fcnlenen Anne Cassidy, ON8\u2019le ilk kez T\u00fcrk\u00e7e\u2019de. Cassidy, 2004\u2019te yazd\u0131\u011f\u0131 ve 2007\u2019de tiyatroya uyarlanan kitab\u0131nda \u0130ngiltere\u2019de ya\u015fanm\u0131\u015f<span class=\"excerpt-hellip\"> [\u2026]<\/span><\/p>\n","protected":false},"featured_media":0,"template":"","meta":{"_monsterinsights_skip_tracking":false,"_monsterinsights_sitenote_active":false,"_monsterinsights_sitenote_note":"","_monsterinsights_sitenote_category":0},"product_brand":[],"product_cat":[12891,12291],"product_tag":[],"class_list":{"0":"post-697561","1":"product","2":"type-product","3":"status-publish","5":"product_cat-amerikan-edebiyati","6":"product_cat-edebiyat","7":"pa_cilt-ciltsiz","8":"pa_tur-kitap","9":"pa_yayinevi-on8-kitap","10":"pa_yazar-anne-cassidy","12":"first","13":"instock","14":"sale","15":"shipping-taxable","16":"purchasable","17":"product-type-simple"},"_links":{"self":[{"href":"https:\/\/roveyayinevi.com.tr\/index.php\/wp-json\/wp\/v2\/product\/697561","targetHints":{"allow":["GET"]}}],"collection":[{"href":"https:\/\/roveyayinevi.com.tr\/index.php\/wp-json\/wp\/v2\/product"}],"about":[{"href":"https:\/\/roveyayinevi.com.tr\/index.php\/wp-json\/wp\/v2\/types\/product"}],"wp:attachment":[{"href":"https:\/\/roveyayinevi.com.tr\/index.php\/wp-json\/wp\/v2\/media?parent=697561"}],"wp:term":[{"taxonomy":"product_brand","embeddable":true,"href":"https:\/\/roveyayinevi.com.tr\/index.php\/wp-json\/wp\/v2\/product_brand?post=697561"},{"taxonomy":"product_cat","embeddable":true,"href":"https:\/\/roveyayinevi.com.tr\/index.php\/wp-json\/wp\/v2\/product_cat?post=697561"},{"taxonomy":"product_tag","embeddable":true,"href":"https:\/\/roveyayinevi.com.tr\/index.php\/wp-json\/wp\/v2\/product_tag?post=697561"}],"curies":[{"name":"wp","href":"https:\/\/api.w.org\/{rel}","templated":true}]}}