{"id":697560,"date":"2025-08-27T14:40:38","date_gmt":"2025-08-27T11:40:38","guid":{"rendered":"https:\/\/roveyayinevi.com.tr\/index.php\/urun\/intihar-notlarim\/"},"modified":"2026-04-16T02:07:17","modified_gmt":"2026-04-15T23:07:17","slug":"intihar-notlarim","status":"publish","type":"product","link":"https:\/\/roveyayinevi.com.tr\/index.php\/urun\/intihar-notlarim\/","title":{"rendered":"\u0130ntihar Notlar\u0131m"},"content":{"rendered":"<p>Bir gencin kendiyle y\u00fczle\u015fmesi, can\u0131n\u0131 ne kadar yakabilir?..Lambda Edebiyat \u00d6d\u00fclleri\u2019ne onlarca kez aday g\u00f6sterilip bu \u00f6d\u00fcl\u00fc bir\u00e7ok kez kazanan Michael Thomas Ford\u2019un 2008\u2019de yazd\u0131\u011f\u0131 bu roman\u0131 g\u00fcn\u00fcm\u00fcz\u00fcn en \u00f6nemli sorunlar\u0131ndan birini merkez al\u0131yor. \u0130ntihara kalk\u0131\u015fan 16 ya\u015f\u0131ndaki bir gencin kald\u0131r\u0131ld\u0131\u011f\u0131 psikiyatri klini\u011finde ya\u015fad\u0131klar\u0131n\u0131 anlatan kitap, onun terapi program\u0131 boyunca tuttu\u011fu g\u00fcnl\u00fcklerden olu\u015fuyor. S\u00fcmen alt\u0131 edilmeye \u00e7al\u0131\u015f\u0131lan \u00f6nemli temalar\u0131, t\u00fcm ger\u00e7ekli\u011fiyle g\u00f6zler \u00f6n\u00fcne seren \u00e7arp\u0131c\u0131 roman, bir gencin kendini tan\u0131ma yolculu\u011funu g\u00fcl\u00fcmseten, ak\u0131c\u0131 bir dille anlat\u0131yor.Bir y\u0131lba\u015f\u0131 gecesi bileklerini keserek intihara kalk\u0131\u015fan 16 ya\u015f\u0131ndaki Jeff, kald\u0131r\u0131ld\u0131\u011f\u0131 klinikte, 45 g\u00fcnl\u00fck terapi program\u0131 boyunca g\u00fcnl\u00fck tutar. \u00d6nceleri, intihar etti\u011fi ger\u00e7e\u011fini g\u00f6zard\u0131 eden ve oradan bir an \u00f6nce \u00e7\u0131kmak i\u00e7in terapistini iknaya \u00e7al\u0131\u015fan Jeff, bunda ba\u015far\u0131s\u0131z olunca dikkatini klinikte tedavi g\u00f6ren di\u011fer hastalara y\u00f6neltir. Kurdu\u011fu arkada\u015fl\u0131klar sayesinde onlar\u0131 ve ya\u015fad\u0131klar\u0131 sorunlar\u0131 daha yak\u0131ndan tan\u0131d\u0131k\u00e7a, kendini hem ke\u015ffetmeye hem de ifade edebilmeye ba\u015flar\u2026\ufffc<\/p>\n","protected":false},"excerpt":{"rendered":"<p>Bir gencin kendiyle y\u00fczle\u015fmesi, can\u0131n\u0131 ne kadar yakabilir?..Lambda Edebiyat \u00d6d\u00fclleri\u2019ne onlarca kez aday g\u00f6sterilip bu \u00f6d\u00fcl\u00fc bir\u00e7ok kez kazanan Michael Thomas Ford\u2019un 2008\u2019de yazd\u0131\u011f\u0131 bu roman\u0131<span class=\"excerpt-hellip\"> [\u2026]<\/span><\/p>\n","protected":false},"featured_media":0,"template":"","meta":{"_monsterinsights_skip_tracking":false,"_monsterinsights_sitenote_active":false,"_monsterinsights_sitenote_note":"","_monsterinsights_sitenote_category":0},"product_brand":[],"product_cat":[12891,12291],"product_tag":[],"class_list":{"0":"post-697560","1":"product","2":"type-product","3":"status-publish","5":"product_cat-amerikan-edebiyati","6":"product_cat-edebiyat","7":"pa_cilt-ciltsiz","8":"pa_tur-kitap","9":"pa_yayinevi-on8-kitap","10":"pa_yazar-michael-thomas-ford","12":"first","13":"instock","14":"sale","15":"shipping-taxable","16":"purchasable","17":"product-type-simple"},"_links":{"self":[{"href":"https:\/\/roveyayinevi.com.tr\/index.php\/wp-json\/wp\/v2\/product\/697560","targetHints":{"allow":["GET"]}}],"collection":[{"href":"https:\/\/roveyayinevi.com.tr\/index.php\/wp-json\/wp\/v2\/product"}],"about":[{"href":"https:\/\/roveyayinevi.com.tr\/index.php\/wp-json\/wp\/v2\/types\/product"}],"wp:attachment":[{"href":"https:\/\/roveyayinevi.com.tr\/index.php\/wp-json\/wp\/v2\/media?parent=697560"}],"wp:term":[{"taxonomy":"product_brand","embeddable":true,"href":"https:\/\/roveyayinevi.com.tr\/index.php\/wp-json\/wp\/v2\/product_brand?post=697560"},{"taxonomy":"product_cat","embeddable":true,"href":"https:\/\/roveyayinevi.com.tr\/index.php\/wp-json\/wp\/v2\/product_cat?post=697560"},{"taxonomy":"product_tag","embeddable":true,"href":"https:\/\/roveyayinevi.com.tr\/index.php\/wp-json\/wp\/v2\/product_tag?post=697560"}],"curies":[{"name":"wp","href":"https:\/\/api.w.org\/{rel}","templated":true}]}}