{"id":697549,"date":"2025-08-27T14:40:34","date_gmt":"2025-08-27T11:40:34","guid":{"rendered":"https:\/\/roveyayinevi.com.tr\/index.php\/urun\/iletisim-bilimlerinin-seruveni\/"},"modified":"2026-04-16T02:07:17","modified_gmt":"2026-04-15T23:07:17","slug":"iletisim-bilimlerinin-seruveni","status":"publish","type":"product","link":"https:\/\/roveyayinevi.com.tr\/index.php\/urun\/iletisim-bilimlerinin-seruveni\/","title":{"rendered":"\u0130leti\u015fim Bilimlerinin Ser\u00fcveni"},"content":{"rendered":"<p>\u0130leti\u015fim bilimleri bir\u00e7ok kuram ve disiplinden beslenen bir   mozaik bilimler b\u00fct\u00fcn\u00fc   olarak tan\u0131mlanabilir. \u0130leti\u015fim Bilimlerinin Ser\u00fcveni de ileti\u015fim bilimlerini olu\u015fturan kuram ve disiplinleri ele\u015ftirel bir yakla\u015f\u0131mla ele al\u0131yor. D\u00fc\u015f\u00fcnceler tarihinde \u00f6nerilen farkl\u0131 ileti\u015fim modellerini inceleyerek, g\u00fcn\u00fcm\u00fczde s\u0131kl\u0131kla karikat\u00fcrle\u015ftirilen kuramlar\u0131 \u00f6zg\u00fcnl\u00fc\u011f\u00fcn\u00fc ve vars\u0131ll\u0131\u011f\u0131n\u0131 ortaya koyuyor. Kuramsal ak\u0131mlar\u0131n \u00e7at\u0131\u015fmas\u0131n\u0131n hareketli tarihinin derinine inerek, ileti\u015fim bilimlerinin d\u00fc\u015f\u00fcnsel kaynaklar\u0131n\u0131 ve olu\u015fturucu de\u011ferlerini bulguluyor. <\/p>\n","protected":false},"excerpt":{"rendered":"<p>\u0130leti\u015fim bilimleri bir\u00e7ok kuram ve disiplinden beslenen bir mozaik bilimler b\u00fct\u00fcn\u00fc olarak tan\u0131mlanabilir. \u0130leti\u015fim Bilimlerinin Ser\u00fcveni de ileti\u015fim bilimlerini olu\u015fturan kuram ve disiplinleri ele\u015ftirel bir yakla\u015f\u0131mla<span class=\"excerpt-hellip\"> [\u2026]<\/span><\/p>\n","protected":false},"featured_media":0,"template":"","meta":{"_monsterinsights_skip_tracking":false,"_monsterinsights_sitenote_active":false,"_monsterinsights_sitenote_note":"","_monsterinsights_sitenote_category":0},"product_brand":[],"product_cat":[12573,12566],"product_tag":[],"class_list":{"0":"post-697549","1":"product","2":"type-product","3":"status-publish","5":"product_cat-akademik-kitaplar","6":"product_cat-egitim","7":"pa_cilt-ciltsiz","8":"pa_tur-kitap","9":"pa_yayinevi-ayrinti-yayinlari","10":"pa_yazar-michel-bourse","12":"first","13":"instock","14":"sale","15":"shipping-taxable","16":"purchasable","17":"product-type-simple"},"_links":{"self":[{"href":"https:\/\/roveyayinevi.com.tr\/index.php\/wp-json\/wp\/v2\/product\/697549","targetHints":{"allow":["GET"]}}],"collection":[{"href":"https:\/\/roveyayinevi.com.tr\/index.php\/wp-json\/wp\/v2\/product"}],"about":[{"href":"https:\/\/roveyayinevi.com.tr\/index.php\/wp-json\/wp\/v2\/types\/product"}],"wp:attachment":[{"href":"https:\/\/roveyayinevi.com.tr\/index.php\/wp-json\/wp\/v2\/media?parent=697549"}],"wp:term":[{"taxonomy":"product_brand","embeddable":true,"href":"https:\/\/roveyayinevi.com.tr\/index.php\/wp-json\/wp\/v2\/product_brand?post=697549"},{"taxonomy":"product_cat","embeddable":true,"href":"https:\/\/roveyayinevi.com.tr\/index.php\/wp-json\/wp\/v2\/product_cat?post=697549"},{"taxonomy":"product_tag","embeddable":true,"href":"https:\/\/roveyayinevi.com.tr\/index.php\/wp-json\/wp\/v2\/product_tag?post=697549"}],"curies":[{"name":"wp","href":"https:\/\/api.w.org\/{rel}","templated":true}]}}