{"id":697545,"date":"2025-08-27T14:40:33","date_gmt":"2025-08-27T11:40:33","guid":{"rendered":"https:\/\/roveyayinevi.com.tr\/index.php\/urun\/iktidarin-gozu\/"},"modified":"2026-04-16T02:07:17","modified_gmt":"2026-04-15T23:07:17","slug":"iktidarin-gozu","status":"publish","type":"product","link":"https:\/\/roveyayinevi.com.tr\/index.php\/urun\/iktidarin-gozu\/","title":{"rendered":"\u0130ktidar\u0131n G\u00f6z\u00fc"},"content":{"rendered":"<p>\u0130ktidar\u0131n G\u00f6z\u00fc, Foucault\u2019nun Se\u00e7me Yaz\u0131lar dizisinde daha \u00f6nce yay\u0131mlanm\u0131\u015f olan Entelekt\u00fcelin Siyasi \u0130\u015flevi, \u00d6zne ve \u0130ktidar ve B\u00fcy\u00fck Kapat\u0131lma ile tamamlay\u0131c\u0131 bir b\u00fct\u00fcnl\u00fck olu\u015fturuyor. Bu ilk \u00fc\u00e7 cilt iktidar ili\u015fkilerininin modern Bat\u0131 toplumlar\u0131nda kulland\u0131\u011f\u0131 \u00f6znele\u015ftirme teknikleri ile bu tekniklerin uygulanmas\u0131n\u0131 m\u00fcmk\u00fcn k\u0131lan kurum ve pratikleri \u00e7\u00f6z\u00fcmlemek i\u00e7in Foucault taraf\u0131ndan geli\u015ftirilen modele dair ayr\u0131nt\u0131l\u0131 metinler i\u00e7eriyor ve direni\u015f, bilgi, entelekt\u00fcel gibi baz\u0131 temel kavramlar\u0131n bu model \u00e7er\u00e7evesinde y\u00fcklendi\u011fi yeni anlamlar\u0131 tart\u0131\u015f\u0131yordu. \u0130ktidar\u0131n G\u00f6z\u00fc ise \u00f6zellikle iktidar\u0131n \u00f6znele\u015ftirme tekniklerinin analizlerinde \u00f6ne \u00e7\u0131kan \u00f6znel deneyim bi\u00e7imleri ve onlara tekab\u00fcl eden ak\u0131l hastal\u0131\u011f\u0131, su\u00e7a e\u011filimlilik ve cinsellik gibi kimlikleri; bu deneyim ve kimliklerin kurulmas\u0131n\u0131 belirleyen t\u0131p, psikiyatri, sosyoloji, kriminoloji gibi bilgi bi\u00e7imleri ile psikanaliz, m\u00fc\u015fahede, tecrit, \u0131slah, tedavi, cezaland\u0131rma gibi pratikleri ve nihayet hastane, ak\u0131l hastanesi, hapishane gibi bu pratiklerle kar\u015f\u0131l\u0131kl\u0131 bir belirlenim ili\u015fkisi i\u00e7inde olan kapatma kurumlar\u0131n\u0131 konu al\u0131yor. Foucault\u2019nun siyasi etkinliklerinin yo\u011funla\u015ft\u0131\u011f\u0131 1975 sonras\u0131 y\u0131llarda verilmi\u015f konferans ve s\u00f6yle\u015fileri kapsayan bu kitap, sadece Foucaultcu bir bak\u0131\u015f a\u00e7\u0131s\u0131ndan hareketle geli\u015ftirilebilecek direni\u015f mekanizmalar\u0131n\u0131 de\u011fil ayn\u0131 zamanda bu bak\u0131\u015f a\u00e7\u0131s\u0131n\u0131n di\u011fer iktidar ele\u015ftirileri ve direni\u015f modelleri ile benzerlik ya da farkl\u0131l\u0131klar\u0131n\u0131 da tart\u0131\u015fan ve \u00f6zellikle Foucault\u2019nun kimlik politikalar\u0131yla ilgili tutumunu belirginle\u015ftiren bir b\u00fct\u00fcn. \u201c\u00d6z kimlik\u201dler arayan, bu kimlikleri insan davran\u0131\u015f\u0131n\u0131n yasas\u0131 haline getirmeyi hedefleyen bir stratejinin geleneksel etiklere ve onlara \u00f6zg\u00fc k\u0131s\u0131tlamalara geri d\u00f6nmek anlam\u0131na gelebilece\u011fine dikkat \u00e7eken Foucault, yeni bir eti\u011fin nerede temellendirilebilece\u011fini tart\u0131\u015f\u0131rken muhalif bir \u00f6znelli\u011fin zorunlu olarak bir kimlik ve onun getirdi\u011fi ayn\u0131la\u015ft\u0131r\u0131c\u0131 aidiyet ili\u015fkileri \u00fczerinden de\u011fil farkl\u0131la\u015fma, yaratma ve yenilik \u00fczerinden tesis edilebilece\u011fini s\u00f6yl\u00fcyor. Kelimeler ve \u015eeyler\u2019in kapan\u0131\u015f c\u00fcmlelerinde \u201cinsan\u201d\u0131n sahildeki kumlara \u00e7izilmi\u015f bir suret gibi silinip gidece\u011fini \u00f6ng\u00f6rerek b\u00fcy\u00fck tart\u0131\u015fmalara neden olan Foucault, burada da \u00f6zc\u00fcl\u00fckten ar\u0131nd\u0131r\u0131lm\u0131\u015f bir varolu\u015f bi\u00e7iminin siyasi ko\u015fullar\u0131na i\u015faret ediyor. Bug\u00fcn b\u00fct\u00fcn g\u00fcc\u00fcyle \u00f6nemini koruyan bu tart\u0131\u015fmalara vazge\u00e7ilmez bir katk\u0131 \u0130ktidar\u0131n G\u00f6z\u00fc. <\/p>\n","protected":false},"excerpt":{"rendered":"<p>\u0130ktidar\u0131n G\u00f6z\u00fc, Foucault\u2019nun Se\u00e7me Yaz\u0131lar dizisinde daha \u00f6nce yay\u0131mlanm\u0131\u015f olan Entelekt\u00fcelin Siyasi \u0130\u015flevi, \u00d6zne ve \u0130ktidar ve B\u00fcy\u00fck Kapat\u0131lma ile tamamlay\u0131c\u0131 bir b\u00fct\u00fcnl\u00fck olu\u015fturuyor. Bu ilk<span class=\"excerpt-hellip\"> [\u2026]<\/span><\/p>\n","protected":false},"featured_media":0,"template":"","meta":{"_monsterinsights_skip_tracking":false,"_monsterinsights_sitenote_active":false,"_monsterinsights_sitenote_note":"","_monsterinsights_sitenote_category":0},"product_brand":[],"product_cat":[12389,12388],"product_tag":[],"class_list":{"0":"post-697545","1":"product","2":"type-product","3":"status-publish","5":"product_cat-diger-felsefe","6":"product_cat-felsefe","7":"pa_cilt-ciltsiz","8":"pa_tur-kitap","9":"pa_yayinevi-ayrinti-yayinlari","10":"pa_yazar-michel-foucault","12":"first","13":"instock","14":"sale","15":"shipping-taxable","16":"purchasable","17":"product-type-simple"},"_links":{"self":[{"href":"https:\/\/roveyayinevi.com.tr\/index.php\/wp-json\/wp\/v2\/product\/697545","targetHints":{"allow":["GET"]}}],"collection":[{"href":"https:\/\/roveyayinevi.com.tr\/index.php\/wp-json\/wp\/v2\/product"}],"about":[{"href":"https:\/\/roveyayinevi.com.tr\/index.php\/wp-json\/wp\/v2\/types\/product"}],"wp:attachment":[{"href":"https:\/\/roveyayinevi.com.tr\/index.php\/wp-json\/wp\/v2\/media?parent=697545"}],"wp:term":[{"taxonomy":"product_brand","embeddable":true,"href":"https:\/\/roveyayinevi.com.tr\/index.php\/wp-json\/wp\/v2\/product_brand?post=697545"},{"taxonomy":"product_cat","embeddable":true,"href":"https:\/\/roveyayinevi.com.tr\/index.php\/wp-json\/wp\/v2\/product_cat?post=697545"},{"taxonomy":"product_tag","embeddable":true,"href":"https:\/\/roveyayinevi.com.tr\/index.php\/wp-json\/wp\/v2\/product_tag?post=697545"}],"curies":[{"name":"wp","href":"https:\/\/api.w.org\/{rel}","templated":true}]}}