{"id":697544,"date":"2025-08-27T14:40:33","date_gmt":"2025-08-27T11:40:33","guid":{"rendered":"https:\/\/roveyayinevi.com.tr\/index.php\/urun\/ihvan-i-safa-risaleleri-cilt-2\/"},"modified":"2026-04-16T02:07:17","modified_gmt":"2026-04-15T23:07:17","slug":"ihvan-i-safa-risaleleri-cilt-2","status":"publish","type":"product","link":"https:\/\/roveyayinevi.com.tr\/index.php\/urun\/ihvan-i-safa-risaleleri-cilt-2\/","title":{"rendered":"\u0130hvan-\u0131 Safa Risaleleri Cilt: 2"},"content":{"rendered":"<p>\u0130hvan-\u0131 safa Risaleleri\u2019nin bu cildinde de\u011fi\u015fik y\u00f6nleriyle Cisimsel-Do\u011fal Bilimler \u00fczerinde durulmaktad\u0131r. Do\u011fal bilimlerin kendi ilgi ve \u00e7al\u0131\u015fma alanlar\u0131 dahilinde oldu\u011fu ifade edilerek, bu bilimlerin temelini, madde, suret, hareket, zaman, mekan ve bunlar\u0131n birbiriyle ili\u015fkisinin olu\u015fturdu\u011fu hat\u0131rlat\u0131lmaktad\u0131r. Birinci risalede, bu be\u015f temel unsur de\u011fi\u015fik a\u00e7\u0131lardan ele al\u0131nmaktad\u0131r.\u0130kinci risale, \u201cahlak\u0131n olgunla\u015ft\u0131r\u0131lmas\u0131 konusunda sema ve alem\u201d ad\u0131n\u0131 ta\u015f\u0131maktad\u0131r. Burada, hava, ate\u015f, toprak ve su gibi kadim felsefede evreni olu\u015fturdu\u011fu d\u00fc\u015f\u00fcn\u00fclen d\u00f6rt ana unsur (anas\u0131r-\u0131 erba\u2019a) \u00fczerinde durulmaktad\u0131r. Burada insan ve evren aras\u0131nda \u00e7ok y\u00f6nl\u00fc bir kar\u015f\u0131la\u015ft\u0131rma yap\u0131larak evrenin insan\u0131n b\u00fcy\u00fct\u00fclm\u00fc\u015f hali oldu\u011fu ileri s\u00fcr\u00fclmektedir. Ayr\u0131ca k\u00fcrelerin olu\u015fumuna da geni\u015f yer verilir.\u201cOlu\u015f ve bozulu\u015f\u201d ad\u0131n\u0131 ta\u015f\u0131yan \u00fc\u00e7\u00fcnc\u00fc risalede, ay alt\u0131 alemdeki do\u011fal cisimler, bunlar\u0131n say\u0131lar\u0131, d\u00fczenleri gibi konular ele al\u0131n\u0131r. Burada cennet ve cehennemin mahiyeti hakk\u0131nda ilgin\u00e7 yakla\u015f\u0131mlar sergilenir. Cennetin ruhlar alemi oldu\u011fu, cehennemin ise devaml\u0131 olu\u015f ve bozulu\u015fa u\u011frayan ay alt\u0131 alemdeki cicimler alemi oldu\u011fu iddia edilir.D\u00f6rd\u00fcnc\u00fc risalede meteoroloji \u00fczerinde durulmakta ve meteorolojik olaylar, \u00f6zellikle s\u0131cakl\u0131k ve so\u011fukluk de\u011fi\u015fik y\u00f6nlerden ele al\u0131nmaktad\u0131r. Burada ya\u011fmurun g\u00f6kteki bir denizden akt\u0131\u011f\u0131 \u015feklindeki iddian\u0131n as\u0131ls\u0131zl\u0131\u011f\u0131 ortaya konulmaktad\u0131r. Maddenin olu\u015fumunu ele alan be\u015finci risalede, maddeyi olu\u015fturan, tasarlayan ve bi\u00e7imlendiren g\u00fcc\u00fcn Tanr\u0131 oldu\u011fu hat\u0131rlat\u0131lmaktad\u0131r. Alt\u0131nc\u0131 risalede tabiat\u0131n mahiyeti \u00fczerinde durulmaktad\u0131r. Tabiat\u0131n, k\u00fclli-feleki nefsin  g\u00fcc\u00fc oldu\u011fu ve bu g\u00fcc\u00fcn ay alt\u0131 alemdeki b\u00fct\u00fcn cisimlere n\u00fcfuz etti\u011fi ifade edilmektedir. Gezegenlerin s\u0131n\u0131rlar\u0131 ayr\u0131 ayr\u0131 ele al\u0131nmaktad\u0131r. Bitkilere ayr\u0131lan yedinci risalenin amac\u0131, bitki cinslerini, onlar\u0131n yarat\u0131lma ve geli\u015fme niteliklerini g\u00f6stermek, yine onlar\u0131n \u015fekil, renk, tat ve koku a\u00e7\u0131s\u0131ndan \u00e7e\u015fitli t\u00fcrlere ayr\u0131lmas\u0131n\u0131n; yapraklar\u0131n\u0131n, \u00e7i\u00e7eklerinin, tohumlar\u0131n\u0131n, \u00e7ekirdeklerinin, b\u00fcy\u00fcmelerinin, k\u00f6klerinin, dallar\u0131n\u0131n ve g\u00f6vdelerinin farkl\u0131 olmas\u0131n\u0131n sebeplerini ortaya koymakt\u0131r.Sekizinci risale, do\u011fal cisimlerden say\u0131lan hayvanlar, hayvan t\u00fcrleri ve yarat\u0131l\u0131\u015f \u015fekillerine tahsis edilmi\u015ftir. Bu risalede, hayvanlar\u0131n yarat\u0131l\u0131\u015f \u015fekli, olu\u015fum, geli\u015fim ve b\u00fcy\u00fcmelerinin ba\u015flang\u0131c\u0131, cinslerinin miktar\u0131, t\u00fcrleri, tabiatlar\u0131, \u00f6zellikleri ve huy farkl\u0131l\u0131klar\u0131ndan bir k\u0131sm\u0131n\u0131 anlatmak ve son hayvan mertebesinin ilk insan mertebesine ve son insan mertebesinin hava, felekler ve g\u00f6k tabakalar\u0131 sakinleri olan meleklerin ilk tabakas\u0131na biti\u015fik oldu\u011fu \u00fczerinde durulmaktad\u0131r. Burada insan ve hayvan aras\u0131ndaki ili\u015fkiler anlat\u0131l\u0131rken neredeyse b\u00fct\u00fcn hayvanlar konu\u015fturularak ilgin\u00e7 fab\u0131llara yer verilmektedir. Dokuzuncu risale, insan bedeninin olu\u015fum ve geli\u015fim ser\u00fcvenini ele almaktad\u0131r. Bu risalenin amac\u0131, canl\u0131lar\u0131n cinslerini, ka\u00e7 \u00e7e\u015fit olduklar\u0131n\u0131, g\u00f6r\u00fcn\u00fc\u015f ve tabiatlar\u0131n\u0131n farkl\u0131 farkl\u0131 olu\u015flar\u0131n\u0131 a\u00e7\u0131klamakt\u0131r. Duyu ve duyum konusuna ayr\u0131lan onuncu risalede, duyu organlar\u0131 ve fonksiyonlar\u0131 \u00fczerinde durulmakta, bilgi kaynaklar\u0131 \u00fc\u00e7le s\u0131n\u0131rlanarak bunlar\u0131n, be\u015f duyu, ak\u0131l ve burhan yolu oldu\u011fu anlat\u0131lmaktad\u0131r. \u0130lk iki yolun b\u00fct\u00fcn insanlara, \u00fc\u00e7\u00fcnc\u00fc yolun ise \u00f6zel insanlara ait oldu\u011fu belirtilmektedir. Spermin ana rahmine d\u00fc\u015fmesine ayr\u0131lan onbirinci risalede, yedi y\u0131ld\u0131z\u0131n nutfeye (sperm) ve cenine etkilerini ad\u0131m ad\u0131m, ay ay anlat\u0131lmaktad\u0131r. \u0130nsan\u0131n k\u00fc\u00e7\u00fck evren oldu\u011fu tezinin i\u015flendi\u011fi onikinci risalede, insandaki b\u00fct\u00fcn \u00f6zelliklerin evrende var oldu\u011fu iddia edilerek birebir kar\u015f\u0131la\u015ft\u0131rmalar yap\u0131lmaktad\u0131r.   <\/p>\n","protected":false},"excerpt":{"rendered":"<p>\u0130hvan-\u0131 safa Risaleleri\u2019nin bu cildinde de\u011fi\u015fik y\u00f6nleriyle Cisimsel-Do\u011fal Bilimler \u00fczerinde durulmaktad\u0131r. Do\u011fal bilimlerin kendi ilgi ve \u00e7al\u0131\u015fma alanlar\u0131 dahilinde oldu\u011fu ifade edilerek, bu bilimlerin temelini, madde,<span class=\"excerpt-hellip\"> [\u2026]<\/span><\/p>\n","protected":false},"featured_media":0,"template":"","meta":{"_monsterinsights_skip_tracking":false,"_monsterinsights_sitenote_active":false,"_monsterinsights_sitenote_note":"","_monsterinsights_sitenote_category":0},"product_brand":[],"product_cat":[12718,12719],"product_tag":[],"class_list":{"0":"post-697544","1":"product","2":"type-product","3":"status-publish","5":"product_cat-din","6":"product_cat-islam","7":"pa_cilt-ciltsiz","8":"pa_tur-kitap","9":"pa_yayinevi-ayrinti-yayinlari","10":"pa_yazar-kolektif","12":"first","13":"instock","14":"sale","15":"shipping-taxable","16":"purchasable","17":"product-type-simple"},"_links":{"self":[{"href":"https:\/\/roveyayinevi.com.tr\/index.php\/wp-json\/wp\/v2\/product\/697544","targetHints":{"allow":["GET"]}}],"collection":[{"href":"https:\/\/roveyayinevi.com.tr\/index.php\/wp-json\/wp\/v2\/product"}],"about":[{"href":"https:\/\/roveyayinevi.com.tr\/index.php\/wp-json\/wp\/v2\/types\/product"}],"wp:attachment":[{"href":"https:\/\/roveyayinevi.com.tr\/index.php\/wp-json\/wp\/v2\/media?parent=697544"}],"wp:term":[{"taxonomy":"product_brand","embeddable":true,"href":"https:\/\/roveyayinevi.com.tr\/index.php\/wp-json\/wp\/v2\/product_brand?post=697544"},{"taxonomy":"product_cat","embeddable":true,"href":"https:\/\/roveyayinevi.com.tr\/index.php\/wp-json\/wp\/v2\/product_cat?post=697544"},{"taxonomy":"product_tag","embeddable":true,"href":"https:\/\/roveyayinevi.com.tr\/index.php\/wp-json\/wp\/v2\/product_tag?post=697544"}],"curies":[{"name":"wp","href":"https:\/\/api.w.org\/{rel}","templated":true}]}}