{"id":697543,"date":"2025-08-27T14:40:33","date_gmt":"2025-08-27T11:40:33","guid":{"rendered":"https:\/\/roveyayinevi.com.tr\/index.php\/urun\/hiristiyanliktaki-ateizm\/"},"modified":"2026-04-16T02:07:17","modified_gmt":"2026-04-15T23:07:17","slug":"hiristiyanliktaki-ateizm","status":"publish","type":"product","link":"https:\/\/roveyayinevi.com.tr\/index.php\/urun\/hiristiyanliktaki-ateizm\/","title":{"rendered":"H\u0131ristiyanl\u0131ktaki Ateizm"},"content":{"rendered":"<p>Habermas\u0131n ileri s\u00fcrd\u00fc\u011f\u00fc gibi   dini fundamentalizm   istisnai bir modern fenomense, moderniteden u\u00e7arcas\u0131na \u00e7\u0131k\u0131\u015f, i\u00e7inde ya\u015fad\u0131\u011f\u0131m\u0131z bu d\u00f6nemde ni\u00e7in \u00f6zel, tek bir dini boyut \u00fczerinden ger\u00e7ekle\u015fiyor, diye sormak gerekir. \u0130nsanlar dine y\u00f6neldiklerinde neyin pe\u015finde, ne ar\u0131yor olabilirler? Bunu yapmakla yanl\u0131\u015f bilincin devam\u0131 olan Tanr\u0131 yan\u0131lsamas\u0131n\u0131n apa\u00e7\u0131k kurbanlar\u0131 durumuna m\u0131 d\u00fc\u015fmektedirler, yoksa din sadece   halk\u0131n afyonu   olmaktan \u00f6te bir \u015fey mi? Yanl\u0131\u015f ve oldu\u011fundan farkl\u0131 hat\u0131rlanan, ama kendi i\u00e7inde b\u00fct\u00fcnl\u00fckl\u00fc bir ge\u00e7mi\u015fi geri \u00e7a\u011f\u0131r\u0131rken k\u00f6kleri tahayy\u00fcle dayanmayan bir gelece\u011fi mi \u00e7a\u011f\u0131rmaktad\u0131r insan? Tanr\u0131n\u0131n ba\u011f\u0131\u015flay\u0131c\u0131l\u0131k kararlar\u0131n\u0131n tart\u0131\u015f\u0131lmayaca\u011f\u0131 anlay\u0131\u015f\u0131n\u0131n d\u00fcnyas\u0131ndan radikal bir kopu\u015f ya\u015famadan, bu yanl\u0131\u015f hat\u0131rlanan ge\u00e7mi\u015ften o gelece\u011fe ge\u00e7mek m\u00fcmk\u00fcn m\u00fcd\u00fcr? <\/p>\n","protected":false},"excerpt":{"rendered":"<p>Habermas\u0131n ileri s\u00fcrd\u00fc\u011f\u00fc gibi dini fundamentalizm istisnai bir modern fenomense, moderniteden u\u00e7arcas\u0131na \u00e7\u0131k\u0131\u015f, i\u00e7inde ya\u015fad\u0131\u011f\u0131m\u0131z bu d\u00f6nemde ni\u00e7in \u00f6zel, tek bir dini boyut \u00fczerinden ger\u00e7ekle\u015fiyor, diye<span class=\"excerpt-hellip\"> [\u2026]<\/span><\/p>\n","protected":false},"featured_media":0,"template":"","meta":{"_monsterinsights_skip_tracking":false,"_monsterinsights_sitenote_active":false,"_monsterinsights_sitenote_note":"","_monsterinsights_sitenote_category":0},"product_brand":[],"product_cat":[12718,12807],"product_tag":[],"class_list":{"0":"post-697543","1":"product","2":"type-product","3":"status-publish","5":"product_cat-din","6":"product_cat-hristiyanlik","7":"pa_cilt-ciltsiz","8":"pa_tur-kitap","9":"pa_yayinevi-ayrinti-yayinlari","10":"pa_yazar-ernst-bloch","12":"first","13":"instock","14":"sale","15":"shipping-taxable","16":"purchasable","17":"product-type-simple"},"_links":{"self":[{"href":"https:\/\/roveyayinevi.com.tr\/index.php\/wp-json\/wp\/v2\/product\/697543","targetHints":{"allow":["GET"]}}],"collection":[{"href":"https:\/\/roveyayinevi.com.tr\/index.php\/wp-json\/wp\/v2\/product"}],"about":[{"href":"https:\/\/roveyayinevi.com.tr\/index.php\/wp-json\/wp\/v2\/types\/product"}],"wp:attachment":[{"href":"https:\/\/roveyayinevi.com.tr\/index.php\/wp-json\/wp\/v2\/media?parent=697543"}],"wp:term":[{"taxonomy":"product_brand","embeddable":true,"href":"https:\/\/roveyayinevi.com.tr\/index.php\/wp-json\/wp\/v2\/product_brand?post=697543"},{"taxonomy":"product_cat","embeddable":true,"href":"https:\/\/roveyayinevi.com.tr\/index.php\/wp-json\/wp\/v2\/product_cat?post=697543"},{"taxonomy":"product_tag","embeddable":true,"href":"https:\/\/roveyayinevi.com.tr\/index.php\/wp-json\/wp\/v2\/product_tag?post=697543"}],"curies":[{"name":"wp","href":"https:\/\/api.w.org\/{rel}","templated":true}]}}