{"id":697533,"date":"2025-08-27T14:40:30","date_gmt":"2025-08-27T11:40:30","guid":{"rendered":"https:\/\/roveyayinevi.com.tr\/index.php\/urun\/akp-ilimli-islam-neoliberalizm\/"},"modified":"2026-01-29T02:12:46","modified_gmt":"2026-01-28T23:12:46","slug":"akp-ilimli-islam-neoliberalizm","status":"publish","type":"product","link":"https:\/\/roveyayinevi.com.tr\/index.php\/urun\/akp-ilimli-islam-neoliberalizm\/","title":{"rendered":"AKP Il\u0131ml\u0131 \u0130slam, Neoliberalizm"},"content":{"rendered":"<p>\u201cPolitik \u0130slam olarak adland\u0131r\u0131lan \u0130slamc\u0131 hareketler ba\u015ftan itibaren emperyalizm taraf\u0131ndan ara\u00e7la\u015ft\u0131r\u0131ld\u0131lar. \u0130lerici, ulusal, sol, sosyalist hareketleri etkisizle\u015ftirmek \u00fczere kullan\u0131ld\u0131lar. Bug\u00fcn de M\u00fcsl\u00fcman D\u00fcnya\u2019da kolonyalist-emperyalist Bat\u0131\u2019n\u0131n Truva at\u0131 i\u015flevi g\u00f6rmeye devam ediyorlar. \u201cIl\u0131ml\u0131 \u0130slam\u201d Bat\u0131l\u0131lar taraf\u0131ndan uyduruldu ve bu hareketlerin radikaliyle s\u00f6zde \u201c\u0131l\u0131ml\u0131s\u0131\u201d aras\u0131nda bir fark yoktur. \u015eimdilerde \u0130slamc\u0131 Hareketler \u0130ngiliz as\u0131ll\u0131 Siyonist profes\u00f6r Bernard Lewis taraf\u0131ndan peydahlanan \u201ckurucu kaos stratejisinin\u201d hizmetinde&#8230; Devletleri \u00e7\u00f6kertmek, toplumsal dokuyu par\u00e7alamak, topluma y\u0131k\u0131m\u0131 dayatmak, anar\u015fi ve kaos yaratmak \u00fczere seferber edilmi\u015f durumdalar. M\u00fcsl\u00fcman toplumlar\u0131 bir \u00e7\u0131kmaza hapsetmek \u00fczere, \u0130slam ad\u0131na katliamlar yapmaya, cinayetler i\u015flemeye devam ediyorlar&#8230; Kald\u0131 ki, bunlar\u0131n hi\u00e7bir zaman alternatif bir toplum projeleri olmad\u0131 ve olmas\u0131 da asla m\u00fcmk\u00fcn de\u011fildir. Ayn\u0131 \u015fekilde Politik \u0130slam\u2019\u0131n, neoliberalizmin en hevesli savunucusu olu\u015fu da bir tesad\u00fcf de\u011fildir. Politik \u0130slamc\u0131 hareketler iktidar olduklar\u0131nda ancak neoliberal bir teokrasi \u00fcretebiliyorlar\u201d. <\/p>\n","protected":false},"excerpt":{"rendered":"<p>\u201cPolitik \u0130slam olarak adland\u0131r\u0131lan \u0130slamc\u0131 hareketler ba\u015ftan itibaren emperyalizm taraf\u0131ndan ara\u00e7la\u015ft\u0131r\u0131ld\u0131lar. \u0130lerici, ulusal, sol, sosyalist hareketleri etkisizle\u015ftirmek \u00fczere kullan\u0131ld\u0131lar. Bug\u00fcn de M\u00fcsl\u00fcman D\u00fcnya\u2019da kolonyalist-emperyalist Bat\u0131\u2019n\u0131n Truva<span class=\"excerpt-hellip\"> [\u2026]<\/span><\/p>\n","protected":false},"featured_media":0,"template":"","meta":{"_monsterinsights_skip_tracking":false,"_monsterinsights_sitenote_active":false,"_monsterinsights_sitenote_note":"","_monsterinsights_sitenote_category":0},"product_brand":[],"product_cat":[12337,14543],"product_tag":[],"class_list":{"0":"post-697533","1":"product","2":"type-product","3":"status-publish","5":"product_cat-politika-siyaset","6":"product_cat-turkiye-siyaseti-ve-politikasi","7":"pa_cilt-ciltsiz","8":"pa_tur-kitap","9":"pa_yayinevi-utopya-yayinevi","10":"pa_yazar-kolektif","12":"first","13":"instock","14":"sale","15":"shipping-taxable","16":"purchasable","17":"product-type-simple"},"_links":{"self":[{"href":"https:\/\/roveyayinevi.com.tr\/index.php\/wp-json\/wp\/v2\/product\/697533","targetHints":{"allow":["GET"]}}],"collection":[{"href":"https:\/\/roveyayinevi.com.tr\/index.php\/wp-json\/wp\/v2\/product"}],"about":[{"href":"https:\/\/roveyayinevi.com.tr\/index.php\/wp-json\/wp\/v2\/types\/product"}],"wp:attachment":[{"href":"https:\/\/roveyayinevi.com.tr\/index.php\/wp-json\/wp\/v2\/media?parent=697533"}],"wp:term":[{"taxonomy":"product_brand","embeddable":true,"href":"https:\/\/roveyayinevi.com.tr\/index.php\/wp-json\/wp\/v2\/product_brand?post=697533"},{"taxonomy":"product_cat","embeddable":true,"href":"https:\/\/roveyayinevi.com.tr\/index.php\/wp-json\/wp\/v2\/product_cat?post=697533"},{"taxonomy":"product_tag","embeddable":true,"href":"https:\/\/roveyayinevi.com.tr\/index.php\/wp-json\/wp\/v2\/product_tag?post=697533"}],"curies":[{"name":"wp","href":"https:\/\/api.w.org\/{rel}","templated":true}]}}