{"id":697531,"date":"2025-08-27T14:40:30","date_gmt":"2025-08-27T11:40:30","guid":{"rendered":"https:\/\/roveyayinevi.com.tr\/index.php\/urun\/canavar-pesinde-serisi-08-altin-zirh-dev-maymun-pence\/"},"modified":"2026-04-16T02:07:17","modified_gmt":"2026-04-15T23:07:17","slug":"canavar-pesinde-serisi-08-altin-zirh-dev-maymun-pence","status":"publish","type":"product","link":"https:\/\/roveyayinevi.com.tr\/index.php\/urun\/canavar-pesinde-serisi-08-altin-zirh-dev-maymun-pence\/","title":{"rendered":"Canavar Pe\u015finde Serisi 08 &#8211; Alt\u0131n Z\u0131rh (Dev Maymun Pen\u00e7e)"},"content":{"rendered":"<p>K\u00f6t\u00fc B\u00fcy\u00fcc\u00fc Malvel sihirli alt\u0131n z\u0131rh\u0131 \u00e7ald\u0131 ve par\u00e7alar\u0131n\u0131 Avantia\u2019n\u0131n d\u00f6rt bir yan\u0131na gizledi. Tom bu par\u00e7alar\u0131 bulmak zorunda ancak her biri, Malvel\u2019in yaratt\u0131\u011f\u0131 alt\u0131 korkun\u00e7 canavar taraf\u0131ndan korunuyor. Tom\u2019un yolu bu kez Kara Orman\u2019a d\u00fc\u015f\u00fcyor.  Kahraman\u0131m\u0131z, \u015fimdi de Dev Maymun Pen\u00e7e  ile m\u00fccadele etmek zorunda\u2026<\/p>\n","protected":false},"excerpt":{"rendered":"<p>K\u00f6t\u00fc B\u00fcy\u00fcc\u00fc Malvel sihirli alt\u0131n z\u0131rh\u0131 \u00e7ald\u0131 ve par\u00e7alar\u0131n\u0131 Avantia\u2019n\u0131n d\u00f6rt bir yan\u0131na gizledi. Tom bu par\u00e7alar\u0131 bulmak zorunda ancak her biri, Malvel\u2019in yaratt\u0131\u011f\u0131 alt\u0131 korkun\u00e7<span class=\"excerpt-hellip\"> [\u2026]<\/span><\/p>\n","protected":false},"featured_media":0,"template":"","meta":{"_monsterinsights_skip_tracking":false,"_monsterinsights_sitenote_active":false,"_monsterinsights_sitenote_note":"","_monsterinsights_sitenote_category":0},"product_brand":[],"product_cat":[12291,14777],"product_tag":[],"class_list":{"0":"post-697531","1":"product","2":"type-product","3":"status-publish","5":"product_cat-edebiyat","6":"product_cat-fantastik","7":"pa_cilt-ciltsiz","8":"pa_tur-kitap","9":"pa_yayinevi-beyaz-balina-yayinlari","10":"pa_yazar-adam-blade","12":"first","13":"instock","14":"sale","15":"shipping-taxable","16":"purchasable","17":"product-type-simple"},"_links":{"self":[{"href":"https:\/\/roveyayinevi.com.tr\/index.php\/wp-json\/wp\/v2\/product\/697531","targetHints":{"allow":["GET"]}}],"collection":[{"href":"https:\/\/roveyayinevi.com.tr\/index.php\/wp-json\/wp\/v2\/product"}],"about":[{"href":"https:\/\/roveyayinevi.com.tr\/index.php\/wp-json\/wp\/v2\/types\/product"}],"wp:attachment":[{"href":"https:\/\/roveyayinevi.com.tr\/index.php\/wp-json\/wp\/v2\/media?parent=697531"}],"wp:term":[{"taxonomy":"product_brand","embeddable":true,"href":"https:\/\/roveyayinevi.com.tr\/index.php\/wp-json\/wp\/v2\/product_brand?post=697531"},{"taxonomy":"product_cat","embeddable":true,"href":"https:\/\/roveyayinevi.com.tr\/index.php\/wp-json\/wp\/v2\/product_cat?post=697531"},{"taxonomy":"product_tag","embeddable":true,"href":"https:\/\/roveyayinevi.com.tr\/index.php\/wp-json\/wp\/v2\/product_tag?post=697531"}],"curies":[{"name":"wp","href":"https:\/\/api.w.org\/{rel}","templated":true}]}}