{"id":697530,"date":"2025-08-27T14:40:29","date_gmt":"2025-08-27T11:40:29","guid":{"rendered":"https:\/\/roveyayinevi.com.tr\/index.php\/urun\/baglanti\/"},"modified":"2026-04-16T02:07:17","modified_gmt":"2026-04-15T23:07:17","slug":"baglanti","status":"publish","type":"product","link":"https:\/\/roveyayinevi.com.tr\/index.php\/urun\/baglanti\/","title":{"rendered":"Ba\u011flant\u0131"},"content":{"rendered":"<p>B\u00fcy\u00fcyen d\u00fcnyaya direnmeli mi, kabullenmeli mi?\u00c7\u0131kard\u0131\u011f\u0131 her kitapla hem ele\u015ftirmenleri hem de okurlar\u0131 etkileyen, Amerika Ulusal Kitap \u00d6d\u00fcl\u00fc sahibi, s\u0131rad\u0131\u015f\u0131 bir yazar olan M.T. Anderson\u2019dan kara bir distopya. Eserlerinde, k\u00f6lelikten t\u00fcketim k\u00fclt\u00fcr\u00fcne ve k\u00fcresel \u0131s\u0131nmaya dek g\u00fcn\u00fcm\u00fcz d\u00fcnyas\u0131na ili\u015fkin pek \u00e7ok konuyu i\u015fleyen yazar\u0131n, ABD\u2019de \u00e7ok-okunan listelerinden d\u00fc\u015fmeyen bu kitab\u0131, 2003\u2019te Boston Globe-Horn Book \u00d6d\u00fcl\u00fc ve Golden Duck \u00d6d\u00fclleri Hal Clement Gen\u00e7 Kitaplar \u00d6d\u00fcl\u00fc\u2019ne de\u011fer g\u00f6r\u00fcld\u00fc. Roman, uzak gelecekte dev bir al\u0131\u015fveri\u015f merkezine d\u00f6n\u00fc\u015fen, havadan suya, insan\u0131n t\u00fcm do\u011fal ihtiya\u00e7lar\u0131n\u0131n bile fabrikalarda \u00fcretildi\u011fi bir d\u00fcnya d\u00fczenini g\u00fc\u00e7l\u00fc bir kurguyla betimliyor.G\u00f6ky\u00fcz\u00fcn\u00fcn yok oldu\u011fu, yerini oksijen \u00fcreten fabrikalar\u0131n ald\u0131\u011f\u0131 ve bulutun, art\u0131k ticari \u00fcr\u00fcn oldu\u011fu bir gelecek. Bu d\u00fcnyada insan olarak ya\u015famak, ancak bir t\u00fcketiciyseniz m\u00fcmk\u00fcn, \u00e7\u00fcnk\u00fc t\u00fcm kontrol, \u015firketlerin elinde. Sat\u0131n al\u0131yorsan\u0131z, vars\u0131n\u0131z. \u0130leti\u015fim teknolojisinin insan bedenini ele ge\u00e7irdi\u011fi, ili\u015fkilerden hayallere dek her \u015feyin kolayca metala\u015fabildi\u011fi \u00fcrk\u00fct\u00fcc\u00fc bir d\u00fcnyada, a\u015fk\u0131n, sevginin ve dostluklar\u0131n yeri olabilir mi?..<\/p>\n","protected":false},"excerpt":{"rendered":"<p>B\u00fcy\u00fcyen d\u00fcnyaya direnmeli mi, kabullenmeli mi?\u00c7\u0131kard\u0131\u011f\u0131 her kitapla hem ele\u015ftirmenleri hem de okurlar\u0131 etkileyen, Amerika Ulusal Kitap \u00d6d\u00fcl\u00fc sahibi, s\u0131rad\u0131\u015f\u0131 bir yazar olan M.T. Anderson\u2019dan kara<span class=\"excerpt-hellip\"> [\u2026]<\/span><\/p>\n","protected":false},"featured_media":0,"template":"","meta":{"_monsterinsights_skip_tracking":false,"_monsterinsights_sitenote_active":false,"_monsterinsights_sitenote_note":"","_monsterinsights_sitenote_category":0},"product_brand":[],"product_cat":[12803,12291],"product_tag":[],"class_list":{"0":"post-697530","1":"product","2":"type-product","3":"status-publish","5":"product_cat-aksiyon-macera","6":"product_cat-edebiyat","7":"pa_cilt-ciltsiz","8":"pa_tur-kitap","9":"pa_yayinevi-on8-kitap","10":"pa_yazar-matthew-tobin-anderson","12":"first","13":"instock","14":"sale","15":"shipping-taxable","16":"purchasable","17":"product-type-simple"},"_links":{"self":[{"href":"https:\/\/roveyayinevi.com.tr\/index.php\/wp-json\/wp\/v2\/product\/697530","targetHints":{"allow":["GET"]}}],"collection":[{"href":"https:\/\/roveyayinevi.com.tr\/index.php\/wp-json\/wp\/v2\/product"}],"about":[{"href":"https:\/\/roveyayinevi.com.tr\/index.php\/wp-json\/wp\/v2\/types\/product"}],"wp:attachment":[{"href":"https:\/\/roveyayinevi.com.tr\/index.php\/wp-json\/wp\/v2\/media?parent=697530"}],"wp:term":[{"taxonomy":"product_brand","embeddable":true,"href":"https:\/\/roveyayinevi.com.tr\/index.php\/wp-json\/wp\/v2\/product_brand?post=697530"},{"taxonomy":"product_cat","embeddable":true,"href":"https:\/\/roveyayinevi.com.tr\/index.php\/wp-json\/wp\/v2\/product_cat?post=697530"},{"taxonomy":"product_tag","embeddable":true,"href":"https:\/\/roveyayinevi.com.tr\/index.php\/wp-json\/wp\/v2\/product_tag?post=697530"}],"curies":[{"name":"wp","href":"https:\/\/api.w.org\/{rel}","templated":true}]}}