{"id":697527,"date":"2025-08-27T14:40:28","date_gmt":"2025-08-27T11:40:28","guid":{"rendered":"https:\/\/roveyayinevi.com.tr\/index.php\/urun\/kultur-ve-gundelik-hayat\/"},"modified":"2026-04-16T02:07:17","modified_gmt":"2026-04-15T23:07:17","slug":"kultur-ve-gundelik-hayat","status":"publish","type":"product","link":"https:\/\/roveyayinevi.com.tr\/index.php\/urun\/kultur-ve-gundelik-hayat\/","title":{"rendered":"K\u00fclt\u00fcr ve G\u00fcndelik Hayat"},"content":{"rendered":"<p>\u201cG\u00fcndelik olan\u0131n di\u011fer \u00f6zellikleri ne olursa olsun, en temel niteli\u011fi \u015fudur: G\u00fcndelik olan ele avuca gelmez, ka\u00e7ar.\u201d  Maurice Blanchot, The Gaze of Orpheus and other Literary Essays S\u0131radanl\u0131\u011f\u0131, a\u015final\u0131\u011f\u0131 ve rutinli\u011fiyle g\u00fcndelik hayat uzun zaman boyunca ara\u015ft\u0131rmaya de\u011fer bir konu olarak g\u00f6r\u00fclmedi. Ekonomik, siyasi ve toplumsal yap\u0131lar taraf\u0131ndan ba\u015ftan sona ku\u015fat\u0131ld\u0131\u011f\u0131 ve belirlendi\u011fi d\u00fc\u015f\u00fcn\u00fclen g\u00fcndelik hayat hep ikincil ve yan bir \u00fcr\u00fcn olarak say\u0131ld\u0131. Nitekim bu alan heterojenli\u011fi, karma\u015f\u0131kl\u0131\u011f\u0131 ve dinamikli\u011fi ile t\u00fcm bu \u00e7er\u00e7evelerin her zaman d\u0131\u015f\u0131na ta\u015fan bir \u00f6zellik sergiledi. Ancak \u0130kinci D\u00fcnya Sava\u015f\u0131 sonras\u0131nda ortaya \u00e7\u0131kan k\u00fclt\u00fcr ve ya\u015fam tarz\u0131 temelli yeni toplumsal hareketler, g\u00fcndelik hayat\u0131n incelenmesine stratejik bir \u00f6nem kazand\u0131rd\u0131. G\u00fcn\u00fcm\u00fczde giderek g\u00fcncellik kazanan bu \u00f6nem, Bennett\u2019in elinizde tuttu\u011funuz \u00e7al\u0131\u015fmas\u0131na da yans\u0131yor.Bennett g\u00fcndelik hayat ve k\u00fclt\u00fcr\u00fcn ge\u00e7mi\u015fte ve g\u00fcn\u00fcm\u00fczde \u00f6rt\u00fck veya a\u00e7\u0131k \u015fekilde nas\u0131l kuramsalla\u015ft\u0131rd\u0131\u011f\u0131na bakarak ba\u015fl\u0131yor. Marx ve Durkheim\u2019dan Kitle K\u00fclt\u00fcr\u00fc kuramc\u0131lar\u0131na, Simmel, Weber, Veblen\u2019den Postmodernist d\u00fc\u015f\u00fcn\u00fcrlere, \u0130ngiliz K\u00fclt\u00fcrel \u00c7al\u0131\u015fmalar\u0131\u2019ndan \u201ck\u00fclt\u00fcrel d\u00f6neme\u00e7\u201d ve sonras\u0131na kadar \u00e7e\u015fitli ara\u015ft\u0131rmac\u0131lar ve kuramc\u0131lar\u0131n konuya nas\u0131l yakla\u015ft\u0131klar\u0131 kitab\u0131n ilk yar\u0131s\u0131n\u0131n oda\u011f\u0131n\u0131 te\u015fkil ediyor. Sonras\u0131nda Bennett, g\u00fcn\u00fcm\u00fczde g\u00fcndelik hayat ve k\u00fclt\u00fcr\u00fcn ba\u015fat g\u00f6r\u00fcn\u00fcmleri olan medya, yeni medya, m\u00fczik, moda, turizm ve kar\u015f\u0131-k\u00fclt\u00fcrel ideoloji ile hareketleri hem kuramsal hem de ampirik lite- rat\u00fcrden kapsaml\u0131 bir \u015fekilde yararlanarak inceliyor. Kitap, g\u00fcndelik hayat alan\u0131yla tan\u0131\u015fmak veya ileti\u015fime ge\u00e7mek isteyen her t\u00fcrl\u00fc okuyucuya zengin ve keyifli bir okuma sunuyor.<\/p>\n","protected":false},"excerpt":{"rendered":"<p>\u201cG\u00fcndelik olan\u0131n di\u011fer \u00f6zellikleri ne olursa olsun, en temel niteli\u011fi \u015fudur: G\u00fcndelik olan ele avuca gelmez, ka\u00e7ar.\u201d Maurice Blanchot, The Gaze of Orpheus and other Literary<span class=\"excerpt-hellip\"> [\u2026]<\/span><\/p>\n","protected":false},"featured_media":0,"template":"","meta":{"_monsterinsights_skip_tracking":false,"_monsterinsights_sitenote_active":false,"_monsterinsights_sitenote_note":"","_monsterinsights_sitenote_category":0},"product_brand":[],"product_cat":[14787,13488],"product_tag":[],"class_list":{"0":"post-697527","1":"product","2":"type-product","3":"status-publish","5":"product_cat-diger-toplum-ve-insan","6":"product_cat-toplum-ve-insan","7":"pa_cilt-ciltsiz","8":"pa_tur-kitap","9":"pa_yayinevi-phoenix-yayinevi","10":"pa_yazar-andy-bennett","12":"first","13":"instock","14":"sale","15":"shipping-taxable","16":"purchasable","17":"product-type-simple"},"_links":{"self":[{"href":"https:\/\/roveyayinevi.com.tr\/index.php\/wp-json\/wp\/v2\/product\/697527","targetHints":{"allow":["GET"]}}],"collection":[{"href":"https:\/\/roveyayinevi.com.tr\/index.php\/wp-json\/wp\/v2\/product"}],"about":[{"href":"https:\/\/roveyayinevi.com.tr\/index.php\/wp-json\/wp\/v2\/types\/product"}],"wp:attachment":[{"href":"https:\/\/roveyayinevi.com.tr\/index.php\/wp-json\/wp\/v2\/media?parent=697527"}],"wp:term":[{"taxonomy":"product_brand","embeddable":true,"href":"https:\/\/roveyayinevi.com.tr\/index.php\/wp-json\/wp\/v2\/product_brand?post=697527"},{"taxonomy":"product_cat","embeddable":true,"href":"https:\/\/roveyayinevi.com.tr\/index.php\/wp-json\/wp\/v2\/product_cat?post=697527"},{"taxonomy":"product_tag","embeddable":true,"href":"https:\/\/roveyayinevi.com.tr\/index.php\/wp-json\/wp\/v2\/product_tag?post=697527"}],"curies":[{"name":"wp","href":"https:\/\/api.w.org\/{rel}","templated":true}]}}