{"id":697521,"date":"2025-08-27T14:40:26","date_gmt":"2025-08-27T11:40:26","guid":{"rendered":"https:\/\/roveyayinevi.com.tr\/index.php\/urun\/hic-icin-metinler-ve-uzun-oykuler\/"},"modified":"2026-04-16T02:07:16","modified_gmt":"2026-04-15T23:07:16","slug":"hic-icin-metinler-ve-uzun-oykuler","status":"publish","type":"product","link":"https:\/\/roveyayinevi.com.tr\/index.php\/urun\/hic-icin-metinler-ve-uzun-oykuler\/","title":{"rendered":"Hi\u00e7 \u0130\u00e7in Metinler ve Uzun \u00d6yk\u00fcler"},"content":{"rendered":"<p>\u0130rlandal\u0131 yazar Samuel Beckett,   ba\u015far\u0131s\u0131zl\u0131k\/yoksunluk sanat\u0131   olarak tan\u0131mlad\u0131\u011f\u0131 edebiyat anlay\u0131\u015f\u0131n\u0131 ilk \u015fiirlerinden son d\u00fczyaz\u0131lar\u0131na kadar inatla s\u00fcrd\u00fcrm\u00fc\u015ft\u00fcr.   Sanat\u00e7\u0131n\u0131n nedenini bilmeden, hi\u00e7bir \u015feye sahip olmadan hi\u00e7i anlatmak zorunda kal\u0131\u015f\u0131   diye a\u00e7\u0131klayabilece\u011fimiz   ba\u015far\u0131s\u0131zl\u0131k\/yoksunluk   kavram\u0131 d\u00f6rt uzun \u00f6yk\u00fcs\u00fcnde yo\u011fun bir kara mizahla yo\u011frulur. <\/p>\n","protected":false},"excerpt":{"rendered":"<p>\u0130rlandal\u0131 yazar Samuel Beckett, ba\u015far\u0131s\u0131zl\u0131k\/yoksunluk sanat\u0131 olarak tan\u0131mlad\u0131\u011f\u0131 edebiyat anlay\u0131\u015f\u0131n\u0131 ilk \u015fiirlerinden son d\u00fczyaz\u0131lar\u0131na kadar inatla s\u00fcrd\u00fcrm\u00fc\u015ft\u00fcr. Sanat\u00e7\u0131n\u0131n nedenini bilmeden, hi\u00e7bir \u015feye sahip olmadan hi\u00e7i anlatmak<span class=\"excerpt-hellip\"> [\u2026]<\/span><\/p>\n","protected":false},"featured_media":0,"template":"","meta":{"_monsterinsights_skip_tracking":false,"_monsterinsights_sitenote_active":false,"_monsterinsights_sitenote_note":"","_monsterinsights_sitenote_category":0},"product_brand":[],"product_cat":[12291,12866],"product_tag":[],"class_list":{"0":"post-697521","1":"product","2":"type-product","3":"status-publish","5":"product_cat-edebiyat","6":"product_cat-ingiliz-edebiyati","7":"pa_cilt-ciltsiz","8":"pa_tur-kitap","9":"pa_yayinevi-ayrinti-yayinlari","10":"pa_yazar-samuel-beckett","12":"first","13":"instock","14":"sale","15":"shipping-taxable","16":"purchasable","17":"product-type-simple"},"_links":{"self":[{"href":"https:\/\/roveyayinevi.com.tr\/index.php\/wp-json\/wp\/v2\/product\/697521","targetHints":{"allow":["GET"]}}],"collection":[{"href":"https:\/\/roveyayinevi.com.tr\/index.php\/wp-json\/wp\/v2\/product"}],"about":[{"href":"https:\/\/roveyayinevi.com.tr\/index.php\/wp-json\/wp\/v2\/types\/product"}],"wp:attachment":[{"href":"https:\/\/roveyayinevi.com.tr\/index.php\/wp-json\/wp\/v2\/media?parent=697521"}],"wp:term":[{"taxonomy":"product_brand","embeddable":true,"href":"https:\/\/roveyayinevi.com.tr\/index.php\/wp-json\/wp\/v2\/product_brand?post=697521"},{"taxonomy":"product_cat","embeddable":true,"href":"https:\/\/roveyayinevi.com.tr\/index.php\/wp-json\/wp\/v2\/product_cat?post=697521"},{"taxonomy":"product_tag","embeddable":true,"href":"https:\/\/roveyayinevi.com.tr\/index.php\/wp-json\/wp\/v2\/product_tag?post=697521"}],"curies":[{"name":"wp","href":"https:\/\/api.w.org\/{rel}","templated":true}]}}