{"id":697518,"date":"2025-08-27T14:40:25","date_gmt":"2025-08-27T11:40:25","guid":{"rendered":"https:\/\/roveyayinevi.com.tr\/index.php\/urun\/hayatin-anlami-2\/"},"modified":"2026-04-16T02:07:16","modified_gmt":"2026-04-15T23:07:16","slug":"hayatin-anlami-2","status":"publish","type":"product","link":"https:\/\/roveyayinevi.com.tr\/index.php\/urun\/hayatin-anlami-2\/","title":{"rendered":"Hayat\u0131n Anlam\u0131"},"content":{"rendered":"<p>Hayat\u0131n anlam\u0131 nedir? Daha fazla g\u00fc\u00e7, servet, seks, a\u015fk, \u00e7ikolata, futbol, entelekt\u00fcel tefekk\u00fcr ya da g\u00fcn\u00fc ya\u015famak m\u0131? Hayat\u0131n bir anlam\u0131 var m\u0131d\u0131r; yoksa o da t\u00fcm anlamlar gibi sadece postmodern bir kurgudan m\u0131 ibarettir? Anlam\u0131n h\u0131zla buharla\u015ft\u0131\u011f\u0131 g\u00fcn\u00fcm\u00fcz kapitalizminin kentli, pragmatik politik ve k\u00fclt\u00fcrel d\u00fcnyas\u0131nda her \u015feye ra\u011fmen ortak ya da hayatlar\u0131m\u0131za g\u00f6m\u00fcl\u00fc anlamlardan bahsedebilir miyiz? Terry Eagleton bu k\u0131sa  giri\u015f  kitab\u0131nda, insan bilimlerinin terk etti\u011fi ve pop\u00fcler k\u00fclt\u00fcrle anlam end\u00fcstrisinin istila etti\u011fi bir alanda hayat\u0131n anlam\u0131n\u0131 sorguluyor. Hayat\u0131n anlam\u0131n\u0131, anlam\u0131n hayat\u0131n\u0131 olu\u015fturan dilbilimsel, etik, k\u00fclt\u00fcrel ve politik g\u00f6stergelerle tart\u0131\u015fan Eagleton\u2019\u0131n anlat\u0131s\u0131na Shakespeare\u2019in tiyatral karakterleri, Wittgenstein\u2019\u0131n  dil oyunlar\u0131 , Schopenhauer\u2019un  isten\u00e7 i Heidegger\u2019in  hi\u00e7 i, Sartre\u2019daki endi\u015fe, Samuel Beckett\u2019in  belki si ve Freud\u2019un  bilin\u00e7d\u0131\u015f\u0131  da par\u00e7alar halinde kat\u0131l\u0131yor. Aristo\u2019dan Marx\u2019a uzanan bir ahlaki soyk\u00fct\u00fck dahilinde insan\u0131n kendini ger\u00e7ekle\u015ftirmesi, ki\u015fisel tatmin, toplumsal birer pratik olarak mutluluk, sevgi ve erdem gibi kavram ve de\u011ferleri yorumlayan Eagleton\u2019\u0131n bu kitab\u0131, hayat\u0131 h\u00e2l\u00e2 hayati g\u00f6stergeleriyle dert edenler i\u00e7in bir d\u00fc\u015f\u00fcnme \u00e7a\u011fr\u0131s\u0131. Hayat\u0131 ya da dendi\u011fi gibi,  Ey Hayat! \u0131. <\/p>\n","protected":false},"excerpt":{"rendered":"<p>Hayat\u0131n anlam\u0131 nedir? Daha fazla g\u00fc\u00e7, servet, seks, a\u015fk, \u00e7ikolata, futbol, entelekt\u00fcel tefekk\u00fcr ya da g\u00fcn\u00fc ya\u015famak m\u0131? Hayat\u0131n bir anlam\u0131 var m\u0131d\u0131r; yoksa o da<span class=\"excerpt-hellip\"> [\u2026]<\/span><\/p>\n","protected":false},"featured_media":0,"template":"","meta":{"_monsterinsights_skip_tracking":false,"_monsterinsights_sitenote_active":false,"_monsterinsights_sitenote_note":"","_monsterinsights_sitenote_category":0},"product_brand":[],"product_cat":[12777,12291],"product_tag":[],"class_list":{"0":"post-697518","1":"product","2":"type-product","3":"status-publish","5":"product_cat-deneme","6":"product_cat-edebiyat","7":"pa_cilt-ciltsiz","8":"pa_tur-kitap","9":"pa_yayinevi-ayrinti-yayinlari","10":"pa_yazar-terry-eagleton","12":"first","13":"instock","14":"sale","15":"shipping-taxable","16":"purchasable","17":"product-type-simple"},"_links":{"self":[{"href":"https:\/\/roveyayinevi.com.tr\/index.php\/wp-json\/wp\/v2\/product\/697518","targetHints":{"allow":["GET"]}}],"collection":[{"href":"https:\/\/roveyayinevi.com.tr\/index.php\/wp-json\/wp\/v2\/product"}],"about":[{"href":"https:\/\/roveyayinevi.com.tr\/index.php\/wp-json\/wp\/v2\/types\/product"}],"wp:attachment":[{"href":"https:\/\/roveyayinevi.com.tr\/index.php\/wp-json\/wp\/v2\/media?parent=697518"}],"wp:term":[{"taxonomy":"product_brand","embeddable":true,"href":"https:\/\/roveyayinevi.com.tr\/index.php\/wp-json\/wp\/v2\/product_brand?post=697518"},{"taxonomy":"product_cat","embeddable":true,"href":"https:\/\/roveyayinevi.com.tr\/index.php\/wp-json\/wp\/v2\/product_cat?post=697518"},{"taxonomy":"product_tag","embeddable":true,"href":"https:\/\/roveyayinevi.com.tr\/index.php\/wp-json\/wp\/v2\/product_tag?post=697518"}],"curies":[{"name":"wp","href":"https:\/\/api.w.org\/{rel}","templated":true}]}}