{"id":697517,"date":"2025-08-27T14:40:25","date_gmt":"2025-08-27T11:40:25","guid":{"rendered":"https:\/\/roveyayinevi.com.tr\/index.php\/urun\/din-teorisi-pratigi-dunu-bugunu\/"},"modified":"2026-01-29T02:12:46","modified_gmt":"2026-01-28T23:12:46","slug":"din-teorisi-pratigi-dunu-bugunu","status":"publish","type":"product","link":"https:\/\/roveyayinevi.com.tr\/index.php\/urun\/din-teorisi-pratigi-dunu-bugunu\/","title":{"rendered":"Din: Teorisi \/ Prati\u011fi, D\u00fcn\u00fc, Bug\u00fcn\u00fc"},"content":{"rendered":"<p>Bu kitab\u0131 olu\u015fturan tebli\u011fler, genelde Marksist bir duru\u015fu benimsiyor. Dinin ideolojik boyutunun s\u0131n\u0131f m\u00fccadeleleri a\u00e7\u0131s\u0131ndan \u00f6neminin bilincindeler, ku\u015fkusuz; dahas\u0131, Marksist din tahlillerine y\u00f6neltilen ele\u015ftirilerin dile getirdi\u011fi kaba monolitizm i\u00e7erisine d\u00fc\u015fmeyecek kadar, din-politika i\u00e7i\u00e7eli\u011finin fark\u0131ndalar. Dinin hem madunlar\u0131n kendini ifade (ve bir bak\u0131ma \u00f6zsavunu) arac\u0131, hem de bir iktidar ayg\u0131t\u0131 olarak maduniyetlerinin s\u00fcrd\u00fcr\u00fcc\u00fcs\u00fc oldu\u011funu g\u00f6rmezden gelmiyorlar. Dahas\u0131, bu tebli\u011fler, Kemalist laik(\u00e7i) anlay\u0131\u015fla hesapla\u015fmas\u0131n\u0131 tamamlam\u0131\u015f bir duru\u015fun ifadeleri. \u201cBa\u015fka bir d\u00fcnya\u201dn\u0131n, gelece\u011fin e\u015fitlik ve \u00f6zg\u00fcrl\u00fck d\u00fcnyas\u0131n\u0131n dine, dinsel inan\u00e7lara de\u011fil, iktisad\u00ee ve siyasal iktidara, s\u00f6m\u00fcr\u00fc ve tahakk\u00fcm sistemine kar\u015f\u0131 (s\u0131n\u0131f) m\u00fccadele(si) i\u00e7erisinde bi\u00e7imlenece\u011finin bilinciyle kaleme al\u0131nd\u0131lar. Din, bu tebli\u011flerin yazarlar\u0131n\u0131 bask\u0131 ve s\u00f6m\u00fcr\u00fc d\u00fczeninin s\u00fcrd\u00fcr\u00fcm\u00fcnde egemenlerin elinde \u00fcstlendi\u011fi i\u015flevler \u00f6l\u00e7\u00fcs\u00fcnde ilgilendiriyor. Bireylerin inan\u00e7 d\u00fcnyalar\u0131n\u0131 ve dinsel pratiklerini, genel \u201c\u00f6zg\u00fcrl\u00fckler\u201d alan\u0131 i\u00e7erisine yerle\u015ftirmeyi, boyunlar\u0131na bor\u00e7 biliyorlar. <\/p>\n","protected":false},"excerpt":{"rendered":"<p>Bu kitab\u0131 olu\u015fturan tebli\u011fler, genelde Marksist bir duru\u015fu benimsiyor. Dinin ideolojik boyutunun s\u0131n\u0131f m\u00fccadeleleri a\u00e7\u0131s\u0131ndan \u00f6neminin bilincindeler, ku\u015fkusuz; dahas\u0131, Marksist din tahlillerine y\u00f6neltilen ele\u015ftirilerin dile getirdi\u011fi<span class=\"excerpt-hellip\"> [\u2026]<\/span><\/p>\n","protected":false},"featured_media":0,"template":"","meta":{"_monsterinsights_skip_tracking":false,"_monsterinsights_sitenote_active":false,"_monsterinsights_sitenote_note":"","_monsterinsights_sitenote_category":0},"product_brand":[],"product_cat":[16098,12337],"product_tag":[],"class_list":{"0":"post-697517","1":"product","2":"type-product","3":"status-publish","5":"product_cat-politik-akimlar-hareketler","6":"product_cat-politika-siyaset","7":"pa_cilt-ciltsiz","8":"pa_tur-kitap","9":"pa_yayinevi-utopya-yayinevi","10":"pa_yazar-kolektif","12":"first","13":"instock","14":"sale","15":"shipping-taxable","16":"purchasable","17":"product-type-simple"},"_links":{"self":[{"href":"https:\/\/roveyayinevi.com.tr\/index.php\/wp-json\/wp\/v2\/product\/697517","targetHints":{"allow":["GET"]}}],"collection":[{"href":"https:\/\/roveyayinevi.com.tr\/index.php\/wp-json\/wp\/v2\/product"}],"about":[{"href":"https:\/\/roveyayinevi.com.tr\/index.php\/wp-json\/wp\/v2\/types\/product"}],"wp:attachment":[{"href":"https:\/\/roveyayinevi.com.tr\/index.php\/wp-json\/wp\/v2\/media?parent=697517"}],"wp:term":[{"taxonomy":"product_brand","embeddable":true,"href":"https:\/\/roveyayinevi.com.tr\/index.php\/wp-json\/wp\/v2\/product_brand?post=697517"},{"taxonomy":"product_cat","embeddable":true,"href":"https:\/\/roveyayinevi.com.tr\/index.php\/wp-json\/wp\/v2\/product_cat?post=697517"},{"taxonomy":"product_tag","embeddable":true,"href":"https:\/\/roveyayinevi.com.tr\/index.php\/wp-json\/wp\/v2\/product_tag?post=697517"}],"curies":[{"name":"wp","href":"https:\/\/api.w.org\/{rel}","templated":true}]}}