{"id":697510,"date":"2025-08-27T14:40:23","date_gmt":"2025-08-27T11:40:23","guid":{"rendered":"https:\/\/roveyayinevi.com.tr\/index.php\/urun\/hep-istanbul\/"},"modified":"2026-04-16T02:07:16","modified_gmt":"2026-04-15T23:07:16","slug":"hep-istanbul","status":"publish","type":"product","link":"https:\/\/roveyayinevi.com.tr\/index.php\/urun\/hep-istanbul\/","title":{"rendered":"Hep \u0130stanbul"},"content":{"rendered":"<p>Memleket Hik\u00e2yeleri\u2019nin unutulmaz yazar\u0131 Refik Halid Karay\u2019\u0131n 1938-1965 y\u0131llar\u0131 aras\u0131nda Tan, Ak\u015fam, Yeni \u0130stanbul, Zafer gibi d\u00f6nemin en \u00e7ok ses getiren gazete ve dergilerinde yay\u0131mlanan eserleri Memleket Yaz\u0131lar\u0131 dizisinde yeniden hayat buluyor. Karay\u2019\u0131n muharrir kimli\u011finin ayr\u0131lmaz bir par\u00e7as\u0131n\u0131 olu\u015fturan gazeteci ve f\u0131krac\u0131 yan\u0131 b\u00f6ylelikle 18 kitapl\u0131k bir diziyle okurlar\u0131na ula\u015f\u0131yor. Memleket Yaz\u0131lar\u0131 1938-1965 ile T\u00fcrkiye tarihinin en hareketli d\u00f6neminde memleketin ge\u00e7irdi\u011fi siyasi, k\u00fclt\u00fcrel, kentsel d\u00f6n\u00fc\u015f\u00fcmler konusunda Refik Halid\u2019in neler d\u00fc\u015f\u00fcnd\u00fc\u011f\u00fc, Osmanl\u0131 ge\u00e7mi\u015fini nas\u0131l de\u011ferlendirdi\u011fi ve hat\u0131rlad\u0131\u011f\u0131, tek parti iktidar\u0131 s\u0131ras\u0131nda ve demokrasinin tesis edilmeye \u00e7al\u0131\u015f\u0131ld\u0131\u011f\u0131 y\u0131llarda memleket g\u00fcndemine nas\u0131l bakt\u0131\u011f\u0131 daha iyi anla\u015f\u0131lacakt\u0131r. <\/p>\n","protected":false},"excerpt":{"rendered":"<p>Memleket Hik\u00e2yeleri\u2019nin unutulmaz yazar\u0131 Refik Halid Karay\u2019\u0131n 1938-1965 y\u0131llar\u0131 aras\u0131nda Tan, Ak\u015fam, Yeni \u0130stanbul, Zafer gibi d\u00f6nemin en \u00e7ok ses getiren gazete ve dergilerinde yay\u0131mlanan eserleri<span class=\"excerpt-hellip\"> [\u2026]<\/span><\/p>\n","protected":false},"featured_media":0,"template":"","meta":{"_monsterinsights_skip_tracking":false,"_monsterinsights_sitenote_active":false,"_monsterinsights_sitenote_note":"","_monsterinsights_sitenote_category":0},"product_brand":[],"product_cat":[12304,13650],"product_tag":[],"class_list":{"0":"post-697510","1":"product","2":"type-product","3":"status-publish","5":"product_cat-tarih","6":"product_cat-turk-tarihi-arastirmalari","7":"pa_cilt-ciltsiz","8":"pa_tur-kitap","9":"pa_yayinevi-inkilap-kitabevi","10":"pa_yazar-refik-halid-karay","12":"first","13":"instock","14":"sale","15":"shipping-taxable","16":"purchasable","17":"product-type-simple"},"_links":{"self":[{"href":"https:\/\/roveyayinevi.com.tr\/index.php\/wp-json\/wp\/v2\/product\/697510","targetHints":{"allow":["GET"]}}],"collection":[{"href":"https:\/\/roveyayinevi.com.tr\/index.php\/wp-json\/wp\/v2\/product"}],"about":[{"href":"https:\/\/roveyayinevi.com.tr\/index.php\/wp-json\/wp\/v2\/types\/product"}],"wp:attachment":[{"href":"https:\/\/roveyayinevi.com.tr\/index.php\/wp-json\/wp\/v2\/media?parent=697510"}],"wp:term":[{"taxonomy":"product_brand","embeddable":true,"href":"https:\/\/roveyayinevi.com.tr\/index.php\/wp-json\/wp\/v2\/product_brand?post=697510"},{"taxonomy":"product_cat","embeddable":true,"href":"https:\/\/roveyayinevi.com.tr\/index.php\/wp-json\/wp\/v2\/product_cat?post=697510"},{"taxonomy":"product_tag","embeddable":true,"href":"https:\/\/roveyayinevi.com.tr\/index.php\/wp-json\/wp\/v2\/product_tag?post=697510"}],"curies":[{"name":"wp","href":"https:\/\/api.w.org\/{rel}","templated":true}]}}