{"id":697508,"date":"2025-08-27T14:40:23","date_gmt":"2025-08-27T11:40:23","guid":{"rendered":"https:\/\/roveyayinevi.com.tr\/index.php\/urun\/piyasa-utopyasi\/"},"modified":"2026-04-16T02:07:16","modified_gmt":"2026-04-15T23:07:16","slug":"piyasa-utopyasi","status":"publish","type":"product","link":"https:\/\/roveyayinevi.com.tr\/index.php\/urun\/piyasa-utopyasi\/","title":{"rendered":"Piyasa \u00dctopyas\u0131"},"content":{"rendered":"<p>Kitapta savunulan d\u00fc\u015f\u00fcnce, piyasa sisteminin hem iktisadi hem de toplumsal bak\u0131mdan kendi kendisini yeniden \u00fcretme kapasitesinin son derece y\u00fcksek olmas\u0131na kar\u015f\u0131n, kurumsal \u00f6zellikleri ve dayand\u0131\u011f\u0131 toplum modelinin ta\u015f\u0131d\u0131\u011f\u0131 istikrars\u0131zl\u0131k e\u011filimleri y\u00fcz\u00fcnden, bu yeniden \u00fcretimim kimi zaman sistemin sonunu bile getirebilecek kadar sorunlu oldu\u011fudur.Bir ba\u015fka deyi\u015fle, piyasa mekanizmas\u0131na dayanan bir toplum tasar\u0131m\u0131, en az alternatif toplum tasar\u0131mlar\u0131 kadar uygulanamaz niteliktedir ya da Karl Polanyi\u2019nin deyi\u015fiyle, piyasa sistemi,   d\u00fcped\u00fcz bir \u00fctopyad\u0131r  . <\/p>\n","protected":false},"excerpt":{"rendered":"<p>Kitapta savunulan d\u00fc\u015f\u00fcnce, piyasa sisteminin hem iktisadi hem de toplumsal bak\u0131mdan kendi kendisini yeniden \u00fcretme kapasitesinin son derece y\u00fcksek olmas\u0131na kar\u015f\u0131n, kurumsal \u00f6zellikleri ve dayand\u0131\u011f\u0131 toplum<span class=\"excerpt-hellip\"> [\u2026]<\/span><\/p>\n","protected":false},"featured_media":0,"template":"","meta":{"_monsterinsights_skip_tracking":false,"_monsterinsights_sitenote_active":false,"_monsterinsights_sitenote_note":"","_monsterinsights_sitenote_category":0},"product_brand":[],"product_cat":[13043,14144],"product_tag":[],"class_list":{"0":"post-697508","1":"product","2":"type-product","3":"status-publish","5":"product_cat-ekonomi","6":"product_cat-turkiye-ekonomisi","7":"pa_cilt-ciltsiz","8":"pa_tur-kitap","9":"pa_yayinevi-bilgesu-yayincilik","10":"pa_yazar-huseyin-ozel","12":"first","13":"instock","14":"sale","15":"shipping-taxable","16":"purchasable","17":"product-type-simple"},"_links":{"self":[{"href":"https:\/\/roveyayinevi.com.tr\/index.php\/wp-json\/wp\/v2\/product\/697508","targetHints":{"allow":["GET"]}}],"collection":[{"href":"https:\/\/roveyayinevi.com.tr\/index.php\/wp-json\/wp\/v2\/product"}],"about":[{"href":"https:\/\/roveyayinevi.com.tr\/index.php\/wp-json\/wp\/v2\/types\/product"}],"wp:attachment":[{"href":"https:\/\/roveyayinevi.com.tr\/index.php\/wp-json\/wp\/v2\/media?parent=697508"}],"wp:term":[{"taxonomy":"product_brand","embeddable":true,"href":"https:\/\/roveyayinevi.com.tr\/index.php\/wp-json\/wp\/v2\/product_brand?post=697508"},{"taxonomy":"product_cat","embeddable":true,"href":"https:\/\/roveyayinevi.com.tr\/index.php\/wp-json\/wp\/v2\/product_cat?post=697508"},{"taxonomy":"product_tag","embeddable":true,"href":"https:\/\/roveyayinevi.com.tr\/index.php\/wp-json\/wp\/v2\/product_tag?post=697508"}],"curies":[{"name":"wp","href":"https:\/\/api.w.org\/{rel}","templated":true}]}}