{"id":697507,"date":"2025-08-27T14:40:23","date_gmt":"2025-08-27T11:40:23","guid":{"rendered":"https:\/\/roveyayinevi.com.tr\/index.php\/urun\/hukukun-ahlaki-kriterleri\/"},"modified":"2026-04-16T02:07:16","modified_gmt":"2026-04-15T23:07:16","slug":"hukukun-ahlaki-kriterleri","status":"publish","type":"product","link":"https:\/\/roveyayinevi.com.tr\/index.php\/urun\/hukukun-ahlaki-kriterleri\/","title":{"rendered":"Hukukun Ahlaki Kriterleri"},"content":{"rendered":"<p>Hukuki pozitivist d\u00fc\u015f\u00fcncenin hukuk ile ahlak aras\u0131nda kategorik bir ayr\u0131m\u0131 gerekli k\u0131ld\u0131\u011f\u0131na dair g\u00f6r\u00fc\u015f\u00fcn \u00e7a\u011fda\u015f pozitivist d\u00fc\u015f\u00fcn\u00fcrler aras\u0131nda evrensel bir kabul d\u00fczeyine ula\u015fmad\u0131\u011f\u0131 g\u00f6r\u00fcl\u00fcyor. Bir hukuk normunun ge\u00e7erlili\u011finin onun i\u00e7eri\u011finin ahlaki niteliklerine ba\u011fl\u0131 olabilece\u011fini savunan \u201ckapsay\u0131c\u0131 hukuki pozitivizm\u201d taraftarlar\u0131, bu t\u00fcrden bir ayr\u0131m\u0131 reddeden \u201cBa\u011fda\u015f\u0131m Tezi\u201d lehine tav\u0131r al\u0131yorlar. Bu kitapta Ba\u011fda\u015f\u0131m Tezinin kabul\u00fcn\u00fcn hukuki pozitivizmin temel ba\u011fl\u0131l\u0131klar\u0131ndan vazge\u00e7meyi gerektirmedi\u011fini ileri s\u00fcren bir iddia, aksi y\u00f6ndeki ele\u015ftirilere y\u00f6nelik cevaplar ve daha genel d\u00fczeyde hukuk \u2013ahlak\u2013 otorite ili\u015fkisine dair g\u00fcncel bir tart\u0131\u015fma yer al\u0131yor. <\/p>\n","protected":false},"excerpt":{"rendered":"<p>Hukuki pozitivist d\u00fc\u015f\u00fcncenin hukuk ile ahlak aras\u0131nda kategorik bir ayr\u0131m\u0131 gerekli k\u0131ld\u0131\u011f\u0131na dair g\u00f6r\u00fc\u015f\u00fcn \u00e7a\u011fda\u015f pozitivist d\u00fc\u015f\u00fcn\u00fcrler aras\u0131nda evrensel bir kabul d\u00fczeyine ula\u015fmad\u0131\u011f\u0131 g\u00f6r\u00fcl\u00fcyor. Bir hukuk<span class=\"excerpt-hellip\"> [\u2026]<\/span><\/p>\n","protected":false},"featured_media":0,"template":"","meta":{"_monsterinsights_skip_tracking":false,"_monsterinsights_sitenote_active":false,"_monsterinsights_sitenote_note":"","_monsterinsights_sitenote_category":0},"product_brand":[],"product_cat":[15350],"product_tag":[],"class_list":{"0":"post-697507","1":"product","2":"type-product","3":"status-publish","5":"product_cat-hukuk","6":"pa_cilt-ciltsiz","7":"pa_tur-kitap","8":"pa_yayinevi-bilgesu-yayincilik","9":"pa_yazar-kenneth-einar-himma","11":"first","12":"instock","13":"sale","14":"shipping-taxable","15":"purchasable","16":"product-type-simple"},"_links":{"self":[{"href":"https:\/\/roveyayinevi.com.tr\/index.php\/wp-json\/wp\/v2\/product\/697507","targetHints":{"allow":["GET"]}}],"collection":[{"href":"https:\/\/roveyayinevi.com.tr\/index.php\/wp-json\/wp\/v2\/product"}],"about":[{"href":"https:\/\/roveyayinevi.com.tr\/index.php\/wp-json\/wp\/v2\/types\/product"}],"wp:attachment":[{"href":"https:\/\/roveyayinevi.com.tr\/index.php\/wp-json\/wp\/v2\/media?parent=697507"}],"wp:term":[{"taxonomy":"product_brand","embeddable":true,"href":"https:\/\/roveyayinevi.com.tr\/index.php\/wp-json\/wp\/v2\/product_brand?post=697507"},{"taxonomy":"product_cat","embeddable":true,"href":"https:\/\/roveyayinevi.com.tr\/index.php\/wp-json\/wp\/v2\/product_cat?post=697507"},{"taxonomy":"product_tag","embeddable":true,"href":"https:\/\/roveyayinevi.com.tr\/index.php\/wp-json\/wp\/v2\/product_tag?post=697507"}],"curies":[{"name":"wp","href":"https:\/\/api.w.org\/{rel}","templated":true}]}}