{"id":697501,"date":"2025-08-27T14:40:21","date_gmt":"2025-08-27T11:40:21","guid":{"rendered":"https:\/\/roveyayinevi.com.tr\/index.php\/urun\/korku-kulubu-4-bahcedeki-sir\/"},"modified":"2026-04-16T02:07:16","modified_gmt":"2026-04-15T23:07:16","slug":"korku-kulubu-4-bahcedeki-sir","status":"publish","type":"product","link":"https:\/\/roveyayinevi.com.tr\/index.php\/urun\/korku-kulubu-4-bahcedeki-sir\/","title":{"rendered":"Korku Kul\u00fcb\u00fc 4 &#8211; Bah\u00e7edeki S\u0131r"},"content":{"rendered":"<p>Okul bah\u00e7esinde \u00f6l\u00fcm sessizli\u011fi h\u00fck\u00fcm s\u00fcrmektedir. Ku\u015flar\u0131n c\u0131v\u0131lt\u0131s\u0131 duyulmaz olmu\u015f, kurba\u011falar susmu\u015ftur. Bir gece \u00f6nce birileri, kilitli s\u0131n\u0131flara girip ortal\u0131\u011f\u0131 da\u011f\u0131t\u0131r. Bunu yapan ise bir t\u00fcrl\u00fc bulunamaz. J\u00fcpiter ve arkada\u015flar\u0131 b\u00fct\u00fcn bunlar\u0131n arka bah\u00e7edeki s\u00fcs havuzunun kenar\u0131nda bulduklar\u0131 ta\u015f heykelle ilgisi oldu\u011funu d\u00fc\u015f\u00fcn\u00fcrler. Bu heykel ger\u00e7ekten canlanabilir mi? Korku Kul\u00fcb\u00fc olay\u0131n izini s\u00fcrerken, siz de onlar\u0131n bu maceralar\u0131n\u0131 soluksuz okuyacaks\u0131n\u0131z! \u015eifre \u00c7\u00f6z\u00fcc\u00fc\u2019y\u00fc \u00e7izgili resimlerin \u00fczerinde dola\u015ft\u0131r\u0131n, i\u00e7lerindeki gizemi \u00f6\u011frenin!<\/p>\n","protected":false},"excerpt":{"rendered":"<p>Okul bah\u00e7esinde \u00f6l\u00fcm sessizli\u011fi h\u00fck\u00fcm s\u00fcrmektedir. Ku\u015flar\u0131n c\u0131v\u0131lt\u0131s\u0131 duyulmaz olmu\u015f, kurba\u011falar susmu\u015ftur. Bir gece \u00f6nce birileri, kilitli s\u0131n\u0131flara girip ortal\u0131\u011f\u0131 da\u011f\u0131t\u0131r. Bunu yapan ise bir t\u00fcrl\u00fc<span class=\"excerpt-hellip\"> [\u2026]<\/span><\/p>\n","protected":false},"featured_media":0,"template":"","meta":{"_monsterinsights_skip_tracking":false,"_monsterinsights_sitenote_active":false,"_monsterinsights_sitenote_note":"","_monsterinsights_sitenote_category":0},"product_brand":[],"product_cat":[12275,12274],"product_tag":[],"class_list":{"0":"post-697501","1":"product","2":"type-product","3":"status-publish","5":"product_cat-6-12-yas-kitaplari","6":"product_cat-cocuk-ve-genclik-kitaplari","7":"pa_cilt-ciltsiz","8":"pa_tur-kitap","9":"pa_yayinevi-beyaz-balina-yayinlari","10":"pa_yazar-thomas-brezina","12":"first","13":"instock","14":"sale","15":"shipping-taxable","16":"purchasable","17":"product-type-simple"},"_links":{"self":[{"href":"https:\/\/roveyayinevi.com.tr\/index.php\/wp-json\/wp\/v2\/product\/697501","targetHints":{"allow":["GET"]}}],"collection":[{"href":"https:\/\/roveyayinevi.com.tr\/index.php\/wp-json\/wp\/v2\/product"}],"about":[{"href":"https:\/\/roveyayinevi.com.tr\/index.php\/wp-json\/wp\/v2\/types\/product"}],"wp:attachment":[{"href":"https:\/\/roveyayinevi.com.tr\/index.php\/wp-json\/wp\/v2\/media?parent=697501"}],"wp:term":[{"taxonomy":"product_brand","embeddable":true,"href":"https:\/\/roveyayinevi.com.tr\/index.php\/wp-json\/wp\/v2\/product_brand?post=697501"},{"taxonomy":"product_cat","embeddable":true,"href":"https:\/\/roveyayinevi.com.tr\/index.php\/wp-json\/wp\/v2\/product_cat?post=697501"},{"taxonomy":"product_tag","embeddable":true,"href":"https:\/\/roveyayinevi.com.tr\/index.php\/wp-json\/wp\/v2\/product_tag?post=697501"}],"curies":[{"name":"wp","href":"https:\/\/api.w.org\/{rel}","templated":true}]}}