{"id":697492,"date":"2025-08-27T14:40:18","date_gmt":"2025-08-27T11:40:18","guid":{"rendered":"https:\/\/roveyayinevi.com.tr\/index.php\/urun\/makro-verilerle-turkiyede-yatirim-nasil-yapilir\/"},"modified":"2026-04-16T02:07:16","modified_gmt":"2026-04-15T23:07:16","slug":"makro-verilerle-turkiyede-yatirim-nasil-yapilir","status":"publish","type":"product","link":"https:\/\/roveyayinevi.com.tr\/index.php\/urun\/makro-verilerle-turkiyede-yatirim-nasil-yapilir\/","title":{"rendered":"Makro Verilerle T\u00fcrkiye\u2019de Yat\u0131r\u0131m Nas\u0131l Yap\u0131l\u0131r?"},"content":{"rendered":"<p>Bu kitap makro verileri kullanman\u0131n herkes i\u00e7in olanakl\u0131 oldu\u011funu g\u00f6stermeyi ama\u00e7l\u0131yor. Bunun i\u00e7in konular meslekten olmayanlar\u0131n da anlayaca\u011f\u0131 bir dille anlat\u0131lm\u0131\u015ft\u0131r.  Kitap enflasyon hakk\u0131nda. Ekonomi b\u00fcy\u00fcrken enflasyon ne kadar artar? K\u00fc\u00e7\u00fcl\u00fcrken d\u00fc\u015fer mi? Ne kadar d\u00fc\u015fer? Bunlar\u0131 \u00f6ng\u00f6rebilmenin avantajlar\u0131, do\u011fru zamanda yerinde yat\u0131r\u0131m kararlar\u0131 vermeyle birle\u015fti\u011finde hik\u00e2ye tekd\u00fcze ama ak\u0131lda kal\u0131c\u0131 bir hal alacakt\u0131r. Makro yat\u0131r\u0131m ilkeleri adeta parmak hesab\u0131yla anlat\u0131labilecek kadar basit g\u00f6r\u00fcnecektir. <\/p>\n","protected":false},"excerpt":{"rendered":"<p>Bu kitap makro verileri kullanman\u0131n herkes i\u00e7in olanakl\u0131 oldu\u011funu g\u00f6stermeyi ama\u00e7l\u0131yor. Bunun i\u00e7in konular meslekten olmayanlar\u0131n da anlayaca\u011f\u0131 bir dille anlat\u0131lm\u0131\u015ft\u0131r. Kitap enflasyon hakk\u0131nda. Ekonomi b\u00fcy\u00fcrken<span class=\"excerpt-hellip\"> [\u2026]<\/span><\/p>\n","protected":false},"featured_media":0,"template":"","meta":{"_monsterinsights_skip_tracking":false,"_monsterinsights_sitenote_active":false,"_monsterinsights_sitenote_note":"","_monsterinsights_sitenote_category":0},"product_brand":[],"product_cat":[12337,14543],"product_tag":[],"class_list":{"0":"post-697492","1":"product","2":"type-product","3":"status-publish","5":"product_cat-politika-siyaset","6":"product_cat-turkiye-siyaseti-ve-politikasi","7":"pa_cilt-ciltsiz","8":"pa_tur-kitap","9":"pa_yayinevi-bilgesu-yayincilik","10":"pa_yazar-altug-karamenderes","12":"first","13":"instock","14":"sale","15":"shipping-taxable","16":"purchasable","17":"product-type-simple"},"_links":{"self":[{"href":"https:\/\/roveyayinevi.com.tr\/index.php\/wp-json\/wp\/v2\/product\/697492","targetHints":{"allow":["GET"]}}],"collection":[{"href":"https:\/\/roveyayinevi.com.tr\/index.php\/wp-json\/wp\/v2\/product"}],"about":[{"href":"https:\/\/roveyayinevi.com.tr\/index.php\/wp-json\/wp\/v2\/types\/product"}],"wp:attachment":[{"href":"https:\/\/roveyayinevi.com.tr\/index.php\/wp-json\/wp\/v2\/media?parent=697492"}],"wp:term":[{"taxonomy":"product_brand","embeddable":true,"href":"https:\/\/roveyayinevi.com.tr\/index.php\/wp-json\/wp\/v2\/product_brand?post=697492"},{"taxonomy":"product_cat","embeddable":true,"href":"https:\/\/roveyayinevi.com.tr\/index.php\/wp-json\/wp\/v2\/product_cat?post=697492"},{"taxonomy":"product_tag","embeddable":true,"href":"https:\/\/roveyayinevi.com.tr\/index.php\/wp-json\/wp\/v2\/product_tag?post=697492"}],"curies":[{"name":"wp","href":"https:\/\/api.w.org\/{rel}","templated":true}]}}