{"id":697487,"date":"2025-08-27T14:40:17","date_gmt":"2025-08-27T11:40:17","guid":{"rendered":"https:\/\/roveyayinevi.com.tr\/index.php\/urun\/canavar-pesinde-serisi-14-karanliklar-diyari-kanatli-at-skor\/"},"modified":"2026-04-13T02:08:54","modified_gmt":"2026-04-12T23:08:54","slug":"canavar-pesinde-serisi-14-karanliklar-diyari-kanatli-at-skor","status":"publish","type":"product","link":"https:\/\/roveyayinevi.com.tr\/index.php\/urun\/canavar-pesinde-serisi-14-karanliklar-diyari-kanatli-at-skor\/","title":{"rendered":"Canavar Pe\u015finde Serisi 14 &#8211; Karanl\u0131klar Diyar\u0131 (Kanatl\u0131 At Skor)"},"content":{"rendered":"<p>Yepyeni Canavar Pe\u015finde maceras\u0131na ho\u015f geldiniz: Karanl\u0131klar Diyar\u0131. Tom, bu kez Avantia\u2019n\u0131n iyi canavarlar\u0131n\u0131 Karanl\u0131klar Diyar\u0131 Gorgonia\u2019dan kurtarmaya \u00e7al\u0131\u015f\u0131yor&#8230; Avantia\u2019n\u0131n iyi canavarlar\u0131, Malvel\u2019in yaratt\u0131\u011f\u0131 alt\u0131 yeni ve korkun\u00e7 canavar taraf\u0131ndan tutsak edildiler ve k\u00f6t\u00fc b\u00fcy\u00fcc\u00fcn\u00fcn h\u00fck\u00fcm s\u00fcrd\u00fc\u011f\u00fc Karanl\u0131klar Diyar\u0131 Gorgonia\u2019ya g\u00f6t\u00fcr\u00fcld\u00fcler. Tom, onlar\u0131 kurtarmak i\u00e7in arkada\u015flar\u0131yla bu korkun\u00e7 diyara ad\u0131m att\u0131. Ekip, bu tehlikeli yolculukta bu kez korkun\u00e7 yarat\u0131k Kanatl\u0131 At Skor ile kar\u015f\u0131la\u015f\u0131yor. \ufffcTan\u0131t\u0131m Metni<\/p>\n","protected":false},"excerpt":{"rendered":"<p>Yepyeni Canavar Pe\u015finde maceras\u0131na ho\u015f geldiniz: Karanl\u0131klar Diyar\u0131. Tom, bu kez Avantia\u2019n\u0131n iyi canavarlar\u0131n\u0131 Karanl\u0131klar Diyar\u0131 Gorgonia\u2019dan kurtarmaya \u00e7al\u0131\u015f\u0131yor&#8230; Avantia\u2019n\u0131n iyi canavarlar\u0131, Malvel\u2019in yaratt\u0131\u011f\u0131 alt\u0131 yeni<span class=\"excerpt-hellip\"> [\u2026]<\/span><\/p>\n","protected":false},"featured_media":0,"template":"","meta":{"_monsterinsights_skip_tracking":false,"_monsterinsights_sitenote_active":false,"_monsterinsights_sitenote_note":"","_monsterinsights_sitenote_category":0},"product_brand":[],"product_cat":[12274,12284],"product_tag":[],"class_list":{"0":"post-697487","1":"product","2":"type-product","3":"status-publish","5":"product_cat-cocuk-ve-genclik-kitaplari","6":"product_cat-hikayeler","7":"pa_cilt-ciltsiz","8":"pa_tur-kitap","9":"pa_yayinevi-beyaz-balina-yayinlari","10":"pa_yazar-adam-blade","12":"first","13":"instock","14":"sale","15":"shipping-taxable","16":"purchasable","17":"product-type-simple"},"_links":{"self":[{"href":"https:\/\/roveyayinevi.com.tr\/index.php\/wp-json\/wp\/v2\/product\/697487","targetHints":{"allow":["GET"]}}],"collection":[{"href":"https:\/\/roveyayinevi.com.tr\/index.php\/wp-json\/wp\/v2\/product"}],"about":[{"href":"https:\/\/roveyayinevi.com.tr\/index.php\/wp-json\/wp\/v2\/types\/product"}],"wp:attachment":[{"href":"https:\/\/roveyayinevi.com.tr\/index.php\/wp-json\/wp\/v2\/media?parent=697487"}],"wp:term":[{"taxonomy":"product_brand","embeddable":true,"href":"https:\/\/roveyayinevi.com.tr\/index.php\/wp-json\/wp\/v2\/product_brand?post=697487"},{"taxonomy":"product_cat","embeddable":true,"href":"https:\/\/roveyayinevi.com.tr\/index.php\/wp-json\/wp\/v2\/product_cat?post=697487"},{"taxonomy":"product_tag","embeddable":true,"href":"https:\/\/roveyayinevi.com.tr\/index.php\/wp-json\/wp\/v2\/product_tag?post=697487"}],"curies":[{"name":"wp","href":"https:\/\/api.w.org\/{rel}","templated":true}]}}