{"id":697485,"date":"2025-08-27T14:40:16","date_gmt":"2025-08-27T11:40:16","guid":{"rendered":"https:\/\/roveyayinevi.com.tr\/index.php\/urun\/yunus-emre-siirinin-gucu\/"},"modified":"2026-04-16T02:07:16","modified_gmt":"2026-04-15T23:07:16","slug":"yunus-emre-siirinin-gucu","status":"publish","type":"product","link":"https:\/\/roveyayinevi.com.tr\/index.php\/urun\/yunus-emre-siirinin-gucu\/","title":{"rendered":"Yunus Emre \u015eiirinin G\u00fcc\u00fc"},"content":{"rendered":"<p>Yunus Emre&#8230; Halk\u0131 y\u00fcre\u011finden kavrayan, i\u00e7ten dizeleriyle T\u00fcrk dilinin ya\u015famas\u0131na, yaz\u0131n dilinin olu\u015fmas\u0131na katk\u0131lar\u0131yla y\u00fczy\u0131llard\u0131r unutulmayan \u015fair&#8230; Bu kitap, onun sanat\u0131n\u0131, dilinin g\u00fcc\u00fcn\u00fc ortaya koyan \u00f6\u011feleri, onu y\u00fccelten dil ustal\u0131\u011f\u0131n\u0131 ele almakta; Yunus\u2019tan bize kadar gelen \u015fiirler anlambilim, dilbilim, bi\u00e7embilim (stilistik), \u015fiirbilim (poetik) kavramlar\u0131 a\u00e7\u0131s\u0131ndan incelenmektedir. <\/p>\n","protected":false},"excerpt":{"rendered":"<p>Yunus Emre&#8230; Halk\u0131 y\u00fcre\u011finden kavrayan, i\u00e7ten dizeleriyle T\u00fcrk dilinin ya\u015famas\u0131na, yaz\u0131n dilinin olu\u015fmas\u0131na katk\u0131lar\u0131yla y\u00fczy\u0131llard\u0131r unutulmayan \u015fair&#8230; Bu kitap, onun sanat\u0131n\u0131, dilinin g\u00fcc\u00fcn\u00fc ortaya koyan \u00f6\u011feleri,<span class=\"excerpt-hellip\"> [\u2026]<\/span><\/p>\n","protected":false},"featured_media":0,"template":"","meta":{"_monsterinsights_skip_tracking":false,"_monsterinsights_sitenote_active":false,"_monsterinsights_sitenote_note":"","_monsterinsights_sitenote_category":0},"product_brand":[],"product_cat":[12291,12509],"product_tag":[],"class_list":{"0":"post-697485","1":"product","2":"type-product","3":"status-publish","5":"product_cat-edebiyat","6":"product_cat-siir","7":"pa_tur-kitap","8":"pa_yayinevi-bilgi-yayinevi","9":"pa_yazar-dogan-aksan","11":"first","12":"instock","13":"sale","14":"shipping-taxable","15":"purchasable","16":"product-type-simple"},"_links":{"self":[{"href":"https:\/\/roveyayinevi.com.tr\/index.php\/wp-json\/wp\/v2\/product\/697485","targetHints":{"allow":["GET"]}}],"collection":[{"href":"https:\/\/roveyayinevi.com.tr\/index.php\/wp-json\/wp\/v2\/product"}],"about":[{"href":"https:\/\/roveyayinevi.com.tr\/index.php\/wp-json\/wp\/v2\/types\/product"}],"wp:attachment":[{"href":"https:\/\/roveyayinevi.com.tr\/index.php\/wp-json\/wp\/v2\/media?parent=697485"}],"wp:term":[{"taxonomy":"product_brand","embeddable":true,"href":"https:\/\/roveyayinevi.com.tr\/index.php\/wp-json\/wp\/v2\/product_brand?post=697485"},{"taxonomy":"product_cat","embeddable":true,"href":"https:\/\/roveyayinevi.com.tr\/index.php\/wp-json\/wp\/v2\/product_cat?post=697485"},{"taxonomy":"product_tag","embeddable":true,"href":"https:\/\/roveyayinevi.com.tr\/index.php\/wp-json\/wp\/v2\/product_tag?post=697485"}],"curies":[{"name":"wp","href":"https:\/\/api.w.org\/{rel}","templated":true}]}}