{"id":697484,"date":"2025-08-27T14:40:16","date_gmt":"2025-08-27T11:40:16","guid":{"rendered":"https:\/\/roveyayinevi.com.tr\/index.php\/urun\/yumurtadan-cikan-ogretmen\/"},"modified":"2026-04-16T02:07:15","modified_gmt":"2026-04-15T23:07:15","slug":"yumurtadan-cikan-ogretmen","status":"publish","type":"product","link":"https:\/\/roveyayinevi.com.tr\/index.php\/urun\/yumurtadan-cikan-ogretmen\/","title":{"rendered":"Yumurtadan \u00c7\u0131kan \u00d6\u011fretmen"},"content":{"rendered":"<p>\u00c7ocuklar\u0131n yazar dedesi Muzaffer \u0130zg\u00fc\u2019n\u00fcn \u00e7ok sevilen kitab\u0131 \u201cYumurtadan \u00c7\u0131kan \u00d6\u011fretmen\u201d Murat Say\u0131n\u2019\u0131n \u00e7izimleriyle yenilendi.\u00d6\u011fretmenini yumurta satarken g\u00f6ren P\u0131nar\u2019\u0131n \u00fcz\u00fcnt\u00fcs\u00fc, kargalarla dostluk kuran yazar\u0131n mutlulu\u011fu, okul temsilinde oynamak isteyen \u00e7ocuklar\u0131n m\u00fccadelesi var \u00f6yk\u00fclerde.\u0130lgi \u00e7ekici, e\u011fitici, s\u0131cac\u0131k ve sevgi dolu \u00f6yk\u00fcler.<\/p>\n","protected":false},"excerpt":{"rendered":"<p>\u00c7ocuklar\u0131n yazar dedesi Muzaffer \u0130zg\u00fc\u2019n\u00fcn \u00e7ok sevilen kitab\u0131 \u201cYumurtadan \u00c7\u0131kan \u00d6\u011fretmen\u201d Murat Say\u0131n\u2019\u0131n \u00e7izimleriyle yenilendi.\u00d6\u011fretmenini yumurta satarken g\u00f6ren P\u0131nar\u2019\u0131n \u00fcz\u00fcnt\u00fcs\u00fc, kargalarla dostluk kuran yazar\u0131n mutlulu\u011fu, okul<span class=\"excerpt-hellip\"> [\u2026]<\/span><\/p>\n","protected":false},"featured_media":0,"template":"","meta":{"_monsterinsights_skip_tracking":false,"_monsterinsights_sitenote_active":false,"_monsterinsights_sitenote_note":"","_monsterinsights_sitenote_category":0},"product_brand":[],"product_cat":[12275,12274],"product_tag":[],"class_list":{"0":"post-697484","1":"product","2":"type-product","3":"status-publish","5":"product_cat-6-12-yas-kitaplari","6":"product_cat-cocuk-ve-genclik-kitaplari","7":"pa_cilt-ciltsiz","8":"pa_tur-kitap","9":"pa_yayinevi-bilgi-yayinevi-cocuk","10":"pa_yazar-muzaffer-izgu","12":"first","13":"instock","14":"sale","15":"shipping-taxable","16":"purchasable","17":"product-type-simple"},"_links":{"self":[{"href":"https:\/\/roveyayinevi.com.tr\/index.php\/wp-json\/wp\/v2\/product\/697484","targetHints":{"allow":["GET"]}}],"collection":[{"href":"https:\/\/roveyayinevi.com.tr\/index.php\/wp-json\/wp\/v2\/product"}],"about":[{"href":"https:\/\/roveyayinevi.com.tr\/index.php\/wp-json\/wp\/v2\/types\/product"}],"wp:attachment":[{"href":"https:\/\/roveyayinevi.com.tr\/index.php\/wp-json\/wp\/v2\/media?parent=697484"}],"wp:term":[{"taxonomy":"product_brand","embeddable":true,"href":"https:\/\/roveyayinevi.com.tr\/index.php\/wp-json\/wp\/v2\/product_brand?post=697484"},{"taxonomy":"product_cat","embeddable":true,"href":"https:\/\/roveyayinevi.com.tr\/index.php\/wp-json\/wp\/v2\/product_cat?post=697484"},{"taxonomy":"product_tag","embeddable":true,"href":"https:\/\/roveyayinevi.com.tr\/index.php\/wp-json\/wp\/v2\/product_tag?post=697484"}],"curies":[{"name":"wp","href":"https:\/\/api.w.org\/{rel}","templated":true}]}}