{"id":697479,"date":"2025-08-27T14:40:15","date_gmt":"2025-08-27T11:40:15","guid":{"rendered":"https:\/\/roveyayinevi.com.tr\/index.php\/urun\/orhun-abideleri\/"},"modified":"2026-04-16T02:07:15","modified_gmt":"2026-04-15T23:07:15","slug":"orhun-abideleri","status":"publish","type":"product","link":"https:\/\/roveyayinevi.com.tr\/index.php\/urun\/orhun-abideleri\/","title":{"rendered":"Orhun Abideleri"},"content":{"rendered":"<p>&#8220;Orhun Abideleri&#8221;,T\u00fcrk medeniyetinin, k\u00fclt\u00fcr\u00fcn\u00fcn, tarihinin tek kelimeyle T\u00fcrk varl\u0131\u011f\u0131n\u0131n \u015faheser vesikas\u0131.Merhum Profes\u00f6r Muharrem Ergin&#8217;in bu \u015fahasere lay\u0131k \u00e7al\u0131\u015fmas\u0131 ile bu kitap elinize ula\u015fm\u0131\u015f oluyor.Prof. Ergin&#8217;in k\u0131ymetli talebesi Prof. Dr. Osman Fikri Sertkaya kitab\u0131 elden ge\u00e7irdi, \u00f6\u011frencilere en uygun \u015fekilde yeniden dizdirdi, renkli sayfalar ve foto\u011fraflar ilave edildi.<\/p>\n","protected":false},"excerpt":{"rendered":"<p>&#8220;Orhun Abideleri&#8221;,T\u00fcrk medeniyetinin, k\u00fclt\u00fcr\u00fcn\u00fcn, tarihinin tek kelimeyle T\u00fcrk varl\u0131\u011f\u0131n\u0131n \u015faheser vesikas\u0131.Merhum Profes\u00f6r Muharrem Ergin&#8217;in bu \u015fahasere lay\u0131k \u00e7al\u0131\u015fmas\u0131 ile bu kitap elinize ula\u015fm\u0131\u015f oluyor.Prof. Ergin&#8217;in k\u0131ymetli<span class=\"excerpt-hellip\"> [\u2026]<\/span><\/p>\n","protected":false},"featured_media":0,"template":"","meta":{"_monsterinsights_skip_tracking":false,"_monsterinsights_sitenote_active":false,"_monsterinsights_sitenote_note":"","_monsterinsights_sitenote_category":0},"product_brand":[],"product_cat":[12312,12304],"product_tag":[],"class_list":{"0":"post-697479","1":"product","2":"type-product","3":"status-publish","5":"product_cat-diger","6":"product_cat-tarih","7":"pa_cilt-ciltsiz","8":"pa_tur-kitap","9":"pa_yayinevi-bogazici-yayinlari","10":"pa_yazar-muharrem-ergin","12":"first","13":"instock","14":"sale","15":"shipping-taxable","16":"purchasable","17":"product-type-simple"},"_links":{"self":[{"href":"https:\/\/roveyayinevi.com.tr\/index.php\/wp-json\/wp\/v2\/product\/697479","targetHints":{"allow":["GET"]}}],"collection":[{"href":"https:\/\/roveyayinevi.com.tr\/index.php\/wp-json\/wp\/v2\/product"}],"about":[{"href":"https:\/\/roveyayinevi.com.tr\/index.php\/wp-json\/wp\/v2\/types\/product"}],"wp:attachment":[{"href":"https:\/\/roveyayinevi.com.tr\/index.php\/wp-json\/wp\/v2\/media?parent=697479"}],"wp:term":[{"taxonomy":"product_brand","embeddable":true,"href":"https:\/\/roveyayinevi.com.tr\/index.php\/wp-json\/wp\/v2\/product_brand?post=697479"},{"taxonomy":"product_cat","embeddable":true,"href":"https:\/\/roveyayinevi.com.tr\/index.php\/wp-json\/wp\/v2\/product_cat?post=697479"},{"taxonomy":"product_tag","embeddable":true,"href":"https:\/\/roveyayinevi.com.tr\/index.php\/wp-json\/wp\/v2\/product_tag?post=697479"}],"curies":[{"name":"wp","href":"https:\/\/api.w.org\/{rel}","templated":true}]}}