{"id":697473,"date":"2025-08-27T14:40:13","date_gmt":"2025-08-27T11:40:13","guid":{"rendered":"https:\/\/roveyayinevi.com.tr\/index.php\/urun\/gulen-ada\/"},"modified":"2026-04-16T02:07:15","modified_gmt":"2026-04-15T23:07:15","slug":"gulen-ada","status":"publish","type":"product","link":"https:\/\/roveyayinevi.com.tr\/index.php\/urun\/gulen-ada\/","title":{"rendered":"G\u00fclen Ada"},"content":{"rendered":"<p>Bir sabah Elif (Tiycan) yine ke\u00e7ileri ve ine\u011fi alarak deniz k\u0131y\u0131s\u0131na gitti. Mevsim gen\u00e7ti. Karada g\u00fcne\u015f ve bal s\u0131zan \u00e7i\u00e7eklerin \u00f6zsuyu, insan\u0131n nabz\u0131n\u0131 adeta \u00e7urlatarak \u00e7arpt\u0131r\u0131yorlard\u0131. Deniz ise mavi mavi yan\u0131yor ve g\u00f6z kama\u015ft\u0131r\u0131c\u0131 \u0131\u015f\u0131\u011f\u0131n\u0131 ta ufuklara yayarak alabildi\u011fine par\u0131lday\u0131p k\u0131p\u0131rd\u0131yordu. Deniz o g\u00fcn en mavi, en sevindirici ya\u015fay\u0131\u015f\u0131ndayd\u0131. Yedi Canl\u0131 denilen Tiycan&#8217;\u0131, yedi de\u011fil, sanki bir milyon canla canland\u0131r\u0131p sevindiriyordu&#8230; \ufffc<\/p>\n","protected":false},"excerpt":{"rendered":"<p>Bir sabah Elif (Tiycan) yine ke\u00e7ileri ve ine\u011fi alarak deniz k\u0131y\u0131s\u0131na gitti. Mevsim gen\u00e7ti. Karada g\u00fcne\u015f ve bal s\u0131zan \u00e7i\u00e7eklerin \u00f6zsuyu, insan\u0131n nabz\u0131n\u0131 adeta \u00e7urlatarak \u00e7arpt\u0131r\u0131yorlard\u0131.<span class=\"excerpt-hellip\"> [\u2026]<\/span><\/p>\n","protected":false},"featured_media":0,"template":"","meta":{"_monsterinsights_skip_tracking":false,"_monsterinsights_sitenote_active":false,"_monsterinsights_sitenote_note":"","_monsterinsights_sitenote_category":0},"product_brand":[],"product_cat":[12274,12284],"product_tag":[],"class_list":{"0":"post-697473","1":"product","2":"type-product","3":"status-publish","5":"product_cat-cocuk-ve-genclik-kitaplari","6":"product_cat-hikayeler","7":"pa_cilt-ciltsiz","8":"pa_tur-kitap","9":"pa_yayinevi-bilgi-yayinevi-cocuk","10":"pa_yazar-cevat-sakir-kabaagacli-halikarnas-balikcisi","12":"first","13":"instock","14":"sale","15":"shipping-taxable","16":"purchasable","17":"product-type-simple"},"_links":{"self":[{"href":"https:\/\/roveyayinevi.com.tr\/index.php\/wp-json\/wp\/v2\/product\/697473","targetHints":{"allow":["GET"]}}],"collection":[{"href":"https:\/\/roveyayinevi.com.tr\/index.php\/wp-json\/wp\/v2\/product"}],"about":[{"href":"https:\/\/roveyayinevi.com.tr\/index.php\/wp-json\/wp\/v2\/types\/product"}],"wp:attachment":[{"href":"https:\/\/roveyayinevi.com.tr\/index.php\/wp-json\/wp\/v2\/media?parent=697473"}],"wp:term":[{"taxonomy":"product_brand","embeddable":true,"href":"https:\/\/roveyayinevi.com.tr\/index.php\/wp-json\/wp\/v2\/product_brand?post=697473"},{"taxonomy":"product_cat","embeddable":true,"href":"https:\/\/roveyayinevi.com.tr\/index.php\/wp-json\/wp\/v2\/product_cat?post=697473"},{"taxonomy":"product_tag","embeddable":true,"href":"https:\/\/roveyayinevi.com.tr\/index.php\/wp-json\/wp\/v2\/product_tag?post=697473"}],"curies":[{"name":"wp","href":"https:\/\/api.w.org\/{rel}","templated":true}]}}