{"id":697466,"date":"2025-08-27T14:40:11","date_gmt":"2025-08-27T11:40:11","guid":{"rendered":"https:\/\/roveyayinevi.com.tr\/index.php\/urun\/zikkimin-koku\/"},"modified":"2026-04-16T02:07:15","modified_gmt":"2026-04-15T23:07:15","slug":"zikkimin-koku","status":"publish","type":"product","link":"https:\/\/roveyayinevi.com.tr\/index.php\/urun\/zikkimin-koku\/","title":{"rendered":"Z\u0131kk\u0131m\u0131n K\u00f6k\u00fc"},"content":{"rendered":"<p>&#8220;Y\u0131l 1933, aylardan ekim, g\u00fcnlerden 29; yani onuncu y\u0131l&#8230;cumhuriyetin onuncu y\u0131ld\u00f6n\u00fcm\u00fc&#8230; \u0130\u015fte o gece annem tutturmu\u015f da tutturmu\u015f, fener alay\u0131n\u0131 izleyece\u011fim, diye&#8230; Babam, yahu avrat ay\u0131n g\u00fcn\u00fcn, sanc\u0131n manc\u0131n tutar, hem bu kar\u0131nla&#8230; demi\u015f. Ama annem hi\u00e7 \u00f6yle co\u015fkulu bir g\u00fcnde evde oturmak ister mi? Kom\u015fu kad\u0131nlardan biriyle \u00e7\u0131km\u0131\u015flar evden, bir ya\u015f\u0131ndaki abim de annemin kuca\u011f\u0131nda. Fener alay\u0131n\u0131 eve en yak\u0131n izleme yeri, olsa olsa Saathane&#8217;nin oras\u0131&#8230; nas\u0131l kalabal\u0131k, i\u011fne atsan yere d\u00fc\u015fmez!&#8230; Az sonra bando \u00f6teden g\u00f6z\u00fckm\u00fc\u015f. P\u0131stattararaaaa&#8230; demeye ba\u015flay\u0131nca, uy anam, annemdeki sanc\u0131&#8230; Breh, kald\u0131r\u0131mda ad\u0131m atacak yer yok, yan y\u00f6n insan, gerisi d\u00fckk\u00e2n&#8230; annemi eve zor yeti\u015ftirmi\u015fler. Tastamam eve geldikten on dakika sonra beni do\u011furmu\u015f&#8230;&#8221; Bundan sonras\u0131 kitaptan \u00f6\u011freneceksiniz: Z\u0131kk\u0131m\u0131n K\u00f6k\u00fc \ufffc<\/p>\n","protected":false},"excerpt":{"rendered":"<p>&#8220;Y\u0131l 1933, aylardan ekim, g\u00fcnlerden 29; yani onuncu y\u0131l&#8230;cumhuriyetin onuncu y\u0131ld\u00f6n\u00fcm\u00fc&#8230; \u0130\u015fte o gece annem tutturmu\u015f da tutturmu\u015f, fener alay\u0131n\u0131 izleyece\u011fim, diye&#8230; Babam, yahu avrat ay\u0131n<span class=\"excerpt-hellip\"> [\u2026]<\/span><\/p>\n","protected":false},"featured_media":0,"template":"","meta":{"_monsterinsights_skip_tracking":false,"_monsterinsights_sitenote_active":false,"_monsterinsights_sitenote_note":"","_monsterinsights_sitenote_category":0},"product_brand":[],"product_cat":[12477,12364],"product_tag":[],"class_list":{"0":"post-697466","1":"product","2":"type-product","3":"status-publish","5":"product_cat-eglence-mizah","6":"product_cat-genel-konular","7":"pa_cilt-ciltsiz","8":"pa_tur-kitap","9":"pa_yayinevi-bilgi-yayinevi","10":"pa_yazar-muzaffer-izgu","12":"first","13":"instock","14":"sale","15":"shipping-taxable","16":"purchasable","17":"product-type-simple"},"_links":{"self":[{"href":"https:\/\/roveyayinevi.com.tr\/index.php\/wp-json\/wp\/v2\/product\/697466","targetHints":{"allow":["GET"]}}],"collection":[{"href":"https:\/\/roveyayinevi.com.tr\/index.php\/wp-json\/wp\/v2\/product"}],"about":[{"href":"https:\/\/roveyayinevi.com.tr\/index.php\/wp-json\/wp\/v2\/types\/product"}],"wp:attachment":[{"href":"https:\/\/roveyayinevi.com.tr\/index.php\/wp-json\/wp\/v2\/media?parent=697466"}],"wp:term":[{"taxonomy":"product_brand","embeddable":true,"href":"https:\/\/roveyayinevi.com.tr\/index.php\/wp-json\/wp\/v2\/product_brand?post=697466"},{"taxonomy":"product_cat","embeddable":true,"href":"https:\/\/roveyayinevi.com.tr\/index.php\/wp-json\/wp\/v2\/product_cat?post=697466"},{"taxonomy":"product_tag","embeddable":true,"href":"https:\/\/roveyayinevi.com.tr\/index.php\/wp-json\/wp\/v2\/product_tag?post=697466"}],"curies":[{"name":"wp","href":"https:\/\/api.w.org\/{rel}","templated":true}]}}