{"id":697459,"date":"2025-08-27T14:40:09","date_gmt":"2025-08-27T11:40:09","guid":{"rendered":"https:\/\/roveyayinevi.com.tr\/index.php\/urun\/orhon-uygur-hanligi-donemi-mogolistandaki-eski-turk-yazitlari\/"},"modified":"2026-04-16T02:07:15","modified_gmt":"2026-04-15T23:07:15","slug":"orhon-uygur-hanligi-donemi-mogolistandaki-eski-turk-yazitlari","status":"publish","type":"product","link":"https:\/\/roveyayinevi.com.tr\/index.php\/urun\/orhon-uygur-hanligi-donemi-mogolistandaki-eski-turk-yazitlari\/","title":{"rendered":"Orhon &#8211; Uygur Hanl\u0131\u011f\u0131 D\u00f6nemi &#8211;  Mo\u011folistan\u2019daki Eski T\u00fcrk Yaz\u0131tlar\u0131"},"content":{"rendered":"<p>Mo\u011folistan&#8217;daki T\u00fcrk Ka\u011fanl\u0131\u011f\u0131 ile Uygur Ka\u011fanl\u0131\u011f\u0131na ait yaz\u0131tlar, K\u00fcl Bilge Ka\u011fan, Tunyukuk, Ongi, K\u00fcli \u00c7or, \u00c7oyr, Kara Balgasun (I, II), Tes, Taryat, Moyun \u00c7or ve S\u00fcci yaz\u0131tlar\u0131 ilk kez elinizdeki bu kitapta bir araya getirilmi\u015ftir. T\u00fcrk\u00e7e yaz\u0131tlar\u0131n d\u0131\u015f\u0131nda, her \u00fc\u00e7 d\u00f6neme, ilk ve son T\u00fcrk (Uygur) hakanl\u0131klan d\u00f6nemine ait So\u011fdca ve \u00c7ince yaz\u0131tlar da ilgili alanlar\u0131n uzmanlar\u0131n\u0131n \u00e7evirilerine dayan\u0131larak b\u00fct\u00fcnl\u00fck sa\u011flamak amac\u0131yla kitaba dahil edildi. An\u0131lan bu yaz\u0131tlar, T\u00fcrk dili alan\u0131ndaki ilerlemelere, yeniliklere g\u00f6re yeniden okunmu\u015f, T\u00fcrk\u00e7eye, yal\u0131n bir dille, bir kez daha \u00e7evrilmi\u015ftir. Kitap, yaz\u0131tlarla ilgili foto\u011fraflarla da zenginle\u015ftirilmi\u015ftir Orhon-Uygur Hakanl\u0131\u011f\u0131 D\u00f6nemi Mo\u011folistan&#8217;daki Eski T\u00fcrk Yaz\u0131dan, hem eski T\u00fcrk diliyle ilgilenenlerin hem de bu alanda \u00f6\u011frenim g\u00f6renlerin ba\u015fvuru kitab\u0131 olaca\u011f\u0131 inanc\u0131yla derlenmi\u015ftir. <\/p>\n","protected":false},"excerpt":{"rendered":"<p>Mo\u011folistan&#8217;daki T\u00fcrk Ka\u011fanl\u0131\u011f\u0131 ile Uygur Ka\u011fanl\u0131\u011f\u0131na ait yaz\u0131tlar, K\u00fcl Bilge Ka\u011fan, Tunyukuk, Ongi, K\u00fcli \u00c7or, \u00c7oyr, Kara Balgasun (I, II), Tes, Taryat, Moyun \u00c7or ve S\u00fcci<span class=\"excerpt-hellip\"> [\u2026]<\/span><\/p>\n","protected":false},"featured_media":0,"template":"","meta":{"_monsterinsights_skip_tracking":false,"_monsterinsights_sitenote_active":false,"_monsterinsights_sitenote_note":"","_monsterinsights_sitenote_category":0},"product_brand":[],"product_cat":[12370,12304],"product_tag":[],"class_list":{"0":"post-697459","1":"product","2":"type-product","3":"status-publish","5":"product_cat-arastirma-inceleme","6":"product_cat-tarih","7":"pa_cilt-ciltsiz","8":"pa_tur-kitap","9":"pa_yayinevi-bilgesu-yayincilik","10":"pa_yazar-mehmet-olmez","12":"first","13":"instock","14":"sale","15":"shipping-taxable","16":"purchasable","17":"product-type-simple"},"_links":{"self":[{"href":"https:\/\/roveyayinevi.com.tr\/index.php\/wp-json\/wp\/v2\/product\/697459","targetHints":{"allow":["GET"]}}],"collection":[{"href":"https:\/\/roveyayinevi.com.tr\/index.php\/wp-json\/wp\/v2\/product"}],"about":[{"href":"https:\/\/roveyayinevi.com.tr\/index.php\/wp-json\/wp\/v2\/types\/product"}],"wp:attachment":[{"href":"https:\/\/roveyayinevi.com.tr\/index.php\/wp-json\/wp\/v2\/media?parent=697459"}],"wp:term":[{"taxonomy":"product_brand","embeddable":true,"href":"https:\/\/roveyayinevi.com.tr\/index.php\/wp-json\/wp\/v2\/product_brand?post=697459"},{"taxonomy":"product_cat","embeddable":true,"href":"https:\/\/roveyayinevi.com.tr\/index.php\/wp-json\/wp\/v2\/product_cat?post=697459"},{"taxonomy":"product_tag","embeddable":true,"href":"https:\/\/roveyayinevi.com.tr\/index.php\/wp-json\/wp\/v2\/product_tag?post=697459"}],"curies":[{"name":"wp","href":"https:\/\/api.w.org\/{rel}","templated":true}]}}