{"id":697455,"date":"2025-08-27T14:40:08","date_gmt":"2025-08-27T11:40:08","guid":{"rendered":"https:\/\/roveyayinevi.com.tr\/index.php\/urun\/metinlerle-ortacagda-felsefe\/"},"modified":"2026-04-16T02:07:15","modified_gmt":"2026-04-15T23:07:15","slug":"metinlerle-ortacagda-felsefe","status":"publish","type":"product","link":"https:\/\/roveyayinevi.com.tr\/index.php\/urun\/metinlerle-ortacagda-felsefe\/","title":{"rendered":"Metinlerle Orta\u00e7a\u011fda Felsefe"},"content":{"rendered":"<p>Hakk\u0131nda birbirleriyle uyu\u015fmayan yarg\u0131lar\u0131n oldu\u011fu bir d\u00f6nemdir orta\u00e7a\u011f. Bir yandan karanl\u0131k bir \u00e7a\u011f, bir barbarl\u0131k d\u00f6nemi; \u00f6te yandan d\u00fc\u015f\u00fcnsel, sanatsal anlamda verimli bir d\u00f6nem diye g\u00f6r\u00fcl\u00fcr. Her iki yarg\u0131da da hakl\u0131l\u0131k pay\u0131 var. Ne ki, orta\u00e7a\u011f felsefesinin g\u00fcn\u00fcm\u00fcz felsefe yapma gelene\u011fini belirledi\u011fi konusunda ku\u015fku yoktur. Bunun i\u00e7in de orta\u00e7a\u011f derinlemesine ele al\u0131nmay\u0131 hakeder.Orta\u00e7a\u011fda Felsefe, bundan dolay\u0131 antik\u00e7a\u011f d\u00fc\u015f\u00fcncesinden orta\u00e7a\u011f d\u00fc\u015f\u00fcncesine ge\u00e7i\u015fin temsilcisi diye g\u00f6r\u00fclen Plotinos&#8217;tan, orta\u00e7a\u011f d\u00fc\u015f\u00fcncesinden R\u00f6nesans d\u00fc\u015f\u00fcncesine ge\u00e7i\u015fin temsilcisi diye g\u00f6r\u00fclen Ockhaml\u0131 William&#8217;a kadar ge\u00e7en bin y\u0131ll\u0131k d\u00f6nemi, belli ba\u015fl\u0131 filozoflar\u0131n metinleriyle ele alan -bundan \u00f6t\u00fcr\u00fc de i\u00e7erden- bir felsefe tarihidir. <\/p>\n","protected":false},"excerpt":{"rendered":"<p>Hakk\u0131nda birbirleriyle uyu\u015fmayan yarg\u0131lar\u0131n oldu\u011fu bir d\u00f6nemdir orta\u00e7a\u011f. Bir yandan karanl\u0131k bir \u00e7a\u011f, bir barbarl\u0131k d\u00f6nemi; \u00f6te yandan d\u00fc\u015f\u00fcnsel, sanatsal anlamda verimli bir d\u00f6nem diye g\u00f6r\u00fcl\u00fcr.<span class=\"excerpt-hellip\"> [\u2026]<\/span><\/p>\n","protected":false},"featured_media":0,"template":"","meta":{"_monsterinsights_skip_tracking":false,"_monsterinsights_sitenote_active":false,"_monsterinsights_sitenote_note":"","_monsterinsights_sitenote_category":0},"product_brand":[],"product_cat":[12388,15309],"product_tag":[],"class_list":{"0":"post-697455","1":"product","2":"type-product","3":"status-publish","5":"product_cat-felsefe","6":"product_cat-felsefi-akimlar","7":"pa_cilt-ciltsiz","8":"pa_tur-kitap","9":"pa_yayinevi-bilgesu-yayincilik","10":"pa_yazar-saffet-babur","12":"first","13":"instock","14":"sale","15":"shipping-taxable","16":"purchasable","17":"product-type-simple"},"_links":{"self":[{"href":"https:\/\/roveyayinevi.com.tr\/index.php\/wp-json\/wp\/v2\/product\/697455","targetHints":{"allow":["GET"]}}],"collection":[{"href":"https:\/\/roveyayinevi.com.tr\/index.php\/wp-json\/wp\/v2\/product"}],"about":[{"href":"https:\/\/roveyayinevi.com.tr\/index.php\/wp-json\/wp\/v2\/types\/product"}],"wp:attachment":[{"href":"https:\/\/roveyayinevi.com.tr\/index.php\/wp-json\/wp\/v2\/media?parent=697455"}],"wp:term":[{"taxonomy":"product_brand","embeddable":true,"href":"https:\/\/roveyayinevi.com.tr\/index.php\/wp-json\/wp\/v2\/product_brand?post=697455"},{"taxonomy":"product_cat","embeddable":true,"href":"https:\/\/roveyayinevi.com.tr\/index.php\/wp-json\/wp\/v2\/product_cat?post=697455"},{"taxonomy":"product_tag","embeddable":true,"href":"https:\/\/roveyayinevi.com.tr\/index.php\/wp-json\/wp\/v2\/product_tag?post=697455"}],"curies":[{"name":"wp","href":"https:\/\/api.w.org\/{rel}","templated":true}]}}