{"id":697452,"date":"2025-08-27T14:40:07","date_gmt":"2025-08-27T11:40:07","guid":{"rendered":"https:\/\/roveyayinevi.com.tr\/index.php\/urun\/jaguar-taslari-2-dunyanin-sonu\/"},"modified":"2026-04-16T02:07:15","modified_gmt":"2026-04-15T23:07:15","slug":"jaguar-taslari-2-dunyanin-sonu","status":"publish","type":"product","link":"https:\/\/roveyayinevi.com.tr\/index.php\/urun\/jaguar-taslari-2-dunyanin-sonu\/","title":{"rendered":"Jaguar Ta\u015flar\u0131 &#8211; 2: D\u00fcnyan\u0131n Sonu"},"content":{"rendered":"<p>Haydi gidelim,  dedi leydi koko.  d\u00fcnyay\u0131 kurtarmam\u0131z\u0131n zaman\u0131 geldi.  Maya Takvimi\u2019nin sonuna yakla\u015f\u0131l\u0131rken, on d\u00f6rt ya\u015f\u0131ndaki Max Murphy ve eski Mayalar\u0131n soyundan gelen arkada\u015f\u0131 Lola, zamana kar\u015f\u0131 yar\u0131\u015f\u0131yorlar&#8230; Maceran\u0131n mek\u00e2n\u0131, bu kez \u0130spanya Max\u2019in, \u00d6l\u00fcm\u00fcn Efendileri\u2019nin ondan istedi\u011fi Sar\u0131 Jaguar\u2019\u0131 bulabilmek i\u00e7in yaln\u0131zca yedi g\u00fcn\u00fc vard\u0131r. Max Lola, h\u00e2l\u00e2 maymun bedeninde ya\u015fayan Kral 6 K\u00f6pek ve onun annesi Leydi Koko ile \u0130spanya\u2019n\u0131n k\u00fc\u00e7\u00fck bir kasabas\u0131nda bir araya gelir. Bu soluk kesici macera boyunca cinayetten tutuklanan, ba\u015fs\u0131z hayaletlerle sava\u015fan, hatta kendi tabutunda uyanan Max, arkada\u015flar\u0131 kay\u0131plara kar\u0131\u015f\u0131nca ka\u00e7mak zorunda kal\u0131r. Hem de ensesinde cehennem taz\u0131lar\u0131n\u0131n solu\u011funu hissederek&#8230; Max ile Lola, g\u00fcne\u015f d\u00fcnya \u00fczerinde son kez batmadan \u00f6nce g\u00f6revlerini tamamlayabilecekler midir? <\/p>\n","protected":false},"excerpt":{"rendered":"<p>Haydi gidelim, dedi leydi koko. d\u00fcnyay\u0131 kurtarmam\u0131z\u0131n zaman\u0131 geldi. Maya Takvimi\u2019nin sonuna yakla\u015f\u0131l\u0131rken, on d\u00f6rt ya\u015f\u0131ndaki Max Murphy ve eski Mayalar\u0131n soyundan gelen arkada\u015f\u0131 Lola, zamana<span class=\"excerpt-hellip\"> [\u2026]<\/span><\/p>\n","protected":false},"featured_media":0,"template":"","meta":{"_monsterinsights_skip_tracking":false,"_monsterinsights_sitenote_active":false,"_monsterinsights_sitenote_note":"","_monsterinsights_sitenote_category":0},"product_brand":[],"product_cat":[12291,12711],"product_tag":[],"class_list":{"0":"post-697452","1":"product","2":"type-product","3":"status-publish","5":"product_cat-edebiyat","6":"product_cat-roman-oyku","7":"pa_tur-kitap","8":"pa_yayinevi-beyaz-balina-yayinlari","9":"pa_yazar-james-r-voelkel","11":"first","12":"instock","13":"sale","14":"shipping-taxable","15":"purchasable","16":"product-type-simple"},"_links":{"self":[{"href":"https:\/\/roveyayinevi.com.tr\/index.php\/wp-json\/wp\/v2\/product\/697452","targetHints":{"allow":["GET"]}}],"collection":[{"href":"https:\/\/roveyayinevi.com.tr\/index.php\/wp-json\/wp\/v2\/product"}],"about":[{"href":"https:\/\/roveyayinevi.com.tr\/index.php\/wp-json\/wp\/v2\/types\/product"}],"wp:attachment":[{"href":"https:\/\/roveyayinevi.com.tr\/index.php\/wp-json\/wp\/v2\/media?parent=697452"}],"wp:term":[{"taxonomy":"product_brand","embeddable":true,"href":"https:\/\/roveyayinevi.com.tr\/index.php\/wp-json\/wp\/v2\/product_brand?post=697452"},{"taxonomy":"product_cat","embeddable":true,"href":"https:\/\/roveyayinevi.com.tr\/index.php\/wp-json\/wp\/v2\/product_cat?post=697452"},{"taxonomy":"product_tag","embeddable":true,"href":"https:\/\/roveyayinevi.com.tr\/index.php\/wp-json\/wp\/v2\/product_tag?post=697452"}],"curies":[{"name":"wp","href":"https:\/\/api.w.org\/{rel}","templated":true}]}}