{"id":697450,"date":"2025-08-27T14:40:06","date_gmt":"2025-08-27T11:40:06","guid":{"rendered":"https:\/\/roveyayinevi.com.tr\/index.php\/urun\/golgelerin-efendisi-9-zehirli-ok\/"},"modified":"2026-04-16T02:07:15","modified_gmt":"2026-04-15T23:07:15","slug":"golgelerin-efendisi-9-zehirli-ok","status":"publish","type":"product","link":"https:\/\/roveyayinevi.com.tr\/index.php\/urun\/golgelerin-efendisi-9-zehirli-ok\/","title":{"rendered":"G\u00f6lgelerin Efendisi 9 &#8211; Zehirli Ok"},"content":{"rendered":"<p>Macera devam ediyor&#8230; Halt, Horace ve Will, Tennyson ile m\u00fcritlerinin pe\u015fine d\u00fc\u015ferler. Amans\u0131z takiplerinin ard\u0131ndan bu kez sahte peygamberi tamamen ortadan kald\u0131rabilecekler midir? D\u0131\u015farl\u0131kl\u0131lar\u0131n sahte peygamberi, Clonmel&#8217;de i\u015fledi\u011fi cinayetten pa\u00e7as\u0131n\u0131 kurtarm\u0131\u015ft\u0131r. Fakat Halt, onu Araluen s\u0131n\u0131rlar\u0131na girmeden durdurmaya kararl\u0131d\u0131r.  Will, Tennyson&#8217;\u0131n Cenevizal\u0131 suikast\u00e7\u0131lar\u0131ndan birini Clonmel&#8217;de alt etmi\u015ftir fakat di\u011fer ikisi, h\u00e2l\u00e2 hayattad\u0131r. Will ve Halt&#8217;un \u00fcst\u00fcn ok\u00e7uluk yetenekleri, Cenevizal\u0131lara kar\u015f\u0131 verecekleri m\u00fccadelede galip gelmelerine yetecek midir?  Yoksa bu m\u00fccadele, Halt&#8217;un son sava\u015f\u0131 m\u0131 olacakt\u0131r?<\/p>\n","protected":false},"excerpt":{"rendered":"<p>Macera devam ediyor&#8230; Halt, Horace ve Will, Tennyson ile m\u00fcritlerinin pe\u015fine d\u00fc\u015ferler. Amans\u0131z takiplerinin ard\u0131ndan bu kez sahte peygamberi tamamen ortadan kald\u0131rabilecekler midir? D\u0131\u015farl\u0131kl\u0131lar\u0131n sahte peygamberi,<span class=\"excerpt-hellip\"> [\u2026]<\/span><\/p>\n","protected":false},"featured_media":0,"template":"","meta":{"_monsterinsights_skip_tracking":false,"_monsterinsights_sitenote_active":false,"_monsterinsights_sitenote_note":"","_monsterinsights_sitenote_category":0},"product_brand":[],"product_cat":[12291,14777],"product_tag":[],"class_list":{"0":"post-697450","1":"product","2":"type-product","3":"status-publish","5":"product_cat-edebiyat","6":"product_cat-fantastik","7":"pa_cilt-ciltsiz","8":"pa_tur-kitap","9":"pa_yayinevi-beyaz-balina-yayinlari","10":"pa_yazar-john-flanagan","12":"first","13":"instock","14":"sale","15":"shipping-taxable","16":"purchasable","17":"product-type-simple"},"_links":{"self":[{"href":"https:\/\/roveyayinevi.com.tr\/index.php\/wp-json\/wp\/v2\/product\/697450","targetHints":{"allow":["GET"]}}],"collection":[{"href":"https:\/\/roveyayinevi.com.tr\/index.php\/wp-json\/wp\/v2\/product"}],"about":[{"href":"https:\/\/roveyayinevi.com.tr\/index.php\/wp-json\/wp\/v2\/types\/product"}],"wp:attachment":[{"href":"https:\/\/roveyayinevi.com.tr\/index.php\/wp-json\/wp\/v2\/media?parent=697450"}],"wp:term":[{"taxonomy":"product_brand","embeddable":true,"href":"https:\/\/roveyayinevi.com.tr\/index.php\/wp-json\/wp\/v2\/product_brand?post=697450"},{"taxonomy":"product_cat","embeddable":true,"href":"https:\/\/roveyayinevi.com.tr\/index.php\/wp-json\/wp\/v2\/product_cat?post=697450"},{"taxonomy":"product_tag","embeddable":true,"href":"https:\/\/roveyayinevi.com.tr\/index.php\/wp-json\/wp\/v2\/product_tag?post=697450"}],"curies":[{"name":"wp","href":"https:\/\/api.w.org\/{rel}","templated":true}]}}