{"id":697449,"date":"2025-08-27T14:40:06","date_gmt":"2025-08-27T11:40:06","guid":{"rendered":"https:\/\/roveyayinevi.com.tr\/index.php\/urun\/golgelerin-efendisi-2-yanan-kopru\/"},"modified":"2026-04-16T02:07:15","modified_gmt":"2026-04-15T23:07:15","slug":"golgelerin-efendisi-2-yanan-kopru","status":"publish","type":"product","link":"https:\/\/roveyayinevi.com.tr\/index.php\/urun\/golgelerin-efendisi-2-yanan-kopru\/","title":{"rendered":"G\u00f6lgelerin Efendisi 2 &#8211; Yanan K\u00f6pr\u00fc"},"content":{"rendered":"<p>Son y\u0131llar\u0131n en iyi fantastik serilerinden biri olan ve haftalarca New York Times Bestseller listesinde kalan &#8220;G\u00f6lgelerin Efendisi \/ Ranger&#8217;s Apprentice&#8221;, bir Orman Muhaf\u0131z\u0131 \u00c7\u0131ra\u011f\u0131 olan Will&#8217;in ya\u015fad\u0131\u011f\u0131 soluk kesici maceralar\u0131 konu al\u0131yor\u2026Araluen Krall\u0131\u011f\u0131, y\u0131llard\u0131r do\u011fal engeller sayesinde k\u00f6t\u00fc kalpli Lord Morgarath&#8217;tan korunur. \u0130nsanlar g\u00fcven ve huzur i\u00e7inde ya\u015famaktad\u0131r. Ta ki &#8216;\u015feytan\u0131n&#8217; zaman\u0131 gelinceye kadar\u2026 Orman Muhaf\u0131z\u0131 Halt&#8217;un eski \u00e7\u0131ra\u011f\u0131 Gilan ile \u00f6zel bir g\u00f6reve kat\u0131lan Will ve Horace, ge\u00e7tikleri her yerin bo\u015falt\u0131lm\u0131\u015f oldu\u011funu g\u00f6r\u00fcrler.Morgarath&#8217;\u0131n krall\u0131k ordusu i\u00e7in planlad\u0131klar\u0131, hayalg\u00fc\u00e7lerinin \u00e7ok \u00f6tesindedir. Yakla\u015fan felaketin \u00f6nlenmesi, yaln\u0131zca Will ve Horace&#8217;a ba\u011fl\u0131d\u0131r.<\/p>\n","protected":false},"excerpt":{"rendered":"<p>Son y\u0131llar\u0131n en iyi fantastik serilerinden biri olan ve haftalarca New York Times Bestseller listesinde kalan &#8220;G\u00f6lgelerin Efendisi \/ Ranger&#8217;s Apprentice&#8221;, bir Orman Muhaf\u0131z\u0131 \u00c7\u0131ra\u011f\u0131 olan<span class=\"excerpt-hellip\"> [\u2026]<\/span><\/p>\n","protected":false},"featured_media":0,"template":"","meta":{"_monsterinsights_skip_tracking":false,"_monsterinsights_sitenote_active":false,"_monsterinsights_sitenote_note":"","_monsterinsights_sitenote_category":0},"product_brand":[],"product_cat":[12291,14777],"product_tag":[],"class_list":{"0":"post-697449","1":"product","2":"type-product","3":"status-publish","5":"product_cat-edebiyat","6":"product_cat-fantastik","7":"pa_cilt-ciltsiz","8":"pa_tur-kitap","9":"pa_yayinevi-beyaz-balina-yayinlari","10":"pa_yazar-john-flanagan","12":"first","13":"instock","14":"sale","15":"shipping-taxable","16":"purchasable","17":"product-type-simple"},"_links":{"self":[{"href":"https:\/\/roveyayinevi.com.tr\/index.php\/wp-json\/wp\/v2\/product\/697449","targetHints":{"allow":["GET"]}}],"collection":[{"href":"https:\/\/roveyayinevi.com.tr\/index.php\/wp-json\/wp\/v2\/product"}],"about":[{"href":"https:\/\/roveyayinevi.com.tr\/index.php\/wp-json\/wp\/v2\/types\/product"}],"wp:attachment":[{"href":"https:\/\/roveyayinevi.com.tr\/index.php\/wp-json\/wp\/v2\/media?parent=697449"}],"wp:term":[{"taxonomy":"product_brand","embeddable":true,"href":"https:\/\/roveyayinevi.com.tr\/index.php\/wp-json\/wp\/v2\/product_brand?post=697449"},{"taxonomy":"product_cat","embeddable":true,"href":"https:\/\/roveyayinevi.com.tr\/index.php\/wp-json\/wp\/v2\/product_cat?post=697449"},{"taxonomy":"product_tag","embeddable":true,"href":"https:\/\/roveyayinevi.com.tr\/index.php\/wp-json\/wp\/v2\/product_tag?post=697449"}],"curies":[{"name":"wp","href":"https:\/\/api.w.org\/{rel}","templated":true}]}}