{"id":697447,"date":"2025-08-27T14:40:05","date_gmt":"2025-08-27T11:40:05","guid":{"rendered":"https:\/\/roveyayinevi.com.tr\/index.php\/urun\/fedor-amca\/"},"modified":"2026-02-02T02:07:46","modified_gmt":"2026-02-01T23:07:46","slug":"fedor-amca","status":"publish","type":"product","link":"https:\/\/roveyayinevi.com.tr\/index.php\/urun\/fedor-amca\/","title":{"rendered":"Fedor Amca"},"content":{"rendered":"<p>Kitab\u0131n ismi \u015fa\u015f\u0131rtmas\u0131n sizi, \u00e7\u00fcnk\u00fc Fedor Amca daha alt\u0131 ya\u015f\u0131nda k\u00fc\u00e7\u00fcc\u00fck bir \u00e7ocuk. Fedor Amca hayvanlar\u0131 okadar \u00e7ok sever ki, birg\u00fcn kedi Tayfa\u2019yla tan\u0131\u015f\u0131r. Ama bu s\u0131radan bir kedi de\u011fildir, o konu\u015fabilen bir kedidir. Fedor Amca, Tayfa ile arkada\u015f olur ve onu eve g\u00f6t\u00fcr\u00fcr. Ama annesi Tayfa\u2019n\u0131n evlerinde ya\u015famas\u0131na izin vermez. Fedor Amca da bunun \u00fczerine evi terk eder. Kediyle birlikte S\u00fct Kesi\u011fi asl\u0131 bir k\u00f6ye giderler. Bu k\u00f6yde konu\u015fan k\u00f6pek Topa\u00e7\u2019la tan\u0131\u015f\u0131rlar. \u00dc\u00e7 arkada\u015f bir eve yerle\u015firler ve birlikte ya\u015famaya ba\u015flarlar B\u00f6ylece macera ba\u015flar. Fedor Amca\u2019n\u0131n maceralar\u0131n\u0131 kahkahayla okuyacaks\u0131n\u0131z. \ufffc<\/p>\n","protected":false},"excerpt":{"rendered":"<p>Kitab\u0131n ismi \u015fa\u015f\u0131rtmas\u0131n sizi, \u00e7\u00fcnk\u00fc Fedor Amca daha alt\u0131 ya\u015f\u0131nda k\u00fc\u00e7\u00fcc\u00fck bir \u00e7ocuk. Fedor Amca hayvanlar\u0131 okadar \u00e7ok sever ki, birg\u00fcn kedi Tayfa\u2019yla tan\u0131\u015f\u0131r. Ama bu<span class=\"excerpt-hellip\"> [\u2026]<\/span><\/p>\n","protected":false},"featured_media":0,"template":"","meta":{"_monsterinsights_skip_tracking":false,"_monsterinsights_sitenote_active":false,"_monsterinsights_sitenote_note":"","_monsterinsights_sitenote_category":0},"product_brand":[],"product_cat":[12274,12284],"product_tag":[],"class_list":{"0":"post-697447","1":"product","2":"type-product","3":"status-publish","5":"product_cat-cocuk-ve-genclik-kitaplari","6":"product_cat-hikayeler","7":"pa_cilt-ciltsiz","8":"pa_tur-kitap","9":"pa_yayinevi-beyaz-balina-yayinlari","10":"pa_yazar-eduard-uspenski","12":"first","13":"instock","14":"sale","15":"shipping-taxable","16":"purchasable","17":"product-type-simple"},"_links":{"self":[{"href":"https:\/\/roveyayinevi.com.tr\/index.php\/wp-json\/wp\/v2\/product\/697447","targetHints":{"allow":["GET"]}}],"collection":[{"href":"https:\/\/roveyayinevi.com.tr\/index.php\/wp-json\/wp\/v2\/product"}],"about":[{"href":"https:\/\/roveyayinevi.com.tr\/index.php\/wp-json\/wp\/v2\/types\/product"}],"wp:attachment":[{"href":"https:\/\/roveyayinevi.com.tr\/index.php\/wp-json\/wp\/v2\/media?parent=697447"}],"wp:term":[{"taxonomy":"product_brand","embeddable":true,"href":"https:\/\/roveyayinevi.com.tr\/index.php\/wp-json\/wp\/v2\/product_brand?post=697447"},{"taxonomy":"product_cat","embeddable":true,"href":"https:\/\/roveyayinevi.com.tr\/index.php\/wp-json\/wp\/v2\/product_cat?post=697447"},{"taxonomy":"product_tag","embeddable":true,"href":"https:\/\/roveyayinevi.com.tr\/index.php\/wp-json\/wp\/v2\/product_tag?post=697447"}],"curies":[{"name":"wp","href":"https:\/\/api.w.org\/{rel}","templated":true}]}}