{"id":697436,"date":"2025-08-27T14:40:02","date_gmt":"2025-08-27T11:40:02","guid":{"rendered":"https:\/\/roveyayinevi.com.tr\/index.php\/urun\/gelin-bebek\/"},"modified":"2026-04-16T02:07:14","modified_gmt":"2026-04-15T23:07:14","slug":"gelin-bebek","status":"publish","type":"product","link":"https:\/\/roveyayinevi.com.tr\/index.php\/urun\/gelin-bebek\/","title":{"rendered":"Gelin Bebek"},"content":{"rendered":"<p>En \u00e7ok okunan \u00e7ocuk edebiyat\u0131 yazarlar\u0131ndan biri olan Muzaffer \u0130zg\u00fc&#8217;n\u00fcn 7 ya\u015f grubundaki \u00e7ocuklar i\u00e7in kaleme ald\u0131\u011f\u0131 alt\u0131 s\u0131cac\u0131k \u00f6yk\u00fcden olu\u015fan yeni kitab\u0131. Bu kitapta okuyacaklar\u0131 \u00f6yk\u00fcler ile \u00e7ocuklar kimi zaman &#8220;A\u011flayan Palya\u00e7o&#8221; ile h\u00fcz\u00fcnlenecek, &#8220;\u0130nci \u00d6\u011fretmen&#8221; ile hayaller kuracak, &#8220;Simit Yeme Yar\u0131\u015f\u0131&#8221; ile e\u011flenecek, kimi zaman da &#8220;Gelin Bebek&#8221;te kendilerini bularak okuma zevkini doyas\u0131ya ya\u015fayacaklar.\ufffc<\/p>\n","protected":false},"excerpt":{"rendered":"<p>En \u00e7ok okunan \u00e7ocuk edebiyat\u0131 yazarlar\u0131ndan biri olan Muzaffer \u0130zg\u00fc&#8217;n\u00fcn 7 ya\u015f grubundaki \u00e7ocuklar i\u00e7in kaleme ald\u0131\u011f\u0131 alt\u0131 s\u0131cac\u0131k \u00f6yk\u00fcden olu\u015fan yeni kitab\u0131. Bu kitapta okuyacaklar\u0131<span class=\"excerpt-hellip\"> [\u2026]<\/span><\/p>\n","protected":false},"featured_media":0,"template":"","meta":{"_monsterinsights_skip_tracking":false,"_monsterinsights_sitenote_active":false,"_monsterinsights_sitenote_note":"","_monsterinsights_sitenote_category":0},"product_brand":[],"product_cat":[12274,12284],"product_tag":[],"class_list":{"0":"post-697436","1":"product","2":"type-product","3":"status-publish","5":"product_cat-cocuk-ve-genclik-kitaplari","6":"product_cat-hikayeler","7":"pa_cilt-ciltsiz","8":"pa_tur-kitap","9":"pa_yayinevi-bilgi-yayinevi-cocuk","10":"pa_yazar-muzaffer-izgu","12":"first","13":"instock","14":"sale","15":"shipping-taxable","16":"purchasable","17":"product-type-simple"},"_links":{"self":[{"href":"https:\/\/roveyayinevi.com.tr\/index.php\/wp-json\/wp\/v2\/product\/697436","targetHints":{"allow":["GET"]}}],"collection":[{"href":"https:\/\/roveyayinevi.com.tr\/index.php\/wp-json\/wp\/v2\/product"}],"about":[{"href":"https:\/\/roveyayinevi.com.tr\/index.php\/wp-json\/wp\/v2\/types\/product"}],"wp:attachment":[{"href":"https:\/\/roveyayinevi.com.tr\/index.php\/wp-json\/wp\/v2\/media?parent=697436"}],"wp:term":[{"taxonomy":"product_brand","embeddable":true,"href":"https:\/\/roveyayinevi.com.tr\/index.php\/wp-json\/wp\/v2\/product_brand?post=697436"},{"taxonomy":"product_cat","embeddable":true,"href":"https:\/\/roveyayinevi.com.tr\/index.php\/wp-json\/wp\/v2\/product_cat?post=697436"},{"taxonomy":"product_tag","embeddable":true,"href":"https:\/\/roveyayinevi.com.tr\/index.php\/wp-json\/wp\/v2\/product_tag?post=697436"}],"curies":[{"name":"wp","href":"https:\/\/api.w.org\/{rel}","templated":true}]}}