{"id":697428,"date":"2025-08-27T14:39:55","date_gmt":"2025-08-27T11:39:55","guid":{"rendered":"https:\/\/roveyayinevi.com.tr\/index.php\/urun\/gunes-de-dogar\/"},"modified":"2026-04-16T02:07:14","modified_gmt":"2026-04-15T23:07:14","slug":"gunes-de-dogar","status":"publish","type":"product","link":"https:\/\/roveyayinevi.com.tr\/index.php\/urun\/gunes-de-dogar\/","title":{"rendered":"G\u00fcne\u015f de Do\u011far"},"content":{"rendered":"<p>G\u00fcne\u015f de Do\u011far&#8217;daki ki\u015filer, sava\u015f sonras\u0131 de\u011fer yarg\u0131lar\u0131 yiten, de\u011fi\u015fen ya\u015famlar\u0131 \u00fc\u00e7 a\u015fa\u011f\u0131 be\u015f yukar\u0131 birbirine benzeyen insanlard\u0131r. Roman ba\u015fki\u015fileri, bu \u00e7\u00f6k\u00fcnt\u00fcy\u00fc olanca derinli\u011fiyle ya\u015farlar. Hemingway ya\u015fam\u0131, ister av, ister sava\u015f alan\u0131nda, isterse arenada, nerede olursa olsun d\u00fc\u015f k\u0131r\u0131kl\u0131klar\u0131yla dolu bir sava\u015f gibi alg\u0131lar. Ya\u015fad\u0131klar\u0131na g\u00f6zlemlerini kat\u0131nca, her biri \u00f6tekinden g\u00fczel, inand\u0131r\u0131c\u0131 ve d\u00fcnyan\u0131n d\u00f6rt bir yan\u0131ndaki okuyucuya seslenen dev yap\u0131tlar \u00e7\u0131kar\u0131r. Hemingway&#8217;in ilk roman\u0131 olan G\u00fcne\u015f de Do\u011far \u00e7a\u011f\u0131n\u0131n etkilerini \u00fczerinde ta\u015f\u0131yan, her solu\u011funda sava\u015f\u0131n yaratt\u0131\u011f\u0131 b\u00fcy\u00fck y\u0131k\u0131m\u0131 yans\u0131tan, t\u00fcm zamanlar\u0131n en iyi romanlar\u0131 aras\u0131nda g\u00f6sterilen bir yap\u0131t. <\/p>\n","protected":false},"excerpt":{"rendered":"<p>G\u00fcne\u015f de Do\u011far&#8217;daki ki\u015filer, sava\u015f sonras\u0131 de\u011fer yarg\u0131lar\u0131 yiten, de\u011fi\u015fen ya\u015famlar\u0131 \u00fc\u00e7 a\u015fa\u011f\u0131 be\u015f yukar\u0131 birbirine benzeyen insanlard\u0131r. Roman ba\u015fki\u015fileri, bu \u00e7\u00f6k\u00fcnt\u00fcy\u00fc olanca derinli\u011fiyle ya\u015farlar. Hemingway<span class=\"excerpt-hellip\"> [\u2026]<\/span><\/p>\n","protected":false},"featured_media":0,"template":"","meta":{"_monsterinsights_skip_tracking":false,"_monsterinsights_sitenote_active":false,"_monsterinsights_sitenote_note":"","_monsterinsights_sitenote_category":0},"product_brand":[],"product_cat":[12291,12711],"product_tag":[],"class_list":{"0":"post-697428","1":"product","2":"type-product","3":"status-publish","5":"product_cat-edebiyat","6":"product_cat-roman-oyku","7":"pa_cilt-ciltsiz","8":"pa_tur-kitap","9":"pa_yayinevi-bilgi-yayinevi","10":"pa_yazar-ernest-hemingway","12":"first","13":"instock","14":"sale","15":"shipping-taxable","16":"purchasable","17":"product-type-simple"},"_links":{"self":[{"href":"https:\/\/roveyayinevi.com.tr\/index.php\/wp-json\/wp\/v2\/product\/697428","targetHints":{"allow":["GET"]}}],"collection":[{"href":"https:\/\/roveyayinevi.com.tr\/index.php\/wp-json\/wp\/v2\/product"}],"about":[{"href":"https:\/\/roveyayinevi.com.tr\/index.php\/wp-json\/wp\/v2\/types\/product"}],"wp:attachment":[{"href":"https:\/\/roveyayinevi.com.tr\/index.php\/wp-json\/wp\/v2\/media?parent=697428"}],"wp:term":[{"taxonomy":"product_brand","embeddable":true,"href":"https:\/\/roveyayinevi.com.tr\/index.php\/wp-json\/wp\/v2\/product_brand?post=697428"},{"taxonomy":"product_cat","embeddable":true,"href":"https:\/\/roveyayinevi.com.tr\/index.php\/wp-json\/wp\/v2\/product_cat?post=697428"},{"taxonomy":"product_tag","embeddable":true,"href":"https:\/\/roveyayinevi.com.tr\/index.php\/wp-json\/wp\/v2\/product_tag?post=697428"}],"curies":[{"name":"wp","href":"https:\/\/api.w.org\/{rel}","templated":true}]}}