{"id":697427,"date":"2025-08-27T14:39:55","date_gmt":"2025-08-27T11:39:55","guid":{"rendered":"https:\/\/roveyayinevi.com.tr\/index.php\/urun\/frida\/"},"modified":"2026-04-16T02:07:14","modified_gmt":"2026-04-15T23:07:14","slug":"frida","status":"publish","type":"product","link":"https:\/\/roveyayinevi.com.tr\/index.php\/urun\/frida\/","title":{"rendered":"Frida"},"content":{"rendered":"<p>Frida Kahlo hi\u00e7 tart\u0131\u015fmas\u0131z yirminci y\u00fczy\u0131l\u0131n en \u00f6nemli kad\u0131n ressamlar\u0131ndan biridir. \u00d6zg\u00fcn otoportreleri, asi yarat\u0131l\u0131\u015f\u0131, f\u0131rt\u0131nal\u0131 a\u015fklar\u0131, \u00e7ekti\u011fi ac\u0131lar, s\u0131rad\u0131\u015f\u0131 ya\u015fam\u0131 ve sanat\u0131 onu t\u00fcm d\u00fcnyada benzersiz k\u0131lm\u0131\u015ft\u0131r. Picasso&#8217;nun, \u201cOnun yapt\u0131\u011f\u0131 portreleri resmetme yetene\u011fine sahip de\u011filim\u201d diyerek and\u0131\u011f\u0131 bu son derece hayat dolu ve zeki kad\u0131n\u0131n \u00e7arp\u0131c\u0131 ki\u015fili\u011fi, k\u0131sa ya\u015fam\u0131na s\u0131\u011fd\u0131rd\u0131\u011f\u0131 iki y\u00fcze yak\u0131n tablosuna da yans\u0131m\u0131\u015ft\u0131r. Meksika Devrimi s\u0131ras\u0131nda Mexico City&#8217;de ge\u00e7en \u00e7ocuklu\u011fu&#8230; On sekiz ya\u015f\u0131ndayken sakat kalmas\u0131na neden olan korkun\u00e7 kaza&#8230; \u00dcnl\u00fc duvar ressam\u0131 Diego Rivera&#8217;yla f\u0131rt\u0131nal\u0131 evlili\u011fi&#8230; Leon Trotsky ve Isamu Noguchi gibi erkeklerle ya\u015fad\u0131\u011f\u0131 tutkulu a\u015fklar&#8230; Rivera arac\u0131l\u0131\u011f\u0131yla Kom\u00fcnist Parti&#8217;yle kurdu\u011fu ili\u015fki&#8230; Politik bilin\u00e7le beslenen benzersiz yetenek ve yirminci y\u00fczy\u0131l resim sanat\u0131na vurulmu\u015f bir damga&#8230; Sanat tarih\u00e7isi Hayden Herrera taraf\u0131ndan, detayl\u0131 biyografik ara\u015ft\u0131rmalar, Frida&#8217;n\u0131n mektuplar\u0131 ve resimlerinin analizleri sonucunda haz\u0131rlanan; t\u00fcm d\u00fcnyada b\u00fcy\u00fck ilgi g\u00f6ren; \u201cFrida\u201d filmi ile beyazperdeye de aktar\u0131lan bu kitap; Meksikal\u0131 ressam Frida Kahlo&#8217;nun efsanevi \u015f\u00f6hretinin, ac\u0131larla dolu ya\u015fam\u0131n\u0131n bug\u00fcne kadar yaz\u0131lm\u0131\u015f en objektif \u00f6yk\u00fcs\u00fcd\u00fcr.   \u201cFrida, (&#8230;) radikal sanat\u0131n, romantik politikan\u0131n, tuhaf a\u015fklar\u0131n ve fiziksel ac\u0131n\u0131n, insan\u0131n akl\u0131na &#8216;Neden bunlar\u0131 daha \u00f6nce anlatan olmad\u0131?&#8217; sorusunu getiren b\u00fcy\u00fcleyici \u00f6yk\u00fcs\u00fcd\u00fcr.\u201d                                                       &#8212; R. Z. Sheppard, Time \u201cHayden Herrera&#8217;n\u0131n hem do\u011frudan \u00f6yk\u00fcsel bir biyografi, hem de Kahlo&#8217;nun \u00e7al\u0131\u015fmalar\u0131n\u0131n ele\u015ftirel a\u00e7\u0131klamas\u0131 olan bu kitab\u0131, son derece kapsaml\u0131 bir belgeleme ve kolay anla\u015f\u0131lan, c\u00f6mert, yapmac\u0131ks\u0131z bir eser \u00f6rne\u011fidir. (&#8230;) Kitap bizlere sanat\u00e7\u0131n\u0131n ve d\u00fcnyas\u0131n\u0131n tamam\u0131yla ger\u00e7ek\u00e7i bir portresini sunmaktad\u0131r.\u201d                                                      &#8212; Robert Storr, Art in America                                                                                                     &#8220;B\u00fcy\u00fcleyici, dramatik ve eksiksiz bir biyografi.\u201d                                                                                        &#8212; Kay Larson, New York dergisi <\/p>\n","protected":false},"excerpt":{"rendered":"<p>Frida Kahlo hi\u00e7 tart\u0131\u015fmas\u0131z yirminci y\u00fczy\u0131l\u0131n en \u00f6nemli kad\u0131n ressamlar\u0131ndan biridir. \u00d6zg\u00fcn otoportreleri, asi yarat\u0131l\u0131\u015f\u0131, f\u0131rt\u0131nal\u0131 a\u015fklar\u0131, \u00e7ekti\u011fi ac\u0131lar, s\u0131rad\u0131\u015f\u0131 ya\u015fam\u0131 ve sanat\u0131 onu t\u00fcm d\u00fcnyada<span class=\"excerpt-hellip\"> [\u2026]<\/span><\/p>\n","protected":false},"featured_media":0,"template":"","meta":{"_monsterinsights_skip_tracking":false,"_monsterinsights_sitenote_active":false,"_monsterinsights_sitenote_note":"","_monsterinsights_sitenote_category":0},"product_brand":[],"product_cat":[14009,12291],"product_tag":[],"class_list":{"0":"post-697427","1":"product","2":"type-product","3":"status-publish","5":"product_cat-biyografi-otobiyografi-edebiyat","6":"product_cat-edebiyat","7":"pa_cilt-ciltsiz","8":"pa_tur-kitap","9":"pa_yayinevi-bilgi-yayinevi","10":"pa_yazar-hayden-herrera","12":"first","13":"instock","14":"sale","15":"shipping-taxable","16":"purchasable","17":"product-type-simple"},"_links":{"self":[{"href":"https:\/\/roveyayinevi.com.tr\/index.php\/wp-json\/wp\/v2\/product\/697427","targetHints":{"allow":["GET"]}}],"collection":[{"href":"https:\/\/roveyayinevi.com.tr\/index.php\/wp-json\/wp\/v2\/product"}],"about":[{"href":"https:\/\/roveyayinevi.com.tr\/index.php\/wp-json\/wp\/v2\/types\/product"}],"wp:attachment":[{"href":"https:\/\/roveyayinevi.com.tr\/index.php\/wp-json\/wp\/v2\/media?parent=697427"}],"wp:term":[{"taxonomy":"product_brand","embeddable":true,"href":"https:\/\/roveyayinevi.com.tr\/index.php\/wp-json\/wp\/v2\/product_brand?post=697427"},{"taxonomy":"product_cat","embeddable":true,"href":"https:\/\/roveyayinevi.com.tr\/index.php\/wp-json\/wp\/v2\/product_cat?post=697427"},{"taxonomy":"product_tag","embeddable":true,"href":"https:\/\/roveyayinevi.com.tr\/index.php\/wp-json\/wp\/v2\/product_tag?post=697427"}],"curies":[{"name":"wp","href":"https:\/\/api.w.org\/{rel}","templated":true}]}}