{"id":697425,"date":"2025-08-27T14:39:54","date_gmt":"2025-08-27T11:39:54","guid":{"rendered":"https:\/\/roveyayinevi.com.tr\/index.php\/urun\/guliverin-gezileri-4\/"},"modified":"2026-04-16T02:07:14","modified_gmt":"2026-04-15T23:07:14","slug":"guliverin-gezileri-4","status":"publish","type":"product","link":"https:\/\/roveyayinevi.com.tr\/index.php\/urun\/guliverin-gezileri-4\/","title":{"rendered":"G\u00fcliver\u2019in Gezileri"},"content":{"rendered":"<p>G\u00fcliver&#8217;in c\u00fcceler ve devler \u00fclkesindeki maceralar\u0131n\u0131 birarada sundu\u011fu kitap, Mustafa Delio\u011flu&#8217;nun \u00e7izgileriyle resimlendi. K\u00fc\u00e7\u00fck parma\u011f\u0131n\u0131n boyundaki minik insanlarla ya\u015fayan ve yanlar\u0131nda minicik kald\u0131\u011f\u0131 devler \u00fclkesine konuk olan G\u00fcliver&#8217;in maceralar\u0131 \u00e7ok e\u011flenceli. \ufffc<\/p>\n","protected":false},"excerpt":{"rendered":"<p>G\u00fcliver&#8217;in c\u00fcceler ve devler \u00fclkesindeki maceralar\u0131n\u0131 birarada sundu\u011fu kitap, Mustafa Delio\u011flu&#8217;nun \u00e7izgileriyle resimlendi. K\u00fc\u00e7\u00fck parma\u011f\u0131n\u0131n boyundaki minik insanlarla ya\u015fayan ve yanlar\u0131nda minicik kald\u0131\u011f\u0131 devler \u00fclkesine konuk<span class=\"excerpt-hellip\"> [\u2026]<\/span><\/p>\n","protected":false},"featured_media":0,"template":"","meta":{"_monsterinsights_skip_tracking":false,"_monsterinsights_sitenote_active":false,"_monsterinsights_sitenote_note":"","_monsterinsights_sitenote_category":0},"product_brand":[],"product_cat":[12274,12467],"product_tag":[],"class_list":{"0":"post-697425","1":"product","2":"type-product","3":"status-publish","5":"product_cat-cocuk-ve-genclik-kitaplari","6":"product_cat-dunya-klasikleri","7":"pa_cilt-ciltsiz","8":"pa_tur-kitap","9":"pa_yayinevi-bilgi-yayinevi-cocuk","10":"pa_yazar-jonathan-swift","12":"first","13":"instock","14":"sale","15":"shipping-taxable","16":"purchasable","17":"product-type-simple"},"_links":{"self":[{"href":"https:\/\/roveyayinevi.com.tr\/index.php\/wp-json\/wp\/v2\/product\/697425","targetHints":{"allow":["GET"]}}],"collection":[{"href":"https:\/\/roveyayinevi.com.tr\/index.php\/wp-json\/wp\/v2\/product"}],"about":[{"href":"https:\/\/roveyayinevi.com.tr\/index.php\/wp-json\/wp\/v2\/types\/product"}],"wp:attachment":[{"href":"https:\/\/roveyayinevi.com.tr\/index.php\/wp-json\/wp\/v2\/media?parent=697425"}],"wp:term":[{"taxonomy":"product_brand","embeddable":true,"href":"https:\/\/roveyayinevi.com.tr\/index.php\/wp-json\/wp\/v2\/product_brand?post=697425"},{"taxonomy":"product_cat","embeddable":true,"href":"https:\/\/roveyayinevi.com.tr\/index.php\/wp-json\/wp\/v2\/product_cat?post=697425"},{"taxonomy":"product_tag","embeddable":true,"href":"https:\/\/roveyayinevi.com.tr\/index.php\/wp-json\/wp\/v2\/product_tag?post=697425"}],"curies":[{"name":"wp","href":"https:\/\/api.w.org\/{rel}","templated":true}]}}