{"id":697421,"date":"2025-08-27T14:39:53","date_gmt":"2025-08-27T11:39:53","guid":{"rendered":"https:\/\/roveyayinevi.com.tr\/index.php\/urun\/afacanlar-okulda-kanka-beyin-insan-vucudu-dersleri\/"},"modified":"2026-04-16T02:07:14","modified_gmt":"2026-04-15T23:07:14","slug":"afacanlar-okulda-kanka-beyin-insan-vucudu-dersleri","status":"publish","type":"product","link":"https:\/\/roveyayinevi.com.tr\/index.php\/urun\/afacanlar-okulda-kanka-beyin-insan-vucudu-dersleri\/","title":{"rendered":"Afacanlar Okulda Kanka Bey\u2019in \u0130nsan V\u00fccudu Dersleri"},"content":{"rendered":"<p>&#8220;Afacanlar Okulda&#8221; serisi, bilimsel konular\u0131 e\u011flenerek \u00f6\u011frenmek isteyen \u00e7ocuklara g\u00f6re. \u00d6yle bir okul d\u00fc\u015f\u00fcn\u00fcn ki, \u00f6\u011fretmenleri sihirli g\u00fc\u00e7lere sahip. Bu sihrin etkisiyle dersler, \u00e7ok daha renkli ge\u00e7iyor. &#8220;Afacanlar Okulda&#8221; dizisinin yeni kitab\u0131 &#8220;Kanka Bey\u2019in \u0130nsan V\u00fccudu Dersleri&#8221;nde bu kez \u0130nsan V\u00fccudu\u2019nun i\u00e7inde bir yolculu\u011fa \u00e7\u0131k\u0131yoruz. \u0130skeletten kaslara, kandan ci\u011ferlere uzanan heyecanl\u0131 bir yolculuk&#8221; V\u00fccudunuzdaki organlar\u0131n nas\u0131l \u00e7al\u0131\u015ft\u0131\u011f\u0131n\u0131, bir de onlardan dinleyin. Heyecanla bilginin bir arada oldu\u011fu, m\u00fcthi\u015f bir macera! \u00d6\u011fretmenimiz Kanka Bey, &#8220;Hepiniz beni izleyin!&#8221; diye seslendi. Ve birden s\u0131n\u0131f\u0131n duvar\u0131ndan \u00e7\u0131k\u0131veren dev kula\u011fa t\u0131rmanmaya ba\u015flad\u0131! Bizim okulumuz, di\u011fer okullardan \u00e7ok farkl\u0131d\u0131r. \u00d6ncelikle \u00f6\u011fretmenlerimizi ele alal\u0131m. Kanka Bey, insan v\u00fccudu konusuna kafay\u0131 takm\u0131\u015f olabilir ama dersleri ger\u00e7ekten de sihirli! \u015eunlar\u0131 \u00f6\u011frendik: &#8211; Simon\u2019un yedi\u011fi sandvi\u00e7i takip ederek midenin nas\u0131l \u00e7al\u0131\u015ft\u0131\u011f\u0131n\u0131 &#8211; \u0130\u00e7ine girerek bir beynin nas\u0131l i\u015fledi\u011fini&#8230; &#8211; Dolab\u0131m\u0131zdan iki tanesi \u00e7\u0131kan iskeletleri&#8230; Buras\u0131 harika. Gelin de kendi g\u00f6zlerinizle g\u00f6r\u00fcn!.. Afacanlar Okulda Serisindeki Kitplar Galaksi Han\u0131m\u2019\u0131n Uzay Dersleri Fosil Bey\u2019in Dinozor Dersleri Kanka Bey\u2019in \u0130nsan V\u00fccudu Dersleri Nil Han\u0131m\u2019\u0131n Mumya Dersleri Kocaa\u011f\u0131z Bey\u2019in K\u00f6pekbal\u0131\u011f\u0131 Dersleri Papa\u011fan Han\u0131m\u2019\u0131n Ya\u011fmur Orman\u0131 Dersleri Ate\u015f Han\u0131m\u2019\u0131n \u00c7\u00f6l Dersleri G\u00fcny\u00fcz Bey\u2019in \u015e\u00f6valye Dersleri. <\/p>\n","protected":false},"excerpt":{"rendered":"<p>&#8220;Afacanlar Okulda&#8221; serisi, bilimsel konular\u0131 e\u011flenerek \u00f6\u011frenmek isteyen \u00e7ocuklara g\u00f6re. \u00d6yle bir okul d\u00fc\u015f\u00fcn\u00fcn ki, \u00f6\u011fretmenleri sihirli g\u00fc\u00e7lere sahip. Bu sihrin etkisiyle dersler, \u00e7ok daha renkli<span class=\"excerpt-hellip\"> [\u2026]<\/span><\/p>\n","protected":false},"featured_media":0,"template":"","meta":{"_monsterinsights_skip_tracking":false,"_monsterinsights_sitenote_active":false,"_monsterinsights_sitenote_note":"","_monsterinsights_sitenote_category":0},"product_brand":[],"product_cat":[12492,12274],"product_tag":[],"class_list":{"0":"post-697421","1":"product","2":"type-product","3":"status-publish","5":"product_cat-bilmece-bulmaca","6":"product_cat-cocuk-ve-genclik-kitaplari","7":"pa_cilt-ciltsiz","8":"pa_tur-kitap","9":"pa_yayinevi-beyaz-balina-yayinlari","10":"pa_yazar-michael-cox","12":"first","13":"instock","14":"sale","15":"shipping-taxable","16":"purchasable","17":"product-type-simple"},"_links":{"self":[{"href":"https:\/\/roveyayinevi.com.tr\/index.php\/wp-json\/wp\/v2\/product\/697421","targetHints":{"allow":["GET"]}}],"collection":[{"href":"https:\/\/roveyayinevi.com.tr\/index.php\/wp-json\/wp\/v2\/product"}],"about":[{"href":"https:\/\/roveyayinevi.com.tr\/index.php\/wp-json\/wp\/v2\/types\/product"}],"wp:attachment":[{"href":"https:\/\/roveyayinevi.com.tr\/index.php\/wp-json\/wp\/v2\/media?parent=697421"}],"wp:term":[{"taxonomy":"product_brand","embeddable":true,"href":"https:\/\/roveyayinevi.com.tr\/index.php\/wp-json\/wp\/v2\/product_brand?post=697421"},{"taxonomy":"product_cat","embeddable":true,"href":"https:\/\/roveyayinevi.com.tr\/index.php\/wp-json\/wp\/v2\/product_cat?post=697421"},{"taxonomy":"product_tag","embeddable":true,"href":"https:\/\/roveyayinevi.com.tr\/index.php\/wp-json\/wp\/v2\/product_tag?post=697421"}],"curies":[{"name":"wp","href":"https:\/\/api.w.org\/{rel}","templated":true}]}}