{"id":697420,"date":"2025-08-27T14:39:53","date_gmt":"2025-08-27T11:39:53","guid":{"rendered":"https:\/\/roveyayinevi.com.tr\/index.php\/urun\/turk-sagi-sozlugu\/"},"modified":"2026-04-16T02:07:14","modified_gmt":"2026-04-15T23:07:14","slug":"turk-sagi-sozlugu","status":"publish","type":"product","link":"https:\/\/roveyayinevi.com.tr\/index.php\/urun\/turk-sagi-sozlugu\/","title":{"rendered":"T\u00fcrk Sa\u011f\u0131 S\u00f6zl\u00fc\u011f\u00fc"},"content":{"rendered":"<p>T\u00fcrk Sa\u011f\u0131 S\u00f6zl\u00fc\u011f\u00fc\u2019nde Cumhuriyet d\u00f6neminde kurulan, kamuoyunun \u2018sa\u011fc\u0131\u2019 olarak adland\u0131rd\u0131\u011f\u0131 olu\u015fumlardan bahsettik. B\u00f6yle geni\u015f bir cenah\u0131n, bir arada anlat\u0131lmas\u0131na ihtiya\u00e7 duyuldu\u011fu i\u00e7in bu kitab\u0131 haz\u0131rlad\u0131k.T\u00fcrk Sa\u011f\u0131 S\u00f6zl\u00fc\u011f\u00fc, sa\u011f hareketlerin kendi faaliyetlerini y\u00fcr\u00fctmek amac\u0131yla kurdu\u011fu parti, gen\u00e7lik te\u015fkilat\u0131, dernek, kitap, dergi ve gazete gibi her t\u00fcrl\u00fc olu\u015fumu ele alm\u0131\u015ft\u0131r.H\u00fcdavendigar Onur <\/p>\n","protected":false},"excerpt":{"rendered":"<p>T\u00fcrk Sa\u011f\u0131 S\u00f6zl\u00fc\u011f\u00fc\u2019nde Cumhuriyet d\u00f6neminde kurulan, kamuoyunun \u2018sa\u011fc\u0131\u2019 olarak adland\u0131rd\u0131\u011f\u0131 olu\u015fumlardan bahsettik. B\u00f6yle geni\u015f bir cenah\u0131n, bir arada anlat\u0131lmas\u0131na ihtiya\u00e7 duyuldu\u011fu i\u00e7in bu kitab\u0131 haz\u0131rlad\u0131k.T\u00fcrk Sa\u011f\u0131<span class=\"excerpt-hellip\"> [\u2026]<\/span><\/p>\n","protected":false},"featured_media":0,"template":"","meta":{"_monsterinsights_skip_tracking":false,"_monsterinsights_sitenote_active":false,"_monsterinsights_sitenote_note":"","_monsterinsights_sitenote_category":0},"product_brand":[],"product_cat":[12566,13611],"product_tag":[],"class_list":{"0":"post-697420","1":"product","2":"type-product","3":"status-publish","5":"product_cat-egitim","6":"product_cat-sozlukler-ve-konusma-kilavuzlari","7":"pa_cilt-ciltsiz","8":"pa_tur-kitap","9":"pa_yayinevi-biyografi-net-yayincilik","10":"pa_yazar-hudavendigar-onur","12":"first","13":"instock","14":"sale","15":"shipping-taxable","16":"purchasable","17":"product-type-simple"},"_links":{"self":[{"href":"https:\/\/roveyayinevi.com.tr\/index.php\/wp-json\/wp\/v2\/product\/697420","targetHints":{"allow":["GET"]}}],"collection":[{"href":"https:\/\/roveyayinevi.com.tr\/index.php\/wp-json\/wp\/v2\/product"}],"about":[{"href":"https:\/\/roveyayinevi.com.tr\/index.php\/wp-json\/wp\/v2\/types\/product"}],"wp:attachment":[{"href":"https:\/\/roveyayinevi.com.tr\/index.php\/wp-json\/wp\/v2\/media?parent=697420"}],"wp:term":[{"taxonomy":"product_brand","embeddable":true,"href":"https:\/\/roveyayinevi.com.tr\/index.php\/wp-json\/wp\/v2\/product_brand?post=697420"},{"taxonomy":"product_cat","embeddable":true,"href":"https:\/\/roveyayinevi.com.tr\/index.php\/wp-json\/wp\/v2\/product_cat?post=697420"},{"taxonomy":"product_tag","embeddable":true,"href":"https:\/\/roveyayinevi.com.tr\/index.php\/wp-json\/wp\/v2\/product_tag?post=697420"}],"curies":[{"name":"wp","href":"https:\/\/api.w.org\/{rel}","templated":true}]}}