{"id":697418,"date":"2025-08-27T14:39:52","date_gmt":"2025-08-27T11:39:52","guid":{"rendered":"https:\/\/roveyayinevi.com.tr\/index.php\/urun\/ferhantoloji\/"},"modified":"2026-04-16T02:07:14","modified_gmt":"2026-04-15T23:07:14","slug":"ferhantoloji","status":"publish","type":"product","link":"https:\/\/roveyayinevi.com.tr\/index.php\/urun\/ferhantoloji\/","title":{"rendered":"FerhAntoloji"},"content":{"rendered":"<p>Ferhantoloji, \u015eensoy&#8217;un kitaplar\u0131, yay\u0131nlanmam\u0131\u015f oyunlar\u0131, TV ske\u00e7leri, \u015fiirleri, -1968&#8217;den bug\u00fcne- 35 y\u0131la s\u0131\u011fd\u0131rd\u0131\u011f\u0131 b\u00fct\u00fcn yaz\u0131 \u00e7al\u0131\u015fmalar\u0131 taranarak olu\u015fturuldu: Ortaya b\u00f6ylesine dev bir antoloji \u00e7\u0131kt\u0131. \u015eensoy k\u00fclliyat\u0131na sahip olanlar i\u00e7in yeni bir kitap, ilk defa okuyacaklar i\u00e7in iyi bir f\u0131rsat FerhAntoloji. <\/p>\n","protected":false},"excerpt":{"rendered":"<p>Ferhantoloji, \u015eensoy&#8217;un kitaplar\u0131, yay\u0131nlanmam\u0131\u015f oyunlar\u0131, TV ske\u00e7leri, \u015fiirleri, -1968&#8217;den bug\u00fcne- 35 y\u0131la s\u0131\u011fd\u0131rd\u0131\u011f\u0131 b\u00fct\u00fcn yaz\u0131 \u00e7al\u0131\u015fmalar\u0131 taranarak olu\u015fturuldu: Ortaya b\u00f6ylesine dev bir antoloji \u00e7\u0131kt\u0131. \u015eensoy k\u00fclliyat\u0131na<span class=\"excerpt-hellip\"> [\u2026]<\/span><\/p>\n","protected":false},"featured_media":0,"template":"","meta":{"_monsterinsights_skip_tracking":false,"_monsterinsights_sitenote_active":false,"_monsterinsights_sitenote_note":"","_monsterinsights_sitenote_category":0},"product_brand":[],"product_cat":[12291,12332],"product_tag":[],"class_list":{"0":"post-697418","1":"product","2":"type-product","3":"status-publish","5":"product_cat-edebiyat","6":"product_cat-senaryo","7":"pa_cilt-ciltsiz","8":"pa_tur-kitap","9":"pa_yayinevi-bilgi-yayinevi","10":"pa_yazar-ferhan-sensoy","12":"first","13":"instock","14":"sale","15":"shipping-taxable","16":"purchasable","17":"product-type-simple"},"_links":{"self":[{"href":"https:\/\/roveyayinevi.com.tr\/index.php\/wp-json\/wp\/v2\/product\/697418","targetHints":{"allow":["GET"]}}],"collection":[{"href":"https:\/\/roveyayinevi.com.tr\/index.php\/wp-json\/wp\/v2\/product"}],"about":[{"href":"https:\/\/roveyayinevi.com.tr\/index.php\/wp-json\/wp\/v2\/types\/product"}],"wp:attachment":[{"href":"https:\/\/roveyayinevi.com.tr\/index.php\/wp-json\/wp\/v2\/media?parent=697418"}],"wp:term":[{"taxonomy":"product_brand","embeddable":true,"href":"https:\/\/roveyayinevi.com.tr\/index.php\/wp-json\/wp\/v2\/product_brand?post=697418"},{"taxonomy":"product_cat","embeddable":true,"href":"https:\/\/roveyayinevi.com.tr\/index.php\/wp-json\/wp\/v2\/product_cat?post=697418"},{"taxonomy":"product_tag","embeddable":true,"href":"https:\/\/roveyayinevi.com.tr\/index.php\/wp-json\/wp\/v2\/product_tag?post=697418"}],"curies":[{"name":"wp","href":"https:\/\/api.w.org\/{rel}","templated":true}]}}