{"id":697413,"date":"2025-08-27T14:39:51","date_gmt":"2025-08-27T11:39:51","guid":{"rendered":"https:\/\/roveyayinevi.com.tr\/index.php\/urun\/ejderha-avcilari-okulu-9-ejderha-egitmenin-97-yolu\/"},"modified":"2026-04-16T02:07:14","modified_gmt":"2026-04-15T23:07:14","slug":"ejderha-avcilari-okulu-9-ejderha-egitmenin-97-yolu","status":"publish","type":"product","link":"https:\/\/roveyayinevi.com.tr\/index.php\/urun\/ejderha-avcilari-okulu-9-ejderha-egitmenin-97-yolu\/","title":{"rendered":"Ejderha Avc\u0131lar\u0131 Okulu 9 Ejderha E\u011fitmenin 97 Yolu"},"content":{"rendered":"<p>Wiglaf art\u0131k bir ejderha avc\u0131s\u0131 oldu\u011funu san\u0131yor, fakat bir bebek ejderha bak\u0131c\u0131s\u0131 demek daha do\u011fru olur. Gizemli bir yumurta k\u0131r\u0131l\u0131p i\u00e7inden bebek bir ejderha \u00e7\u0131kt\u0131ktan sonra Wiglaf ve oda arkada\u015f\u0131 Angus ona bakmaya karar verirler. Ancak bu bebek ejderhay\u0131 Mordred\u2019e g\u00f6stermeden nas\u0131l g\u00fcvende tutacaklar? \ufffcTan\u0131t\u0131m Metni<\/p>\n","protected":false},"excerpt":{"rendered":"<p>Wiglaf art\u0131k bir ejderha avc\u0131s\u0131 oldu\u011funu san\u0131yor, fakat bir bebek ejderha bak\u0131c\u0131s\u0131 demek daha do\u011fru olur. Gizemli bir yumurta k\u0131r\u0131l\u0131p i\u00e7inden bebek bir ejderha \u00e7\u0131kt\u0131ktan sonra<span class=\"excerpt-hellip\"> [\u2026]<\/span><\/p>\n","protected":false},"featured_media":0,"template":"","meta":{"_monsterinsights_skip_tracking":false,"_monsterinsights_sitenote_active":false,"_monsterinsights_sitenote_note":"","_monsterinsights_sitenote_category":0},"product_brand":[],"product_cat":[12274,12284],"product_tag":[],"class_list":{"0":"post-697413","1":"product","2":"type-product","3":"status-publish","5":"product_cat-cocuk-ve-genclik-kitaplari","6":"product_cat-hikayeler","7":"pa_cilt-ciltsiz","8":"pa_tur-kitap","9":"pa_yayinevi-beyaz-balina-yayinlari","10":"pa_yazar-kate-mcmullan","12":"first","13":"instock","14":"sale","15":"shipping-taxable","16":"purchasable","17":"product-type-simple"},"_links":{"self":[{"href":"https:\/\/roveyayinevi.com.tr\/index.php\/wp-json\/wp\/v2\/product\/697413","targetHints":{"allow":["GET"]}}],"collection":[{"href":"https:\/\/roveyayinevi.com.tr\/index.php\/wp-json\/wp\/v2\/product"}],"about":[{"href":"https:\/\/roveyayinevi.com.tr\/index.php\/wp-json\/wp\/v2\/types\/product"}],"wp:attachment":[{"href":"https:\/\/roveyayinevi.com.tr\/index.php\/wp-json\/wp\/v2\/media?parent=697413"}],"wp:term":[{"taxonomy":"product_brand","embeddable":true,"href":"https:\/\/roveyayinevi.com.tr\/index.php\/wp-json\/wp\/v2\/product_brand?post=697413"},{"taxonomy":"product_cat","embeddable":true,"href":"https:\/\/roveyayinevi.com.tr\/index.php\/wp-json\/wp\/v2\/product_cat?post=697413"},{"taxonomy":"product_tag","embeddable":true,"href":"https:\/\/roveyayinevi.com.tr\/index.php\/wp-json\/wp\/v2\/product_tag?post=697413"}],"curies":[{"name":"wp","href":"https:\/\/api.w.org\/{rel}","templated":true}]}}