{"id":697411,"date":"2025-08-27T14:39:50","date_gmt":"2025-08-27T11:39:50","guid":{"rendered":"https:\/\/roveyayinevi.com.tr\/index.php\/urun\/golgelerin-efendisi-1-gorlan-harabeleri\/"},"modified":"2026-04-16T02:07:14","modified_gmt":"2026-04-15T23:07:14","slug":"golgelerin-efendisi-1-gorlan-harabeleri","status":"publish","type":"product","link":"https:\/\/roveyayinevi.com.tr\/index.php\/urun\/golgelerin-efendisi-1-gorlan-harabeleri\/","title":{"rendered":"G\u00f6lgelerin Efendisi 1 &#8211; Gorlan Harabeleri"},"content":{"rendered":"<p>Araluen Krall\u0131\u011f\u0131&#8217;nda ya\u015fayan yetim Will, ya\u015f\u0131na g\u00f6re ufak tefek ama \u00e7ok \u00e7evik ve zeki bir \u00e7ocuk. Hayattaki tek iste\u011fi, hi\u00e7 g\u00f6rmedi\u011fi babas\u0131 gibi bir \u015f\u00f6valye olmak&#8230;Bu nedenle, Redmont Kalesi&#8217;nin Sava\u015f Okulu&#8217;na kabul edilmedi\u011finde, d\u00fcnya ba\u015f\u0131na y\u0131k\u0131ld\u0131. Sava\u015f Okulu&#8217;na gitmek yerine Orman Muhaf\u0131z\u0131 \u00e7\u0131rakl\u0131\u011f\u0131na kabul edildi. Yay ve oku kusursuz kullanan, esrarengiz Orman Muhaf\u0131z\u0131 Halt&#8217;un \u00e7\u0131ra\u011f\u0131 oldu; b\u00fcy\u00fck ser\u00fcven b\u00f6ylece ba\u015flad\u0131.<\/p>\n","protected":false},"excerpt":{"rendered":"<p>Araluen Krall\u0131\u011f\u0131&#8217;nda ya\u015fayan yetim Will, ya\u015f\u0131na g\u00f6re ufak tefek ama \u00e7ok \u00e7evik ve zeki bir \u00e7ocuk. Hayattaki tek iste\u011fi, hi\u00e7 g\u00f6rmedi\u011fi babas\u0131 gibi bir \u015f\u00f6valye olmak&#8230;Bu<span class=\"excerpt-hellip\"> [\u2026]<\/span><\/p>\n","protected":false},"featured_media":0,"template":"","meta":{"_monsterinsights_skip_tracking":false,"_monsterinsights_sitenote_active":false,"_monsterinsights_sitenote_note":"","_monsterinsights_sitenote_category":0},"product_brand":[],"product_cat":[12416,12291],"product_tag":[],"class_list":{"0":"post-697411","1":"product","2":"type-product","3":"status-publish","5":"product_cat-cizgi-roman","6":"product_cat-edebiyat","7":"pa_cilt-ciltsiz","8":"pa_tur-kitap","9":"pa_yayinevi-beyaz-balina-yayinlari","10":"pa_yazar-john-flanagan","12":"first","13":"instock","14":"sale","15":"shipping-taxable","16":"purchasable","17":"product-type-simple"},"_links":{"self":[{"href":"https:\/\/roveyayinevi.com.tr\/index.php\/wp-json\/wp\/v2\/product\/697411","targetHints":{"allow":["GET"]}}],"collection":[{"href":"https:\/\/roveyayinevi.com.tr\/index.php\/wp-json\/wp\/v2\/product"}],"about":[{"href":"https:\/\/roveyayinevi.com.tr\/index.php\/wp-json\/wp\/v2\/types\/product"}],"wp:attachment":[{"href":"https:\/\/roveyayinevi.com.tr\/index.php\/wp-json\/wp\/v2\/media?parent=697411"}],"wp:term":[{"taxonomy":"product_brand","embeddable":true,"href":"https:\/\/roveyayinevi.com.tr\/index.php\/wp-json\/wp\/v2\/product_brand?post=697411"},{"taxonomy":"product_cat","embeddable":true,"href":"https:\/\/roveyayinevi.com.tr\/index.php\/wp-json\/wp\/v2\/product_cat?post=697411"},{"taxonomy":"product_tag","embeddable":true,"href":"https:\/\/roveyayinevi.com.tr\/index.php\/wp-json\/wp\/v2\/product_tag?post=697411"}],"curies":[{"name":"wp","href":"https:\/\/api.w.org\/{rel}","templated":true}]}}