{"id":697409,"date":"2025-08-27T14:39:50","date_gmt":"2025-08-27T11:39:50","guid":{"rendered":"https:\/\/roveyayinevi.com.tr\/index.php\/urun\/ejderha-avcilari-okulu-1-okulda-ilk-gun-surprizi\/"},"modified":"2026-04-16T02:07:14","modified_gmt":"2026-04-15T23:07:14","slug":"ejderha-avcilari-okulu-1-okulda-ilk-gun-surprizi","status":"publish","type":"product","link":"https:\/\/roveyayinevi.com.tr\/index.php\/urun\/ejderha-avcilari-okulu-1-okulda-ilk-gun-surprizi\/","title":{"rendered":"Ejderha Avc\u0131lar\u0131 Okulu 1 Okulda \u0130lk G\u00fcn S\u00fcrprizi"},"content":{"rendered":"<p>Birg\u00fcn yolunuz Kara Orman\u2019a d\u00fc\u015ferse sak\u0131n korkmay\u0131n! Orman\u0131n derinliklerinden gelen \u00e7\u0131\u011fl\u0131klar \u015fa\u015f\u0131rtmas\u0131n sizi. Tuhaf yarat\u0131klar, deli kesi\u015fler, konu\u015fan hayvanlar&#8230; Anidenkar\u015f\u0131n\u0131za \u00e7\u0131k\u0131p a\u011fz\u0131ndanate\u015f sa\u00e7an ejderhelar&#8230; K\u00fc\u00e7\u00fck ejderha avc\u0131lar\u0131 pasl\u0131 k\u0131l\u0131\u00e7lar\u0131 ve k\u0131r\u0131k m\u0131zraklar\u0131yla her zaman yan\u0131n\u0131zdalar. \u00c7ocuklar ejderha avc\u0131s\u0131 olabilirler mi?.. Ejderhalar bu kadar sevimli olurlarsa neden olmas\u0131nlar?.. \u00dcstelik onlar Ejderha Avc\u0131lar\u0131 Okulu (EAO) \u00f6\u011frencileri! D\u00fcnyada 25 milyon \u00e7ocuk bu diziyi okuyor&#8230; Wiglaf, kahraman olmak i\u00e7in do\u011fmu\u015ftu. Ancak kendisinin buna inanmas\u0131 yetmiyordu. Kan\u0131tlamas\u0131 da gerekiyordu. K\u00f6y\u00fcn ilan tahtas\u0131nda g\u00f6rd\u00fc\u011f\u00fc duyuru, imdad\u0131na yeti\u015fti. \u0130landa Ejderha Avc\u0131lar\u0131 Okulu\u2019nun duyurusu vard\u0131. Bir an \u2018ejderha avlamak\u2019 ge\u00e7ti i\u00e7inden. Kahraman olman\u0131n yolunu bulmu\u015ftu.. \ufffcTan\u0131t\u0131m Metni<\/p>\n","protected":false},"excerpt":{"rendered":"<p>Birg\u00fcn yolunuz Kara Orman\u2019a d\u00fc\u015ferse sak\u0131n korkmay\u0131n! Orman\u0131n derinliklerinden gelen \u00e7\u0131\u011fl\u0131klar \u015fa\u015f\u0131rtmas\u0131n sizi. Tuhaf yarat\u0131klar, deli kesi\u015fler, konu\u015fan hayvanlar&#8230; Anidenkar\u015f\u0131n\u0131za \u00e7\u0131k\u0131p a\u011fz\u0131ndanate\u015f sa\u00e7an ejderhelar&#8230; K\u00fc\u00e7\u00fck ejderha<span class=\"excerpt-hellip\"> [\u2026]<\/span><\/p>\n","protected":false},"featured_media":0,"template":"","meta":{"_monsterinsights_skip_tracking":false,"_monsterinsights_sitenote_active":false,"_monsterinsights_sitenote_note":"","_monsterinsights_sitenote_category":0},"product_brand":[],"product_cat":[12364],"product_tag":[],"class_list":{"0":"post-697409","1":"product","2":"type-product","3":"status-publish","5":"product_cat-genel-konular","6":"pa_cilt-ciltsiz","7":"pa_tur-kitap","8":"pa_yayinevi-beyaz-balina-yayinlari","9":"pa_yazar-kate-mcmullan","11":"first","12":"instock","13":"sale","14":"shipping-taxable","15":"purchasable","16":"product-type-simple"},"_links":{"self":[{"href":"https:\/\/roveyayinevi.com.tr\/index.php\/wp-json\/wp\/v2\/product\/697409","targetHints":{"allow":["GET"]}}],"collection":[{"href":"https:\/\/roveyayinevi.com.tr\/index.php\/wp-json\/wp\/v2\/product"}],"about":[{"href":"https:\/\/roveyayinevi.com.tr\/index.php\/wp-json\/wp\/v2\/types\/product"}],"wp:attachment":[{"href":"https:\/\/roveyayinevi.com.tr\/index.php\/wp-json\/wp\/v2\/media?parent=697409"}],"wp:term":[{"taxonomy":"product_brand","embeddable":true,"href":"https:\/\/roveyayinevi.com.tr\/index.php\/wp-json\/wp\/v2\/product_brand?post=697409"},{"taxonomy":"product_cat","embeddable":true,"href":"https:\/\/roveyayinevi.com.tr\/index.php\/wp-json\/wp\/v2\/product_cat?post=697409"},{"taxonomy":"product_tag","embeddable":true,"href":"https:\/\/roveyayinevi.com.tr\/index.php\/wp-json\/wp\/v2\/product_tag?post=697409"}],"curies":[{"name":"wp","href":"https:\/\/api.w.org\/{rel}","templated":true}]}}