{"id":697403,"date":"2025-08-27T14:39:48","date_gmt":"2025-08-27T11:39:48","guid":{"rendered":"https:\/\/roveyayinevi.com.tr\/index.php\/urun\/ejderha-avcilari-okulu-10-eyvah-eaoda-aileler-gunu\/"},"modified":"2026-04-16T02:07:13","modified_gmt":"2026-04-15T23:07:13","slug":"ejderha-avcilari-okulu-10-eyvah-eaoda-aileler-gunu","status":"publish","type":"product","link":"https:\/\/roveyayinevi.com.tr\/index.php\/urun\/ejderha-avcilari-okulu-10-eyvah-eaoda-aileler-gunu\/","title":{"rendered":"Ejderha Avc\u0131lar\u0131 Okulu 10 Eyvah! Eao\u2019da Aileler G\u00fcn\u00fc!"},"content":{"rendered":"<p>Hay\u0131r, olamaz! Wiglaf\u2019\u0131n anne ve babas\u0131 Aileler G\u00fcn\u00fc i\u00e7in Ejderha Avc\u0131lar\u0131 Okulu\u2019na geliyorlar. Ya babas\u0131 aptalca \u015fakalar\u0131n\u0131 anlatmaya ba\u015flarsa? Ya annesi herkese i\u011fren\u00e7 lahana \u00e7orbas\u0131ndan getirirse? Arkada\u015flar\u0131 Angus ve Eric ise kendi derdindedirler. Asl\u0131nda her biri, ailelerinin tuhaf \u015feyler yapmas\u0131ndan \u00e7ekinmektedirler. \ufffcTan\u0131t\u0131m Metni<\/p>\n","protected":false},"excerpt":{"rendered":"<p>Hay\u0131r, olamaz! Wiglaf\u2019\u0131n anne ve babas\u0131 Aileler G\u00fcn\u00fc i\u00e7in Ejderha Avc\u0131lar\u0131 Okulu\u2019na geliyorlar. Ya babas\u0131 aptalca \u015fakalar\u0131n\u0131 anlatmaya ba\u015flarsa? Ya annesi herkese i\u011fren\u00e7 lahana \u00e7orbas\u0131ndan getirirse?<span class=\"excerpt-hellip\"> [\u2026]<\/span><\/p>\n","protected":false},"featured_media":0,"template":"","meta":{"_monsterinsights_skip_tracking":false,"_monsterinsights_sitenote_active":false,"_monsterinsights_sitenote_note":"","_monsterinsights_sitenote_category":0},"product_brand":[],"product_cat":[12274,12284],"product_tag":[],"class_list":{"0":"post-697403","1":"product","2":"type-product","3":"status-publish","5":"product_cat-cocuk-ve-genclik-kitaplari","6":"product_cat-hikayeler","7":"pa_cilt-ciltsiz","8":"pa_tur-kitap","9":"pa_yayinevi-beyaz-balina-yayinlari","10":"pa_yazar-kate-mcmullan","12":"first","13":"instock","14":"sale","15":"shipping-taxable","16":"purchasable","17":"product-type-simple"},"_links":{"self":[{"href":"https:\/\/roveyayinevi.com.tr\/index.php\/wp-json\/wp\/v2\/product\/697403","targetHints":{"allow":["GET"]}}],"collection":[{"href":"https:\/\/roveyayinevi.com.tr\/index.php\/wp-json\/wp\/v2\/product"}],"about":[{"href":"https:\/\/roveyayinevi.com.tr\/index.php\/wp-json\/wp\/v2\/types\/product"}],"wp:attachment":[{"href":"https:\/\/roveyayinevi.com.tr\/index.php\/wp-json\/wp\/v2\/media?parent=697403"}],"wp:term":[{"taxonomy":"product_brand","embeddable":true,"href":"https:\/\/roveyayinevi.com.tr\/index.php\/wp-json\/wp\/v2\/product_brand?post=697403"},{"taxonomy":"product_cat","embeddable":true,"href":"https:\/\/roveyayinevi.com.tr\/index.php\/wp-json\/wp\/v2\/product_cat?post=697403"},{"taxonomy":"product_tag","embeddable":true,"href":"https:\/\/roveyayinevi.com.tr\/index.php\/wp-json\/wp\/v2\/product_tag?post=697403"}],"curies":[{"name":"wp","href":"https:\/\/api.w.org\/{rel}","templated":true}]}}