{"id":697402,"date":"2025-08-27T14:39:48","date_gmt":"2025-08-27T11:39:48","guid":{"rendered":"https:\/\/roveyayinevi.com.tr\/index.php\/urun\/ada\/"},"modified":"2026-04-16T02:07:13","modified_gmt":"2026-04-15T23:07:13","slug":"ada","status":"publish","type":"product","link":"https:\/\/roveyayinevi.com.tr\/index.php\/urun\/ada\/","title":{"rendered":"Ada"},"content":{"rendered":"<p>Phillip ile annesini ta\u015f\u0131yan gemi batt\u0131\u011f\u0131 zaman, Phillip k\u00f6r olur ve kendini siyah derili ya\u015fl\u0131 bir denizciyle birlikte denizde s\u00fcr\u00fcklenen bir salda bulur. Phillip\u2019in ya\u015fl\u0131 bilge Timothy\u2019e ba\u011f\u0131ml\u0131l\u0131\u011f\u0131 ve onlar\u0131n \u0131ss\u0131z bir adada, yiyeceksiz ve susuz hayatta kalma m\u00fccadelesi, bunu tamamen bir ya\u015fam sava\u015f\u0131 \u00f6yk\u00fcs\u00fc yap\u0131yor. \ufffcTan\u0131t\u0131m Metni<\/p>\n","protected":false},"excerpt":{"rendered":"<p>Phillip ile annesini ta\u015f\u0131yan gemi batt\u0131\u011f\u0131 zaman, Phillip k\u00f6r olur ve kendini siyah derili ya\u015fl\u0131 bir denizciyle birlikte denizde s\u00fcr\u00fcklenen bir salda bulur. Phillip\u2019in ya\u015fl\u0131 bilge<span class=\"excerpt-hellip\"> [\u2026]<\/span><\/p>\n","protected":false},"featured_media":0,"template":"","meta":{"_monsterinsights_skip_tracking":false,"_monsterinsights_sitenote_active":false,"_monsterinsights_sitenote_note":"","_monsterinsights_sitenote_category":0},"product_brand":[],"product_cat":[12274,12284],"product_tag":[],"class_list":{"0":"post-697402","1":"product","2":"type-product","3":"status-publish","5":"product_cat-cocuk-ve-genclik-kitaplari","6":"product_cat-hikayeler","7":"pa_cilt-ciltsiz","8":"pa_tur-kitap","9":"pa_yayinevi-beyaz-balina-yayinlari","10":"pa_yazar-theodore-taylor","12":"first","13":"instock","14":"sale","15":"shipping-taxable","16":"purchasable","17":"product-type-simple"},"_links":{"self":[{"href":"https:\/\/roveyayinevi.com.tr\/index.php\/wp-json\/wp\/v2\/product\/697402","targetHints":{"allow":["GET"]}}],"collection":[{"href":"https:\/\/roveyayinevi.com.tr\/index.php\/wp-json\/wp\/v2\/product"}],"about":[{"href":"https:\/\/roveyayinevi.com.tr\/index.php\/wp-json\/wp\/v2\/types\/product"}],"wp:attachment":[{"href":"https:\/\/roveyayinevi.com.tr\/index.php\/wp-json\/wp\/v2\/media?parent=697402"}],"wp:term":[{"taxonomy":"product_brand","embeddable":true,"href":"https:\/\/roveyayinevi.com.tr\/index.php\/wp-json\/wp\/v2\/product_brand?post=697402"},{"taxonomy":"product_cat","embeddable":true,"href":"https:\/\/roveyayinevi.com.tr\/index.php\/wp-json\/wp\/v2\/product_cat?post=697402"},{"taxonomy":"product_tag","embeddable":true,"href":"https:\/\/roveyayinevi.com.tr\/index.php\/wp-json\/wp\/v2\/product_tag?post=697402"}],"curies":[{"name":"wp","href":"https:\/\/api.w.org\/{rel}","templated":true}]}}