{"id":697401,"date":"2025-08-27T14:39:47","date_gmt":"2025-08-27T11:39:47","guid":{"rendered":"https:\/\/roveyayinevi.com.tr\/index.php\/urun\/biyografi-analiz-cilt-1-tarih-tarihin-islevi-gelecek-gelecegin-insaasi\/"},"modified":"2026-04-16T02:07:13","modified_gmt":"2026-04-15T23:07:13","slug":"biyografi-analiz-cilt-1-tarih-tarihin-islevi-gelecek-gelecegin-insaasi","status":"publish","type":"product","link":"https:\/\/roveyayinevi.com.tr\/index.php\/urun\/biyografi-analiz-cilt-1-tarih-tarihin-islevi-gelecek-gelecegin-insaasi\/","title":{"rendered":"Biyografi Analiz Cilt: 1  Tarih Tarihin \u0130\u015flevi \/ Gelecek Gelece\u011fin \u0130n\u015faas\u0131"},"content":{"rendered":"<p>Say\u0131 1 &#8211; Nisan 2003 Ni\u00e7in Biyografi Analiz? A\u00e7\u0131k Komplo Satran\u00e7 Ustas\u0131 Zbigniew Brzezinski \u0130srail&#8217;in Hamisi Henry Kissinger \u00c7\u0131f\u0131t Kafal\u0131 Teorisyen Samuel Huntington Huntington&#8217;\u0131n Derdi \u0130nan\u00e7 Sistemleri Kuru Kafa George W. Bush Bush&#8217;un gizli tarikat\u0131 Bible-Believing Christians Ba\u015fkan Yard\u0131mc\u0131s\u0131 m\u0131, G\u00f6lge Ba\u015fkan m\u0131? Dick Cheney Rumsfeldlerin Y\u00fczkaras\u0131 Irak Genel Valisi Barbara Bodine Bilinmeyen \u015eahin Karl Rove B\u00fcy\u00fckel\u00e7i Pearson Prototip Bir Diktat\u00f6r Saddam H\u00fcseyin Amerika&#8217;n\u0131n Elinde Patlayan Piyon Usame Bin Ladin ABD&#8217;nin D\u00fcmeni Kimde? Molla M\u0131, Haham m\u0131? Barzaniler Soranilerin \u00d6rg\u00fct\u00fc KYB&#8217;nin Lideri Celal Talabani O Bir \u0130\u015fbirlik\u00e7i Zalmay Halilzad T\u00fcrkmen Cephesi Tek Yumruk \u0130ngiliz+Yahudi Medeniyeti = Emperyaliz \u00c7\u0131naralt\u0131 Entellekt\u00fcel Haf\u0131za Sohbetleri Avrupa&#8217;n\u0131n \u015eans\u0131 Rotterdam \u0130slam \u00dcniversitesi A\u015fk Adam\u0131 Fethi Gemuhluo\u011flu   Say\u0131: 2 \u0130doller Markalar &#8211; K\u00fclt\u00fcr End\u00fcstrisinin Putlar\u0131 Marka Boykot Coca Cola&#8217;n\u0131n Biyografisi Nike, eski Yunan Zafer Tanr\u0131\u00e7as\u0131 ABD D\u0131\u015f Politikas\u0131na Y\u00f6n Veren Markalar K\u00fcresel Markalar Hedef Tahtas\u0131nda No Logo Osmanl\u0131 Boykotlar\u0131 F Klavye&#8217;nin Babas\u0131 \u0130hsan S\u0131tk\u0131 Yener K\u00fclt\u00fcr End\u00fcstrisi Heredot Abi Diziler Model \u00c7iziyor Nurettin Top\u00e7u S\u00f6zl\u00fc Tarih&#8217;imiz Irak T\u00fcrkleri D\u00f6rt Cephede Turgut Cansever ile Seksen Y\u0131l \u00dc\u00e7 hilal&#8217;e Levon Daba\u011fyan Katk\u0131s\u0131 Ajitasyon Filmi Ararat, Tutmad\u0131 \u0130ki Abd\u00fclhamit   Say\u0131: 3 \u0130lk T\u00fcrk Sinemac\u0131s\u0131 \u0130lk T\u00fcrk Sinemac\u0131s\u0131 Fuat Uzk\u0131nay Mutena Uzk\u0131nay-Dr. Mustafa \u00c7etin Liman Pa\u015fa&#8217;n\u0131n be\u015f zorlu y\u0131l\u0131 \/ Yusuf Sungur K\u00fcresel rekabetin merkez \u00fcss\u00fcnde&#8230; \/ Dr. S\u00fcleyman Do\u011fan Ortodoksluk&#8217;tan Mevlana muhipli\u011fine bir yolcu \/ Yaman Dede &#8211; Dr. Yusuf Gedikli Sartre ile Mevlana Fatih ve Hovagim Yebisgobos \/ Levon P. Daba\u011fyan Balzac ve \u0130nsanl\u0131k Komedisi \/ Nazif Tun\u00e7 Ta\u015frada \u00fc\u00e7 foto\u011fraf\u00e7\u0131 \/ Mustafa Nadir \u00d6nay Mehmetler ve Fatmalar \u00fclkesiyiz T\u00fcrkiye K\u00f6yl\u00fc Partisi Genel Ba\u015fkan\u0131 Remzi O\u011fuz Ar\u0131kH\u00fcdavendigar Onur Toplumsal haf\u0131za kayb\u0131 \/ Do\u00e7. Dr. Ayhan B\u0131\u00e7ak Karag\u00f6z&#8217;den \u0130bi\u015f&#8217;e bir tiyatro sevdal\u0131s\u0131 \u00dcnver Oral Be\u015fikta\u015fl\u0131lar Kardelen&#8217;i bilir misiniz? \/ G\u00f6ksel Duyum Eski yazarlara nur ya\u011f\u0131yor \/ Mehmet Nuri Yard\u0131m M\u00fcze evli yazarlar Karikat\u00fcr \/ Ekrem Borazan   Say\u0131: 4 Asaf Halet \u00c7elebi&#8217;yi nas\u0131l tan\u0131d\u0131m? \/ Ergun G\u00f6ze Ali Fuat Ba\u015fgil \/ Yusuf Sungur II.Abd\u00fclhamid Han&#8217;dan Hitler&#8217;e uzanan ili\u015fkileriyle Knut Hamsun \/ Mehmet Uyar Pu\u015fkin&#8217;in dini bilincinin olu\u015fmas\u0131nda Do\u011fu&#8217;nun etkisi \/ Vladimir Kazarin Pu\u015fkin ve \u0130slamiyet \/ Dr.S\u00fcleyman Do\u011fan Rus edebiyat\u0131n\u0131n kurucusu Pu\u015fkin \/ Be\u015fir Ayvazo\u011flu Co\u015fkun Karakaya \/ H\u00fcdavendigar Onur Yeni ba\u015ftan &#8216;Kerem&#8217;in yand\u0131\u011f\u0131n\u0131n resmidir&#8217; \/ Sadettin Kaplan \u0130brahimler&#8217;in en harikas\u0131 \u0130brahim Harikases Orhan U\u011fur&#8230; At Yar\u0131\u015f\u0131 Yazarlar\u0131 Derne\u011fi Ba\u015fkan\u0131 Nusret \u00d6zcan: &#8216;\u0130stanbul benim kaderim&#8217; Cavit Bey&#8217;in J\u00f6nt\u00fcrk Hareketine giri\u015fi \/ Nazmi Ero\u011flu Cavit Bey&#8217;in hazin sonu \/ Nazmi Ero\u011flu Macar H\u00fcrriyet sava\u015f\u00e7\u0131s\u0131 Sandor Pet\u00f6fi \/ Dr.Yusuf Gedikli Ekrem Hakk\u0131 Ayverdi \/ M.Nuri Yard\u0131m Bat\u0131 aktarmac\u0131l\u0131\u011f\u0131na kar\u015f\u0131 bir sosyolog Baykan Sezer \/ Mustafa Odaba\u015f\u0131 G\u00fcney&#8217;de k\u00fclt\u00fcr&#8217;e adanan \u00f6m\u00fcr \/ Mehmet Tekin Anti-k\u00fcresel hareket Adbusters ve lideri Kalle Lasn \/ Dr. S\u00fcleyman Do\u011fan \u0130lk filmimiz: Ayastofanos&#8217;ta Rus Abidesi&#8217;nin Y\u0131k\u0131l\u0131\u015f\u0131 \/ Dr.Mustafa \u00c7etin Matematik\u00e7i Kerim Bey ile Einstein g\u00f6r\u00fc\u015fmesi \/ Osman Bahad\u0131r Ben Japonyadayken Nimet Ekrekli Zeki Velidi Lenin&#8217;e sordu \/ Mustafa Nadir \u00d6nay Biyografi eserleri kaynak\u00e7as\u0131   Say\u0131: 6 : Taktikler \u0130\u00e7inde Bir Stratejist Onba\u015f\u0131 Arif S\u00f6nmez\u0131\u015f\u0131k&#8217;\u0131n hat\u0131ralar\u0131 T\u00fcrkistan Ate\u015fi &#8211; Prof. Dr. Emine G\u00fcrsoy Naskali Cercle d&#8217; Orient B\u00fcy\u00fck Kul\u00fcp &#8211; Muammer G\u00f6k\u00e7in Yurtsuz G\u00f6\u00e7men &#8211; Stefan Zweig &#8211; \u0130slam Gemici Erol G\u00fcng\u00f6r H\u00fcdavendigar Onur Sanat ve Edebiyat Hayat\u0131m &#8211; Mustafa Miyaso\u011flu \u0130hsan Kurt&#8217;un Eserleri &#8211; Muhsin \u0130lyas Suba\u015f\u0131 Osmanl\u0131 \u0130mparatorlu\u011fu&#8217;nun \u0130ktisadi Tarihi &#8211; O\u011fuz Ceylan Mahir Kaynak&#8217;\u0131n k\u0131z\u0131 Do\u00e7. Dr. deniz \u00dclke Ar\u0131bo\u011fan&#8230;\u0130kiz Kule&#8217;yi &#8216;g\u00f6ren&#8217; g\u00f6z Taktikler i\u00e7inde bir stratejist &#8211; Mahir Kaynak \u00dclke ve L\u00fctfi Ar\u0131bo\u011fanR\u00f6portaj &#8211; Bilgehan Can Dev Adam Dergisi Pop\u00fcler tarih tezleri \u00fczerine felsefi inceleme denemesi &#8211; \u00dcmti \u0130smailo\u011flu Graham Fuller ve Ian Lesser&#8217;in Ehlile\u015ftirme projesi &#8211; Prof. Dr. Ramazan \u00d6zey Hala Tarihin Sonunday\u0131z &#8211; Francis Fukuyama Bush &#8216;Bar\u0131\u015f Adam&#8217; olabilecek mi? &#8211; Hakan Y\u0131lmaz \u00c7ebi Hepimiz Ayn\u0131 Suda Y\u00fcz\u00fcyoruz &#8211; Edward Said M\u00f6sy\u00f6 Djuvara&#8217;n\u0131n g\u00fcn\u00fcm\u00fcze \u0131\u015f\u0131k tutan eseri &#8216;T\u00fcrkiye&#8217;nin Payla\u015f\u0131lmas\u0131 Hakk\u0131nda Y\u00fcz Proje&#8217; T\u00fcrkiye&#8217;yi Par\u00e7alamaya Giri\u015f Altaylar&#8217;da bir kartal \u00c7oros Gurkin &#8211; \u0130slam Gemici As\u0131rl\u0131k Kalem Ferit Rag\u0131p Tuncor \u2013 M. Nuri Yard\u0131m Er Ki\u015fi Niyetine Recep Yaz\u0131c\u0131o\u011flu &#8211; S\u00fcleyman Do\u011fanDr.Ali Kemal Belviranl\u0131   Say\u0131: 7: Dervi\u015f&#8217;in Partileri Bahaettin Karako\u00e7 ya da doruklarda ba\u011fda\u015f kurmak &#8211; Abdullavahap Akba\u015f Sovyetler Birli\u011fi&#8217;nde Sonun Ba\u015flang\u0131c\u0131: Aral\u0131k Olaylar\u0131 ve Dinmuhammed Konayev Yrd.Do\u00e7.Dr. Abdullavahap Kara Do\u011fu T\u00fcrkistan davas\u0131nda Hac\u0131 Yakup Anat &#8211; Ahmet Almaz Atilla Akar komplo art\u0131k hayat\u0131n kendisi Hz. Muhammed&#8217;in Yakarmas\u0131 Rainer Marie Rilke \u00c7eviren Turan Oflazo\u011flu Alman K\u00fclt\u00fcr\u00fcnde T\u00fcrk \u0130mgesi &#8211; H\u00fcdavendigar Onur Asimov ve g\u00fcn\u00fcm\u00fcz bilimkurgusu &#8211; \u0130slam Gemici Dervi\u015f&#8217;in Partileri &#8211; Mahmut \u00c7etin Dosya &#8211; Yeniden Yerli D\u00fc\u015f\u00fcnce Kitapl\u0131k \u00e7apta bir d\u00fc\u015f\u00fcn\u00fcr &#8211; Hilmi Ziya \u00dclken Ergun G\u00f6ze &#8211; Mustafa Miyaso\u011flu Tuncer Baykara &#8211; Mustafa Nadir \u00d6nay Kemal Tahir &#8211; \u00dcmit \u0130smailo\u011flu Mehmet Niyazi A\u011fabey&#8217;e Vefa &#8211; Veli \u015eirin Bir T\u00fcrk m\u00fcnevveri olarak Mehmet Niyazi portresi &#8211; Olcay Yaz\u0131c\u0131 Tarihi Roman: \u00dc\u00e7\u00fcnc\u00fc Ok \u015eerif Mardin: &#8220;\u0130slam s\u00f6yleminin AKP i\u00e7in i\u015flevi do\u011frudan bir i\u015flev de\u011fil&#8221; &#8211; Ru\u015fen \u00c7ak\u0131r Milliyet\u00e7ilik ve MHP &#8211; Taha Akyol D\u00fcndar Ta\u015fer &#8220;Vatan, milli mukaddesat\u0131n korundu\u011fu yerdir&#8221; &#8211; H\u00fcdavendigar Onur Azerbaycan&#8217;da 2. Aliyev d\u00f6nemi Dr. S\u00fcleyman Do\u011fan T\u00fcrker Acaro\u011flu &#8216;ar\u015fiv olmadan asla&#8217; &#8211; Mehmet Nuri Yard\u0131m Aliya \u0130zzetbegovi\u00e7 Bosna liderini kaybetti &#8211; Mahmut \u00c7etin<\/p>\n","protected":false},"excerpt":{"rendered":"<p>Say\u0131 1 &#8211; Nisan 2003 Ni\u00e7in Biyografi Analiz? A\u00e7\u0131k Komplo Satran\u00e7 Ustas\u0131 Zbigniew Brzezinski \u0130srail&#8217;in Hamisi Henry Kissinger \u00c7\u0131f\u0131t Kafal\u0131 Teorisyen Samuel Huntington Huntington&#8217;\u0131n Derdi \u0130nan\u00e7<span class=\"excerpt-hellip\"> [\u2026]<\/span><\/p>\n","protected":false},"featured_media":0,"template":"","meta":{"_monsterinsights_skip_tracking":false,"_monsterinsights_sitenote_active":false,"_monsterinsights_sitenote_note":"","_monsterinsights_sitenote_category":0},"product_brand":[],"product_cat":[14009,12291],"product_tag":[],"class_list":{"0":"post-697401","1":"product","2":"type-product","3":"status-publish","5":"product_cat-biyografi-otobiyografi-edebiyat","6":"product_cat-edebiyat","7":"pa_cilt-ciltsiz","8":"pa_tur-kitap","9":"pa_yayinevi-biyografi-net-yayincilik","10":"pa_yazar-kolektif","12":"first","13":"instock","14":"sale","15":"shipping-taxable","16":"purchasable","17":"product-type-simple"},"_links":{"self":[{"href":"https:\/\/roveyayinevi.com.tr\/index.php\/wp-json\/wp\/v2\/product\/697401","targetHints":{"allow":["GET"]}}],"collection":[{"href":"https:\/\/roveyayinevi.com.tr\/index.php\/wp-json\/wp\/v2\/product"}],"about":[{"href":"https:\/\/roveyayinevi.com.tr\/index.php\/wp-json\/wp\/v2\/types\/product"}],"wp:attachment":[{"href":"https:\/\/roveyayinevi.com.tr\/index.php\/wp-json\/wp\/v2\/media?parent=697401"}],"wp:term":[{"taxonomy":"product_brand","embeddable":true,"href":"https:\/\/roveyayinevi.com.tr\/index.php\/wp-json\/wp\/v2\/product_brand?post=697401"},{"taxonomy":"product_cat","embeddable":true,"href":"https:\/\/roveyayinevi.com.tr\/index.php\/wp-json\/wp\/v2\/product_cat?post=697401"},{"taxonomy":"product_tag","embeddable":true,"href":"https:\/\/roveyayinevi.com.tr\/index.php\/wp-json\/wp\/v2\/product_tag?post=697401"}],"curies":[{"name":"wp","href":"https:\/\/api.w.org\/{rel}","templated":true}]}}