{"id":697400,"date":"2025-08-27T14:39:47","date_gmt":"2025-08-27T11:39:47","guid":{"rendered":"https:\/\/roveyayinevi.com.tr\/index.php\/urun\/yok-edici-2\/"},"modified":"2026-03-16T11:54:24","modified_gmt":"2026-03-16T08:54:24","slug":"yok-edici-2","status":"publish","type":"product","link":"https:\/\/roveyayinevi.com.tr\/index.php\/urun\/yok-edici-2\/","title":{"rendered":"Yok Edici"},"content":{"rendered":"<p>Burroughs bu deneysel, mozai\u011fimsi romanda yine \u015fiddetin anatomisini ve uygarl\u0131\u011f\u0131n kirli haritas\u0131n\u0131 \u00e7\u0131kar\u0131yor. D\u00fcnyay\u0131 ya\u015fanmaz bir hale getiren b\u00fct\u00fcn iktidar odaklar\u0131na, \u0131rk\u00e7\u0131l\u0131\u011fa, vah\u015fi kapitalizme, ataerkil hegemoniye ac\u0131mas\u0131z bir \u015fekilde sald\u0131r\u0131rken, anlat\u0131\u015f \u015fekliyle de sars\u0131c\u0131 ve ayk\u0131r\u0131 bir dil yarat\u0131yor. Amerika\u2019n\u0131n vah\u015fi tarihiyle, K\u0131z\u0131lderililer\u2019e, Vietnaml\u0131lar\u2019a, siyahlara, e\u015fcinsellere ve di\u011ferlerine uygulanan \u015fiddetle en korkusuzca y\u00fczle\u015fen Amerikal\u0131 yazarlardan biri olan Burroughs tarihi ve gelece\u011fi bir daha d\u00fc\u015f\u00fcnmenizi sa\u011flayacak. <\/p>\n","protected":false},"excerpt":{"rendered":"<p>Burroughs bu deneysel, mozai\u011fimsi romanda yine \u015fiddetin anatomisini ve uygarl\u0131\u011f\u0131n kirli haritas\u0131n\u0131 \u00e7\u0131kar\u0131yor. D\u00fcnyay\u0131 ya\u015fanmaz bir hale getiren b\u00fct\u00fcn iktidar odaklar\u0131na, \u0131rk\u00e7\u0131l\u0131\u011fa, vah\u015fi kapitalizme, ataerkil hegemoniye<span class=\"excerpt-hellip\"> [\u2026]<\/span><\/p>\n","protected":false},"featured_media":0,"template":"","meta":{"_monsterinsights_skip_tracking":false,"_monsterinsights_sitenote_active":false,"_monsterinsights_sitenote_note":"","_monsterinsights_sitenote_category":0},"product_brand":[],"product_cat":[12891,12291],"product_tag":[],"class_list":{"0":"post-697400","1":"product","2":"type-product","3":"status-publish","5":"product_cat-amerikan-edebiyati","6":"product_cat-edebiyat","7":"pa_cilt-ciltsiz","8":"pa_tur-kitap","9":"pa_yayinevi-ayrinti-yayinlari","10":"pa_yazar-william-s-burroughs","12":"first","13":"instock","14":"sale","15":"shipping-taxable","16":"purchasable","17":"product-type-simple"},"_links":{"self":[{"href":"https:\/\/roveyayinevi.com.tr\/index.php\/wp-json\/wp\/v2\/product\/697400","targetHints":{"allow":["GET"]}}],"collection":[{"href":"https:\/\/roveyayinevi.com.tr\/index.php\/wp-json\/wp\/v2\/product"}],"about":[{"href":"https:\/\/roveyayinevi.com.tr\/index.php\/wp-json\/wp\/v2\/types\/product"}],"wp:attachment":[{"href":"https:\/\/roveyayinevi.com.tr\/index.php\/wp-json\/wp\/v2\/media?parent=697400"}],"wp:term":[{"taxonomy":"product_brand","embeddable":true,"href":"https:\/\/roveyayinevi.com.tr\/index.php\/wp-json\/wp\/v2\/product_brand?post=697400"},{"taxonomy":"product_cat","embeddable":true,"href":"https:\/\/roveyayinevi.com.tr\/index.php\/wp-json\/wp\/v2\/product_cat?post=697400"},{"taxonomy":"product_tag","embeddable":true,"href":"https:\/\/roveyayinevi.com.tr\/index.php\/wp-json\/wp\/v2\/product_tag?post=697400"}],"curies":[{"name":"wp","href":"https:\/\/api.w.org\/{rel}","templated":true}]}}