{"id":697398,"date":"2025-08-27T14:39:47","date_gmt":"2025-08-27T11:39:47","guid":{"rendered":"https:\/\/roveyayinevi.com.tr\/index.php\/urun\/s-ahmet-arvasi-kronolojisi\/"},"modified":"2026-04-16T02:07:13","modified_gmt":"2026-04-15T23:07:13","slug":"s-ahmet-arvasi-kronolojisi","status":"publish","type":"product","link":"https:\/\/roveyayinevi.com.tr\/index.php\/urun\/s-ahmet-arvasi-kronolojisi\/","title":{"rendered":"S. Ahmet Arvasi Kronolojisi"},"content":{"rendered":"<p>Bu milletin en b\u00fcy\u00fck \u00f6zemi nedir, biliyor musunuz? Ben s\u00f6yleyeyim: Yabanc\u0131la\u015fmadan \u00e7a\u011fda\u015fla\u015fmak. Evet, ger\u00e7ekten milletimiz, as\u0131rlar\u0131d\u0131r, b\u00fct\u00fcn kalbiyle bunu istemektedir. Yani bu millet demek istemektedir ki, hem M\u00fcsl\u00fcman olmak, hem T\u00fcrk kalmak, hem de medeniyet yar\u0131\u015f\u0131nda en \u00f6nde bulunmak m\u00fcmk\u00fcnd\u00fcr. Bunlar birbirine z\u0131t d\u00fc\u015fen \u00f6zellikler de\u011fil aksine \u00e7a\u011fda\u015f T\u00fcrk-\u0130slam Medeniyetinin yeniden do\u011fu\u015funu ger\u00e7ekle\u015ftirecek \u015fartlard\u0131r. T\u00fcrk Milleti, kendi k\u00f6k\u00fcnden kopmadan, kendi k\u00fclt\u00fcr ve medeniyetinin de\u011ferlerini kaybetmeden, \u00e7ok g\u00fc\u00e7l\u00fc bir te\u015fkilatlanma ve kadrola\u015fma ile yine d\u00fcnyan\u0131n bir numaral\u0131 devleti olabilece\u011fini \u00fcmit etmekte ve bunun i\u00e7in direnmekte ve sava\u015fmaktad\u0131r. Bu milleti art\u0131k anlamak gerekir. \ufffcTan\u0131t\u0131m Metni<\/p>\n","protected":false},"excerpt":{"rendered":"<p>Bu milletin en b\u00fcy\u00fck \u00f6zemi nedir, biliyor musunuz? Ben s\u00f6yleyeyim: Yabanc\u0131la\u015fmadan \u00e7a\u011fda\u015fla\u015fmak. Evet, ger\u00e7ekten milletimiz, as\u0131rlar\u0131d\u0131r, b\u00fct\u00fcn kalbiyle bunu istemektedir. Yani bu millet demek istemektedir ki,<span class=\"excerpt-hellip\"> [\u2026]<\/span><\/p>\n","protected":false},"featured_media":0,"template":"","meta":{"_monsterinsights_skip_tracking":false,"_monsterinsights_sitenote_active":false,"_monsterinsights_sitenote_note":"","_monsterinsights_sitenote_category":0},"product_brand":[],"product_cat":[12304,13650],"product_tag":[],"class_list":{"0":"post-697398","1":"product","2":"type-product","3":"status-publish","5":"product_cat-tarih","6":"product_cat-turk-tarihi-arastirmalari","7":"pa_cilt-ciltsiz","8":"pa_tur-kitap","9":"pa_yayinevi-biyografi-net-yayincilik","10":"pa_yazar-hudavendigar-onur","12":"first","13":"instock","14":"sale","15":"shipping-taxable","16":"purchasable","17":"product-type-simple"},"_links":{"self":[{"href":"https:\/\/roveyayinevi.com.tr\/index.php\/wp-json\/wp\/v2\/product\/697398","targetHints":{"allow":["GET"]}}],"collection":[{"href":"https:\/\/roveyayinevi.com.tr\/index.php\/wp-json\/wp\/v2\/product"}],"about":[{"href":"https:\/\/roveyayinevi.com.tr\/index.php\/wp-json\/wp\/v2\/types\/product"}],"wp:attachment":[{"href":"https:\/\/roveyayinevi.com.tr\/index.php\/wp-json\/wp\/v2\/media?parent=697398"}],"wp:term":[{"taxonomy":"product_brand","embeddable":true,"href":"https:\/\/roveyayinevi.com.tr\/index.php\/wp-json\/wp\/v2\/product_brand?post=697398"},{"taxonomy":"product_cat","embeddable":true,"href":"https:\/\/roveyayinevi.com.tr\/index.php\/wp-json\/wp\/v2\/product_cat?post=697398"},{"taxonomy":"product_tag","embeddable":true,"href":"https:\/\/roveyayinevi.com.tr\/index.php\/wp-json\/wp\/v2\/product_tag?post=697398"}],"curies":[{"name":"wp","href":"https:\/\/api.w.org\/{rel}","templated":true}]}}